{"id":3034,"date":"2019-11-17T17:58:19","date_gmt":"2019-11-17T15:58:19","guid":{"rendered":"https:\/\/www.nokiankylat.fi\/taivalkunta\/?page_id=3034"},"modified":"2019-12-07T18:06:28","modified_gmt":"2019-12-07T16:06:28","slug":"nu-15-11-2019","status":"publish","type":"page","link":"https:\/\/www.nokiankylat.fi\/taivalkunta\/kuvat\/lehtileikkeita\/lehtileikkeita-2019\/nu-15-11-2019\/","title":{"rendered":"NU 15-11-2019"},"content":{"rendered":"<p>Kolumni on julkaistu Nokian Uutisissa<\/p>\n<h1>Anni-mummu ja kolmas sukupolvi<\/h1>\n<h4>&#8221;Nyt on h\u00e4nen vuoronsa auttaa arjen askareissa&#8221;<\/h4>\n<p><img decoding=\"async\" src=\"https:\/\/d1ddzfo1d7bgrb.cloudfront.net\/nokianuutiset\/869ad334-ba03-50be-9550-00e5f81b6147-320x180.jpg\" alt=\"Olli Sorva\" \/><\/p>\n<p>15.11.2019 Olli Sorva<\/p>\n<h3>Kirjoittaja on positiivisella asenteella varustettu yritt\u00e4j\u00e4<\/h3>\n<p>&nbsp;<\/p>\n<p>Olen aiemmin kirjoittanut, miten lapset ovat mielell\u00e4\u00e4n mummunsa, pappansa tai naapurin vanhusten seurassa. Kolmannen sektorin t\u00e4rkeydest\u00e4 puhutaan, mutta harvoin tulee esiin kolmas sukupolvi, vaikka sen merkitys on monesti jopa suurempi.<\/p>\n<p>Kyl\u00e4yhteis\u00f6t toimivat itsen\u00e4isesti, auttavat ja helpottavat kuntataloutta. Tuottavat ihmisille hyvinvointia ja tasapainoista el\u00e4m\u00e4\u00e4. Toisinaan n\u00e4ytt\u00e4\u00e4 silt\u00e4, ett\u00e4 keskustan asukkaat ja kuntap\u00e4\u00e4tt\u00e4j\u00e4t eiv\u00e4t ehk\u00e4 aina ymm\u00e4rr\u00e4 kokonaisuutta.<\/p>\n<p>Saattaa olla, ett\u00e4 keskusta-alueellakin toteutuu perinteinen suurperhe-elo eli monen sukupolven yhdess\u00e4olo ja vanhusten hoito. Voisi kuitenkin olettaa, ett\u00e4 kyl\u00e4yhteis\u00f6iss\u00e4 se toimii luontevammin. Kolmannen sukupolven apu on kaupungin kannalta hyvin halpaa, jopa ilmaista.<\/p>\n<p>Sain taas yhden varmistuksen Taivalkunnan kyl\u00e4yhteis\u00f6n toimivuudesta, kun minulla oli tilaisuus k\u00e4yd\u00e4 kuuntelemassa 94-vuotiaan Anni-mummun tarinointia. Iltap\u00e4iv\u00e4kahvilla h\u00e4nen luonaan oli paikalla my\u00f6s lapsenlapsensa, jo yli 40-vuotias, ja nelj\u00e4skin sukupolvi on jo teini-i\u00e4ss\u00e4. Perheen\u00e4iti, t\u00e4m\u00e4n mummun lapsenlapsi, asuu naapurissa ja piipahtaa p\u00e4ivitt\u00e4in ty\u00f6st\u00e4 tullessaan mummunsa luona. Molemmat heist\u00e4 tunnen vuosien takaa, mutta silti heid\u00e4n yst\u00e4vyyssuhteensa syvyys melkeinp\u00e4 yll\u00e4tti minut.<\/p>\n<p>Taltioin Anni-mummun muistelmia tulevaa kirjaani varten ja ilta kului hyvin l\u00e4mminhenkisesti. Anni kertoi, miten suuri apu ja ennen kaikkea turva lapsenlapsesta h\u00e4nelle on, kun yksin el\u00e4\u00e4 kotitalossaan. Kodinhoitajan apua h\u00e4n tarvitsee paljon v\u00e4hemm\u00e4n, kun oma lapsi ja lapsenlapsi asuvat naapurissa, vaikkakin omissa taloissaan.<\/p>\n<p>\u00c4idin l\u00e4mminhenkinen kertomus mummustaan ja yhdess\u00e4 tekemisist\u00e4\u00e4n antoi ajattelemisen aihetta. H\u00e4n kertoi, kuinka h\u00e4nen pienen\u00e4 ollessaan mummu hoiti h\u00e4nt\u00e4 paljon omien vanhempiensa ollessa t\u00f6iss\u00e4. Nyt on h\u00e4nen vuoronsa auttaa mummuaan arjen askareissa. H\u00e4n viel\u00e4 lis\u00e4si: \u201dKun arjen hektisyys v\u00e4lill\u00e4 painaa liikaa p\u00e4\u00e4lle, silloin kipaisen mummun luokse naapuriin ja istuudun siihen samaan keinutuoliin miss\u00e4 minulla oli jo lapsena tapana istua. Tuo paikka rauhoittaa heti mieleni ja vie minut hetkeksi ajassa taaksep\u00e4in.\u201d<\/p>\n<p>Toivottavasti t\u00e4m\u00e4n esimerkkitapauksen kaltainen sukupolvien v\u00e4linen yst\u00e4vyys s\u00e4ilyy osana suomalaisuutta ja nokialaisuutta tulevina vuosikymmenin\u00e4.<\/p>\n","protected":false},"excerpt":{"rendered":"<p>Kolumni on julkaistu Nokian Uutisissa Anni-mummu ja kolmas sukupolvi &#8221;Nyt on h\u00e4nen vuoronsa auttaa arjen askareissa&#8221; 15.11.2019 Olli Sorva Kirjoittaja on positiivisella asenteella varustettu yritt\u00e4j\u00e4 &nbsp; Olen aiemmin kirjoittanut, miten lapset ovat mielell\u00e4\u00e4n mummunsa, pappansa tai naapurin vanhusten seurassa. Kolmannen sektorin t\u00e4rkeydest\u00e4 puhutaan, mutta harvoin tulee esiin kolmas sukupolvi, vaikka sen merkitys on monesti jopa &hellip; <a href=\"https:\/\/www.nokiankylat.fi\/taivalkunta\/kuvat\/lehtileikkeita\/lehtileikkeita-2019\/nu-15-11-2019\/\">Jatkuu<\/a><\/p>\n","protected":false},"author":4,"featured_media":0,"parent":2841,"menu_order":0,"comment_status":"closed","ping_status":"closed","template":"","meta":{"_acf_changed":false,"footnotes":""},"class_list":["post-3034","page","type-page","status-publish","hentry"],"acf":[],"_links":{"self":[{"href":"https:\/\/www.nokiankylat.fi\/taivalkunta\/wp-json\/wp\/v2\/pages\/3034","targetHints":{"allow":["GET"]}}],"collection":[{"href":"https:\/\/www.nokiankylat.fi\/taivalkunta\/wp-json\/wp\/v2\/pages"}],"about":[{"href":"https:\/\/www.nokiankylat.fi\/taivalkunta\/wp-json\/wp\/v2\/types\/page"}],"author":[{"embeddable":true,"href":"https:\/\/www.nokiankylat.fi\/taivalkunta\/wp-json\/wp\/v2\/users\/4"}],"replies":[{"embeddable":true,"href":"https:\/\/www.nokiankylat.fi\/taivalkunta\/wp-json\/wp\/v2\/comments?post=3034"}],"version-history":[{"count":2,"href":"https:\/\/www.nokiankylat.fi\/taivalkunta\/wp-json\/wp\/v2\/pages\/3034\/revisions"}],"predecessor-version":[{"id":3036,"href":"https:\/\/www.nokiankylat.fi\/taivalkunta\/wp-json\/wp\/v2\/pages\/3034\/revisions\/3036"}],"up":[{"embeddable":true,"href":"https:\/\/www.nokiankylat.fi\/taivalkunta\/wp-json\/wp\/v2\/pages\/2841"}],"wp:attachment":[{"href":"https:\/\/www.nokiankylat.fi\/taivalkunta\/wp-json\/wp\/v2\/media?parent=3034"}],"curies":[{"name":"wp","href":"https:\/\/api.w.org\/{rel}","templated":true}]}}