{"id":3068,"date":"2019-12-13T19:11:05","date_gmt":"2019-12-13T17:11:05","guid":{"rendered":"https:\/\/www.nokiankylat.fi\/taivalkunta\/?page_id=3068"},"modified":"2019-12-22T15:55:26","modified_gmt":"2019-12-22T13:55:26","slug":"kutsu-joululauluihin-2019","status":"publish","type":"page","link":"https:\/\/www.nokiankylat.fi\/taivalkunta\/yhdistykset\/taivalkunnan-kylat-ry\/kylayhdistyksen-arkisto\/kylakirjeet\/kylakirjeet-2019\/kutsu-joululauluihin-2019\/","title":{"rendered":"Kutsu joululauluihin 2019"},"content":{"rendered":"<p>Perinteiset koko kyl\u00e4n yhteiset joululaulut lauletaan 22.10 kello 18 alkaen. T\u00e4n\u00e4 vuonna mukana tilaisuudessa on klovnien, Trio Federico, esitys. T\u00e4m\u00e4 on luonteeltaan kokoperheen tilaisuus ja v\u00e4liajalla kyl\u00e4yhdistys tarjoaa gl\u00f6git.<\/p>\n<p><a href=\"https:\/\/www.nokiankylat.fi\/taivalkunta\/wp-content\/uploads\/sites\/11\/2019\/12\/2019-12-13-e1576256693301.png\"><img loading=\"lazy\" decoding=\"async\" class=\"alignnone size-medium wp-image-3067\" src=\"https:\/\/www.nokiankylat.fi\/taivalkunta\/wp-content\/uploads\/sites\/11\/2019\/12\/2019-12-13-e1576256693301-211x300.png\" alt=\"\" width=\"211\" height=\"300\" srcset=\"https:\/\/www.nokiankylat.fi\/taivalkunta\/wp-content\/uploads\/sites\/11\/2019\/12\/2019-12-13-e1576256693301-211x300.png 211w, https:\/\/www.nokiankylat.fi\/taivalkunta\/wp-content\/uploads\/sites\/11\/2019\/12\/2019-12-13-e1576256693301.png 521w\" sizes=\"auto, (max-width: 211px) 100vw, 211px\" \/><\/a><\/p>\n<p>Tervetuloa mukaan nauttimaan mukavasta illasta.<\/p>\n","protected":false},"excerpt":{"rendered":"<p>Perinteiset koko kyl\u00e4n yhteiset joululaulut lauletaan 22.10 kello 18 alkaen. T\u00e4n\u00e4 vuonna mukana tilaisuudessa on klovnien, Trio Federico, esitys. T\u00e4m\u00e4 on luonteeltaan kokoperheen tilaisuus ja v\u00e4liajalla kyl\u00e4yhdistys tarjoaa gl\u00f6git. Tervetuloa mukaan nauttimaan mukavasta illasta.<\/p>\n","protected":false},"author":4,"featured_media":0,"parent":2766,"menu_order":0,"comment_status":"closed","ping_status":"closed","template":"","meta":{"_acf_changed":false,"footnotes":""},"class_list":["post-3068","page","type-page","status-publish","hentry"],"acf":[],"_links":{"self":[{"href":"https:\/\/www.nokiankylat.fi\/taivalkunta\/wp-json\/wp\/v2\/pages\/3068","targetHints":{"allow":["GET"]}}],"collection":[{"href":"https:\/\/www.nokiankylat.fi\/taivalkunta\/wp-json\/wp\/v2\/pages"}],"about":[{"href":"https:\/\/www.nokiankylat.fi\/taivalkunta\/wp-json\/wp\/v2\/types\/page"}],"author":[{"embeddable":true,"href":"https:\/\/www.nokiankylat.fi\/taivalkunta\/wp-json\/wp\/v2\/users\/4"}],"replies":[{"embeddable":true,"href":"https:\/\/www.nokiankylat.fi\/taivalkunta\/wp-json\/wp\/v2\/comments?post=3068"}],"version-history":[{"count":3,"href":"https:\/\/www.nokiankylat.fi\/taivalkunta\/wp-json\/wp\/v2\/pages\/3068\/revisions"}],"predecessor-version":[{"id":3117,"href":"https:\/\/www.nokiankylat.fi\/taivalkunta\/wp-json\/wp\/v2\/pages\/3068\/revisions\/3117"}],"up":[{"embeddable":true,"href":"https:\/\/www.nokiankylat.fi\/taivalkunta\/wp-json\/wp\/v2\/pages\/2766"}],"wp:attachment":[{"href":"https:\/\/www.nokiankylat.fi\/taivalkunta\/wp-json\/wp\/v2\/media?parent=3068"}],"curies":[{"name":"wp","href":"https:\/\/api.w.org\/{rel}","templated":true}]}}