{"id":3104,"date":"2019-12-21T13:38:45","date_gmt":"2019-12-21T11:38:45","guid":{"rendered":"https:\/\/www.nokiankylat.fi\/taivalkunta\/?page_id=3104"},"modified":"2019-12-21T13:39:32","modified_gmt":"2019-12-21T11:39:32","slug":"taivalkunta-kylalaisten-kertomana","status":"publish","type":"page","link":"https:\/\/www.nokiankylat.fi\/taivalkunta\/yhdistykset\/taivalkunnan-kylat-ry\/taivalkunta-kylalaisten-kertomana\/","title":{"rendered":"Taivalkunta kyl\u00e4l\u00e4isten kertomana"},"content":{"rendered":"<p>Tein \u201dTaivalkunta kyl\u00e4l\u00e4isten kertomana\u201d tarinateoksen. Se on A4 kokoinen ja 170 sivuinen kirja. Kirjassa on tarinoita kyl\u00e4st\u00e4 ja kyl\u00e4l\u00e4isist\u00e4 sadan vuoden ajalta. Tein kirjan omakustanteisesti ja sit\u00e4 on minulla myynniss\u00e4 30,- euroa\/kpl. Kirjan voi ostaa my\u00f6s yritykseni (Nokian S\u00e4hk\u00f6talo Oy) kautta. Annan mielell\u00e4ni lis\u00e4tietoa teoksesta ja sen taustoista.<\/p>\n<p>Toimin Taivalkunnan kyl\u00e4t ry:n puheenjohtajana, joten kirjaa voi kysell\u00e4 my\u00f6s sit\u00e4 kautta. Minut tavoittaa s\u00e4hk\u00f6postitse <a>olli.sorva@nokiansahkotalo.fi\u00a0<\/a><\/p>\n<p>T\u00e4ss\u00e4 kirjan saatteeksi sivu.<\/p>\n<p><a href=\"https:\/\/www.nokiankylat.fi\/taivalkunta\/wp-content\/uploads\/sites\/11\/2019\/12\/2019-12-21-e1576928231579.png\"><img loading=\"lazy\" decoding=\"async\" class=\"alignnone size-medium wp-image-3105\" src=\"https:\/\/www.nokiankylat.fi\/taivalkunta\/wp-content\/uploads\/sites\/11\/2019\/12\/2019-12-21-e1576928231579-218x300.png\" alt=\"\" width=\"218\" height=\"300\" srcset=\"https:\/\/www.nokiankylat.fi\/taivalkunta\/wp-content\/uploads\/sites\/11\/2019\/12\/2019-12-21-e1576928231579-218x300.png 218w, https:\/\/www.nokiankylat.fi\/taivalkunta\/wp-content\/uploads\/sites\/11\/2019\/12\/2019-12-21-e1576928231579.png 547w\" sizes=\"auto, (max-width: 218px) 100vw, 218px\" \/><\/a><\/p>\n<p>&nbsp;<\/p>\n","protected":false},"excerpt":{"rendered":"<p>Tein \u201dTaivalkunta kyl\u00e4l\u00e4isten kertomana\u201d tarinateoksen. Se on A4 kokoinen ja 170 sivuinen kirja. Kirjassa on tarinoita kyl\u00e4st\u00e4 ja kyl\u00e4l\u00e4isist\u00e4 sadan vuoden ajalta. Tein kirjan omakustanteisesti ja sit\u00e4 on minulla myynniss\u00e4 30,- euroa\/kpl. Kirjan voi ostaa my\u00f6s yritykseni (Nokian S\u00e4hk\u00f6talo Oy) kautta. Annan mielell\u00e4ni lis\u00e4tietoa teoksesta ja sen taustoista. Toimin Taivalkunnan kyl\u00e4t ry:n puheenjohtajana, joten kirjaa &hellip; <a href=\"https:\/\/www.nokiankylat.fi\/taivalkunta\/yhdistykset\/taivalkunnan-kylat-ry\/taivalkunta-kylalaisten-kertomana\/\">Jatkuu<\/a><\/p>\n","protected":false},"author":4,"featured_media":0,"parent":43,"menu_order":0,"comment_status":"closed","ping_status":"closed","template":"","meta":{"_acf_changed":false,"footnotes":""},"class_list":["post-3104","page","type-page","status-publish","hentry"],"acf":[],"_links":{"self":[{"href":"https:\/\/www.nokiankylat.fi\/taivalkunta\/wp-json\/wp\/v2\/pages\/3104","targetHints":{"allow":["GET"]}}],"collection":[{"href":"https:\/\/www.nokiankylat.fi\/taivalkunta\/wp-json\/wp\/v2\/pages"}],"about":[{"href":"https:\/\/www.nokiankylat.fi\/taivalkunta\/wp-json\/wp\/v2\/types\/page"}],"author":[{"embeddable":true,"href":"https:\/\/www.nokiankylat.fi\/taivalkunta\/wp-json\/wp\/v2\/users\/4"}],"replies":[{"embeddable":true,"href":"https:\/\/www.nokiankylat.fi\/taivalkunta\/wp-json\/wp\/v2\/comments?post=3104"}],"version-history":[{"count":1,"href":"https:\/\/www.nokiankylat.fi\/taivalkunta\/wp-json\/wp\/v2\/pages\/3104\/revisions"}],"predecessor-version":[{"id":3106,"href":"https:\/\/www.nokiankylat.fi\/taivalkunta\/wp-json\/wp\/v2\/pages\/3104\/revisions\/3106"}],"up":[{"embeddable":true,"href":"https:\/\/www.nokiankylat.fi\/taivalkunta\/wp-json\/wp\/v2\/pages\/43"}],"wp:attachment":[{"href":"https:\/\/www.nokiankylat.fi\/taivalkunta\/wp-json\/wp\/v2\/media?parent=3104"}],"curies":[{"name":"wp","href":"https:\/\/api.w.org\/{rel}","templated":true}]}}