{"id":3286,"date":"2020-01-18T12:54:18","date_gmt":"2020-01-18T10:54:18","guid":{"rendered":"https:\/\/www.nokiankylat.fi\/taivalkunta\/?page_id=3286"},"modified":"2020-01-25T18:49:32","modified_gmt":"2020-01-25T16:49:32","slug":"kylakirje-18-1-2020","status":"publish","type":"page","link":"https:\/\/www.nokiankylat.fi\/taivalkunta\/yhdistykset\/taivalkunnan-kylat-ry\/kylayhdistyksen-arkisto\/kylakirjeet\/kylakirjeet-2020\/kylakirje-18-1-2020\/","title":{"rendered":"Kyl\u00e4kirje 18-1-2020"},"content":{"rendered":"<p><strong>Taivalkunnan kyl\u00e4kirje 18.1.2020<\/strong><\/p>\n<p>Taivalkunnan <strong>temppukerho alle kouluik\u00e4isille<\/strong> lapsille kokoontuu torstaisin klo 17.30-18.30 koulun liikuntasalissa. Temppukerho jatkuu aina 14.5 saakka, <strong>tervetuloa kaikki kyl\u00e4n pienet vanhemman kanssa <\/strong>mukaan temppuilemaan! Erillist\u00e4 ilmoittautumista ei tarvita. Varsinaista ohjausta temppukerhossa ei ole vaan yhdess\u00e4 rakennetaan erilaisia ratoja ja liikunnallisia leikkej\u00e4.<\/p>\n<p>Kev\u00e4\u00e4n <strong>pilates-tunnit<\/strong> jatkuvat maanantaisin kello 19-20 koululla 25.5 asti. Tarkempi tieto l\u00f6ytyy kyl\u00e4n sivuilta tapahtumakalenterista <a href=\"http:\/\/www.nokiankylat.fi\/taivalkunta\/tapahtumat\/\">www.nokiankylat.fi\/taivalkunta\/tapahtumat\/<\/a><\/p>\n<p><strong>Taivalkunnan kyl\u00e4t ry:n kev\u00e4tkokous<\/strong> pidet\u00e4\u00e4n torstaina 16.4.2020 klo 18.30 Taivalkunnan koululla.<\/p>\n<p><strong>Perinteiset kev\u00e4tkarkelot<\/strong> j\u00e4rjestet\u00e4\u00e4n torstaina 14.5.2020 klo 18.00 Taivalkunnan koululla.<\/p>\n<p>Kyl\u00e4yhdistyksen 40-vuotisjuhlan ja talvitapahtuman aikataulut ja sis\u00e4lt\u00f6 ovat viel\u00e4 auki ja niihin palataan my\u00f6hemmin.<\/p>\n<p>Joululaulut laulettiin 22.12 kyl\u00e4mme koululla. Mukana oli my\u00f6s Klovneja esiintym\u00e4ss\u00e4. Nokian Uutiset ei julkaissut tekem\u00e4\u00e4ni juttua, joten laitoin kyl\u00e4n sivuille uutisiin pienen tarinan. K\u00e4y katsomassa. <a href=\"http:\/\/www.nokiankylat.fi\/taivalkunta\/uutiset\/\">www.nokiankylat.fi\/taivalkunta\/uutiset\/<\/a><\/p>\n<p>Kyl\u00e4yhdistyksen hallituksen vuoden 2020 j\u00e4senet l\u00f6ytyv\u00e4t kyl\u00e4n sivustolta.<\/p>\n<p>Ollaan yhteydess\u00e4 puolin ja toisin. Taivalkunnan kyl\u00e4t ry pj. Olli Sorva, olli.sorva(at)nokiansahkotalo.fi, <a href=\"http:\/\/www.nokiankylat.fi\/taivalkunta\">www.nokiankylat.fi\/taivalkunta<\/a>, <a href=\"http:\/\/www.facebook.com\/taivalkunta\/\">www.facebook.com\/taivalkunta\/<\/a>.<\/p>\n","protected":false},"excerpt":{"rendered":"<p>Taivalkunnan kyl\u00e4kirje 18.1.2020 Taivalkunnan temppukerho alle kouluik\u00e4isille lapsille kokoontuu torstaisin klo 17.30-18.30 koulun liikuntasalissa. Temppukerho jatkuu aina 14.5 saakka, tervetuloa kaikki kyl\u00e4n pienet vanhemman kanssa mukaan temppuilemaan! Erillist\u00e4 ilmoittautumista ei tarvita. Varsinaista ohjausta temppukerhossa ei ole vaan yhdess\u00e4 rakennetaan erilaisia ratoja ja liikunnallisia leikkej\u00e4. Kev\u00e4\u00e4n pilates-tunnit jatkuvat maanantaisin kello 19-20 koululla 25.5 asti. Tarkempi tieto &hellip; <a href=\"https:\/\/www.nokiankylat.fi\/taivalkunta\/yhdistykset\/taivalkunnan-kylat-ry\/kylayhdistyksen-arkisto\/kylakirjeet\/kylakirjeet-2020\/kylakirje-18-1-2020\/\">Jatkuu<\/a><\/p>\n","protected":false},"author":4,"featured_media":0,"parent":3284,"menu_order":0,"comment_status":"closed","ping_status":"closed","template":"","meta":{"_acf_changed":false,"footnotes":""},"class_list":["post-3286","page","type-page","status-publish","hentry"],"acf":[],"_links":{"self":[{"href":"https:\/\/www.nokiankylat.fi\/taivalkunta\/wp-json\/wp\/v2\/pages\/3286","targetHints":{"allow":["GET"]}}],"collection":[{"href":"https:\/\/www.nokiankylat.fi\/taivalkunta\/wp-json\/wp\/v2\/pages"}],"about":[{"href":"https:\/\/www.nokiankylat.fi\/taivalkunta\/wp-json\/wp\/v2\/types\/page"}],"author":[{"embeddable":true,"href":"https:\/\/www.nokiankylat.fi\/taivalkunta\/wp-json\/wp\/v2\/users\/4"}],"replies":[{"embeddable":true,"href":"https:\/\/www.nokiankylat.fi\/taivalkunta\/wp-json\/wp\/v2\/comments?post=3286"}],"version-history":[{"count":2,"href":"https:\/\/www.nokiankylat.fi\/taivalkunta\/wp-json\/wp\/v2\/pages\/3286\/revisions"}],"predecessor-version":[{"id":3293,"href":"https:\/\/www.nokiankylat.fi\/taivalkunta\/wp-json\/wp\/v2\/pages\/3286\/revisions\/3293"}],"up":[{"embeddable":true,"href":"https:\/\/www.nokiankylat.fi\/taivalkunta\/wp-json\/wp\/v2\/pages\/3284"}],"wp:attachment":[{"href":"https:\/\/www.nokiankylat.fi\/taivalkunta\/wp-json\/wp\/v2\/media?parent=3286"}],"curies":[{"name":"wp","href":"https:\/\/api.w.org\/{rel}","templated":true}]}}