{"id":3424,"date":"2019-05-23T10:36:38","date_gmt":"2019-05-23T07:36:38","guid":{"rendered":"https:\/\/www.nokiankylat.fi\/taivalkunta\/?page_id=3424"},"modified":"2020-02-23T10:51:07","modified_gmt":"2020-02-23T08:51:07","slug":"poytakirja-24-4-2019","status":"publish","type":"page","link":"https:\/\/www.nokiankylat.fi\/taivalkunta\/yhdistykset\/taivalkunnan-kylat-ry\/kokoukset-ja-kylaillat\/kevatkokous-24-4-2019\/poytakirja-24-4-2019\/","title":{"rendered":"P\u00f6yt\u00e4kirja 24-4-2019"},"content":{"rendered":"<p><strong>Taivalkunnan Kyl\u00e4t ry<\/strong>\u00a0\u00a0\u00a0\u00a0\u00a0\u00a0\u00a0\u00a0\u00a0\u00a0\u00a0\u00a0\u00a0\u00a0\u00a0\u00a0\u00a0\u00a0\u00a0\u00a0\u00a0\u00a0\u00a0\u00a0\u00a0\u00a0\u00a0\u00a0\u00a0\u00a0\u00a0\u00a0\u00a0\u00a0\u00a0\u00a0\u00a0\u00a0\u00a0\u00a0\u00a0\u00a0\u00a0\u00a0\u00a0\u00a0\u00a0\u00a0\u00a0\u00a0\u00a0\u00a0\u00a0\u00a0\u00a0\u00a0\u00a0\u00a0\u00a0\u00a0\u00a0\u00a0\u00a0\u00a0\u00a0\u00a0\u00a0\u00a0\u00a0\u00a0\u00a0\u00a0\u00a0\u00a0\u00a0\u00a0\u00a0\u00a0\u00a0\u00a0\u00a0\u00a0\u00a0\u00a0\u00a0\u00a0\u00a0\u00a0\u00a0\u00a0\u00a0\u00a0\u00a0\u00a0 <strong>P\u00d6YT\u00c4KIRJA<\/strong><\/p>\n<p><strong>\u00a0<\/strong><\/p>\n<p><strong>KEV\u00c4TKOKOUS<\/strong><\/p>\n<p>Aika: 24.4.2019 klo 18.30<br \/>\nPaikka: Taivalkunnan koulu, Taivalkunnantie 575, 37120 Nokia<\/p>\n<p>L\u00e4sn\u00e4: Elina Helenius, Eeva-Liisa Hynninen, P\u00e4ivi Ilola, Jorma Laitinen, Terhi Leskinen, Aino Nyyss\u00f6nen, Anja Mattila, Risto Mattila, Esko Salmij\u00e4rvi, Marjo Salmij\u00e4rvi, Antti Sinilehto, Olli Sorva, Sisko Sorva, Jaana Sorvaniemi ja Tuulikki Teuho-Markkola<\/p>\n<p>&nbsp;<\/p>\n<ol>\n<li><strong>Kokouksen avaaminen<\/strong><\/li>\n<\/ol>\n<ul>\n<li>Taivalkunnan kyl\u00e4t ry:n puheenjohtaja Olli Sorva toivotti kokousv\u00e4en tervetulleeksi ja avasi kokouksen kello 18.32.<\/li>\n<\/ul>\n<p>&nbsp;<\/p>\n<ol start=\"2\">\n<li><strong>Kokouksen j\u00e4rjest\u00e4ytyminen<\/strong><\/li>\n<\/ol>\n<ul>\n<li>Valittiin yksimielisesti kokouksen puheenjohtajaksi Olli Sorva, sihteeriksi Olli Sorva sek\u00e4 p\u00f6yt\u00e4kirjan tarkastajiksi Eeva-Liisa Hynninen ja Risto Mattila. \u00c4\u00e4ntenlaskijat p\u00e4\u00e4tettiin valita, jos kokouksen kulku sit\u00e4 edellytt\u00e4\u00e4.<\/li>\n<\/ul>\n<ol start=\"3\">\n<li><strong>Laillisuuden ja p\u00e4\u00e4t\u00f6svaltaisuuden toteaminen<\/strong><\/li>\n<\/ol>\n<ul>\n<li>Todettiin, ett\u00e4 kokous on kutsuttu koolle yhdistyksen s\u00e4\u00e4nt\u00f6jen mukaisesti ja on laillinen ja p\u00e4\u00e4t\u00f6svaltainen.<\/li>\n<\/ul>\n<p><strong>\u00a0<\/strong><\/p>\n<ol start=\"4\">\n<li><strong>Esityslistan hyv\u00e4ksyminen<\/strong><\/li>\n<\/ol>\n<ul>\n<li>Esityslista hyv\u00e4ksyttiin kokouksen ty\u00f6j\u00e4rjestykseksi.<\/li>\n<\/ul>\n<ol start=\"5\">\n<li><strong>Toimintakertomuksen 2018 k\u00e4sittely<\/strong><\/li>\n<\/ol>\n<ul>\n<li>Olli Sorva esitteli hallituksen toimintakertomuksen. Kokous totesi sen sangen seikkaper\u00e4iseksi ja kiitti hallitusta monipuolisesta toiminnasta.<\/li>\n<\/ul>\n<p>&nbsp;<\/p>\n<ol start=\"6\">\n<li><strong>Tilinp\u00e4\u00e4t\u00f6ksen 2018 k\u00e4sittely<\/strong><\/li>\n<\/ol>\n<ul>\n<li>Esitettiin tilinp\u00e4\u00e4t\u00f6s ja kuultiin toiminnantarkastajan lausunto. Todettiin, ett\u00e4 yhdistyksen asioita on hoidettu hyvin.<\/li>\n<\/ul>\n<ol start=\"7\">\n<li><strong>Tili- ja vastuuvapauden my\u00f6nt\u00e4minen tilivelvollisille kaudelta 2018<\/strong><\/li>\n<\/ol>\n<ul>\n<li>Vahvistettiin tilinp\u00e4\u00e4t\u00f6s ja p\u00e4\u00e4tettiin yksimielisesti my\u00f6nt\u00e4\u00e4 vastuuvapaus tilivelvollisille.<\/li>\n<\/ul>\n<p>&nbsp;<\/p>\n<ol start=\"8\">\n<li><strong>Muut esille tulevat asiat ja ilmoitusasiat<\/strong>\n<ul>\n<li><strong>kev\u00e4tkarkelot<\/strong> ovat 22.5 kello 18-20 koululla\n<ul>\n<li>perinteinen kyl\u00e4juhla seurustelun, ulkoilun ja tarjottavien parissa<\/li>\n<\/ul>\n<\/li>\n<li>Keskusteltiin tienvarsien ja pys\u00e4kkien siisteydest\u00e4.<\/li>\n<li>Mahdollisesti voitaisiin saada vet\u00e4j\u00e4 pilates ryhm\u00e4lle. Kartoitetaan kyl\u00e4l\u00e4isten kiinnostus.<\/li>\n<\/ul>\n<\/li>\n<\/ol>\n<p><strong>\u00a0<\/strong><\/p>\n<ol start=\"9\">\n<li><strong>Kokouksen p\u00e4\u00e4tt\u00e4minen<\/strong><\/li>\n<\/ol>\n<ul>\n<li>Kokouksen puheenjohtaja Olli Sorva kiitti kokouksen osanottajia ja p\u00e4\u00e4tti kokouksen kello 19.<\/li>\n<\/ul>\n<p>&nbsp;<\/p>\n<p>&nbsp;<\/p>\n<p>Olli Sorva, puheenjohtaja ja sihteeri<\/p>\n<p>&nbsp;<\/p>\n<p>Eeva-Liisa Hynninen, p\u00f6yt\u00e4kirjantarkastaja<\/p>\n<p>&nbsp;<\/p>\n<p>Risto Mattila, p\u00f6yt\u00e4kirjantarkastaja<\/p>\n","protected":false},"excerpt":{"rendered":"<p>Taivalkunnan Kyl\u00e4t ry\u00a0\u00a0\u00a0\u00a0\u00a0\u00a0\u00a0\u00a0\u00a0\u00a0\u00a0\u00a0\u00a0\u00a0\u00a0\u00a0\u00a0\u00a0\u00a0\u00a0\u00a0\u00a0\u00a0\u00a0\u00a0\u00a0\u00a0\u00a0\u00a0\u00a0\u00a0\u00a0\u00a0\u00a0\u00a0\u00a0\u00a0\u00a0\u00a0\u00a0\u00a0\u00a0\u00a0\u00a0\u00a0\u00a0\u00a0\u00a0\u00a0\u00a0\u00a0\u00a0\u00a0\u00a0\u00a0\u00a0\u00a0\u00a0\u00a0\u00a0\u00a0\u00a0\u00a0\u00a0\u00a0\u00a0\u00a0\u00a0\u00a0\u00a0\u00a0\u00a0\u00a0\u00a0\u00a0\u00a0\u00a0\u00a0\u00a0\u00a0\u00a0\u00a0\u00a0\u00a0\u00a0\u00a0\u00a0\u00a0\u00a0\u00a0\u00a0\u00a0\u00a0\u00a0 P\u00d6YT\u00c4KIRJA \u00a0 KEV\u00c4TKOKOUS Aika: 24.4.2019 klo 18.30 Paikka: Taivalkunnan koulu, Taivalkunnantie 575, 37120 Nokia L\u00e4sn\u00e4: Elina Helenius, Eeva-Liisa Hynninen, P\u00e4ivi Ilola, Jorma Laitinen, Terhi Leskinen, Aino Nyyss\u00f6nen, Anja Mattila, Risto Mattila, Esko Salmij\u00e4rvi, Marjo Salmij\u00e4rvi, Antti Sinilehto, Olli Sorva, Sisko Sorva, Jaana Sorvaniemi ja Tuulikki Teuho-Markkola &nbsp; Kokouksen avaaminen Taivalkunnan kyl\u00e4t ry:n &hellip; <a href=\"https:\/\/www.nokiankylat.fi\/taivalkunta\/yhdistykset\/taivalkunnan-kylat-ry\/kokoukset-ja-kylaillat\/kevatkokous-24-4-2019\/poytakirja-24-4-2019\/\">Jatkuu<\/a><\/p>\n","protected":false},"author":4,"featured_media":0,"parent":2825,"menu_order":0,"comment_status":"closed","ping_status":"closed","template":"","meta":{"_acf_changed":false,"footnotes":""},"class_list":["post-3424","page","type-page","status-publish","hentry"],"acf":[],"_links":{"self":[{"href":"https:\/\/www.nokiankylat.fi\/taivalkunta\/wp-json\/wp\/v2\/pages\/3424","targetHints":{"allow":["GET"]}}],"collection":[{"href":"https:\/\/www.nokiankylat.fi\/taivalkunta\/wp-json\/wp\/v2\/pages"}],"about":[{"href":"https:\/\/www.nokiankylat.fi\/taivalkunta\/wp-json\/wp\/v2\/types\/page"}],"author":[{"embeddable":true,"href":"https:\/\/www.nokiankylat.fi\/taivalkunta\/wp-json\/wp\/v2\/users\/4"}],"replies":[{"embeddable":true,"href":"https:\/\/www.nokiankylat.fi\/taivalkunta\/wp-json\/wp\/v2\/comments?post=3424"}],"version-history":[{"count":1,"href":"https:\/\/www.nokiankylat.fi\/taivalkunta\/wp-json\/wp\/v2\/pages\/3424\/revisions"}],"predecessor-version":[{"id":3425,"href":"https:\/\/www.nokiankylat.fi\/taivalkunta\/wp-json\/wp\/v2\/pages\/3424\/revisions\/3425"}],"up":[{"embeddable":true,"href":"https:\/\/www.nokiankylat.fi\/taivalkunta\/wp-json\/wp\/v2\/pages\/2825"}],"wp:attachment":[{"href":"https:\/\/www.nokiankylat.fi\/taivalkunta\/wp-json\/wp\/v2\/media?parent=3424"}],"curies":[{"name":"wp","href":"https:\/\/api.w.org\/{rel}","templated":true}]}}