{"id":3486,"date":"2020-03-12T09:39:15","date_gmt":"2020-03-12T07:39:15","guid":{"rendered":"https:\/\/www.nokiankylat.fi\/taivalkunta\/?page_id=3486"},"modified":"2020-03-12T09:39:15","modified_gmt":"2020-03-12T07:39:15","slug":"kylakirje-12-3-2020","status":"publish","type":"page","link":"https:\/\/www.nokiankylat.fi\/taivalkunta\/yhdistykset\/taivalkunnan-kylat-ry\/kylayhdistyksen-arkisto\/kylakirjeet\/kylakirjeet-2020\/kylakirje-12-3-2020\/","title":{"rendered":"Kyl\u00e4kirje 12-3-2020"},"content":{"rendered":"<p><strong>Taivalkunnan kyl\u00e4kirje 12.3.2020<\/strong><\/p>\n<p><strong>Kevyenliikenteen v\u00e4yl\u00e4n tilanne:<\/strong> Projektip\u00e4\u00e4llikk\u00f6 Jarkko Peurala kertoi viimekuisessa s\u00e4hk\u00f6postissaan, ett\u00e4 Pirkanmaan ELY-keskus on esitt\u00e4nyt Taivalkunnantien jalankulku- ja py\u00f6r\u00e4ilyv\u00e4yl\u00e4n rakentamista k\u00e4velyn ja py\u00f6r\u00e4ilyn kehitt\u00e4misohjelmaan (K\u00e4py-ohjelma) ykk\u00f6skohteena. ELY:n rahoitus ei kuitenkaan yksin\u00e4\u00e4n riit\u00e4, vaan mukaan pit\u00e4isi saada my\u00f6s Nokian kaupunki. Hanke on siis esitetty K\u00e4py-ohjelmaan MAL-seudun hankkeena, mutta kaupunkiseudun eli kuntien omassa MAL-esityksess\u00e4 se ei ole mukana. Toteutuminen vaatisi Nokian kaupungin p\u00e4\u00e4t\u00f6ksen rahoitukseen osallistumisesta.<\/p>\n<p>Mikko Nieminen Nokian kaupungilta kertoi, ett\u00e4 h\u00e4n on keskustellut ELY:n johtajan Juha Sammallahden kanssa vuodenvaihteessa asiasta ja ns. K\u00e4py-rahoituksen hakemisesta hankkeeseen. Tuolloin he sopivat, ett\u00e4 ELY esitt\u00e4\u00e4 hanketta K\u00e4py-ohjelmaan ja kaupunki arvioi sitten mahdollisuutta osallistua, kun tiedet\u00e4\u00e4n, kuinka esitykseen suhtaudutaan. T\u00e4m\u00e4 esitys on tullut vuodenvaiheessa kaupungille tietoon ja ajankohtaiseksi, eik\u00e4 sit\u00e4 ole ollut mahdollista arvioida vuoden 2020 kaupungin talousarvion valmistelun yhteydess\u00e4. MAL4-valmistelu (Tampereen kaupunkiseudun kuntien ja valtion v\u00e4linen vuosia 2020-2023 koskeva maank\u00e4yt\u00f6n, asumisen ja liikenteen suunnitelma) on t\u00e4ysin kesken, eik\u00e4 mit\u00e4\u00e4n vuosittaisia ohjelmointeja tai sitoutumisia sen suhteen ole viel\u00e4 tehty.<\/p>\n<p>Kyseisess\u00e4 kohteessa puhuttaneen useamman sadan tuhannen osuudesta my\u00f6s kaupungin osalta. Kaupunki suhtautuu my\u00f6nteisesti hankkeeseen, mutta rahoitusta arvioidaan osana kaupungin kokonaisinvestointeja. Rahoitus edellytt\u00e4\u00e4 m\u00e4\u00e4r\u00e4rahap\u00e4\u00e4t\u00f6ksen valtuustolta.<\/p>\n<p><strong>Markkinoinnista: <\/strong>Kyl\u00e4yhdistyksen toimintasuunnitelman mukaan tarkoituksena on lis\u00e4t\u00e4 kyl\u00e4n markkinointia ja tunnettavuutta. Osana t\u00e4t\u00e4 toimintaa on keskusteltu Instagram-tilin avaamisesta Taivalkunnan kylille. Aktiviteettia kyl\u00e4hallitukselta n\u00e4ytt\u00e4isi l\u00f6ytyv\u00e4n. Olisiko t\u00e4m\u00e4 asia ty\u00f6panostuksen arvoinen ja olisiko siit\u00e4 vastaavaa hy\u00f6ty\u00e4? Kerro n\u00e4kemyksesi.<\/p>\n<p><strong>Kev\u00e4tkarkelot:<\/strong> Koululaiset tekev\u00e4t luokkaretkens\u00e4 aiemmassa kyl\u00e4kirjeess\u00e4 ilmoitettuna kev\u00e4tkarkelop\u00e4iv\u00e4n\u00e4. Heid\u00e4n retkens\u00e4 kest\u00e4\u00e4 my\u00f6s alkuillan, joten kyl\u00e4yhdistys tulee todenn\u00e4k\u00f6isesti muuttamaan kyl\u00e4n kev\u00e4tkarkelop\u00e4iv\u00e4\u00e4. Uusi p\u00e4iv\u00e4m\u00e4\u00e4r\u00e4 on viel\u00e4 avoin ja siihen palataan l\u00e4hiaikoina.<\/p>\n<p>Ollaan yhteydess\u00e4 puolin ja toisin. Taivalkunnan kyl\u00e4t ry pj. Olli Sorva, olli.sorva(at)nokiansahkotalo.fi, <a href=\"http:\/\/www.nokiankylat.fi\/taivalkunta\">www.nokiankylat.fi\/taivalkunta<\/a>, <a href=\"http:\/\/www.facebook.com\/taivalkunta\/\">www.facebook.com\/taivalkunta\/<\/a>.<\/p>\n","protected":false},"excerpt":{"rendered":"<p>Taivalkunnan kyl\u00e4kirje 12.3.2020 Kevyenliikenteen v\u00e4yl\u00e4n tilanne: Projektip\u00e4\u00e4llikk\u00f6 Jarkko Peurala kertoi viimekuisessa s\u00e4hk\u00f6postissaan, ett\u00e4 Pirkanmaan ELY-keskus on esitt\u00e4nyt Taivalkunnantien jalankulku- ja py\u00f6r\u00e4ilyv\u00e4yl\u00e4n rakentamista k\u00e4velyn ja py\u00f6r\u00e4ilyn kehitt\u00e4misohjelmaan (K\u00e4py-ohjelma) ykk\u00f6skohteena. ELY:n rahoitus ei kuitenkaan yksin\u00e4\u00e4n riit\u00e4, vaan mukaan pit\u00e4isi saada my\u00f6s Nokian kaupunki. Hanke on siis esitetty K\u00e4py-ohjelmaan MAL-seudun hankkeena, mutta kaupunkiseudun eli kuntien omassa MAL-esityksess\u00e4 se &hellip; <a href=\"https:\/\/www.nokiankylat.fi\/taivalkunta\/yhdistykset\/taivalkunnan-kylat-ry\/kylayhdistyksen-arkisto\/kylakirjeet\/kylakirjeet-2020\/kylakirje-12-3-2020\/\">Jatkuu<\/a><\/p>\n","protected":false},"author":4,"featured_media":0,"parent":3284,"menu_order":0,"comment_status":"closed","ping_status":"closed","template":"","meta":{"_acf_changed":false,"footnotes":""},"class_list":["post-3486","page","type-page","status-publish","hentry"],"acf":[],"_links":{"self":[{"href":"https:\/\/www.nokiankylat.fi\/taivalkunta\/wp-json\/wp\/v2\/pages\/3486","targetHints":{"allow":["GET"]}}],"collection":[{"href":"https:\/\/www.nokiankylat.fi\/taivalkunta\/wp-json\/wp\/v2\/pages"}],"about":[{"href":"https:\/\/www.nokiankylat.fi\/taivalkunta\/wp-json\/wp\/v2\/types\/page"}],"author":[{"embeddable":true,"href":"https:\/\/www.nokiankylat.fi\/taivalkunta\/wp-json\/wp\/v2\/users\/4"}],"replies":[{"embeddable":true,"href":"https:\/\/www.nokiankylat.fi\/taivalkunta\/wp-json\/wp\/v2\/comments?post=3486"}],"version-history":[{"count":1,"href":"https:\/\/www.nokiankylat.fi\/taivalkunta\/wp-json\/wp\/v2\/pages\/3486\/revisions"}],"predecessor-version":[{"id":3487,"href":"https:\/\/www.nokiankylat.fi\/taivalkunta\/wp-json\/wp\/v2\/pages\/3486\/revisions\/3487"}],"up":[{"embeddable":true,"href":"https:\/\/www.nokiankylat.fi\/taivalkunta\/wp-json\/wp\/v2\/pages\/3284"}],"wp:attachment":[{"href":"https:\/\/www.nokiankylat.fi\/taivalkunta\/wp-json\/wp\/v2\/media?parent=3486"}],"curies":[{"name":"wp","href":"https:\/\/api.w.org\/{rel}","templated":true}]}}