{"id":3516,"date":"2020-01-21T13:00:24","date_gmt":"2020-01-21T11:00:24","guid":{"rendered":"https:\/\/www.nokiankylat.fi\/taivalkunta\/?page_id=3516"},"modified":"2021-09-04T20:06:08","modified_gmt":"2021-09-04T17:06:08","slug":"lehtileikkeita-2020","status":"publish","type":"page","link":"https:\/\/www.nokiankylat.fi\/taivalkunta\/kuvat\/lehtileikkeita\/lehtileikkeita-2020\/","title":{"rendered":"Lehtileikkeit\u00e4 2020"},"content":{"rendered":"<p>Klikkaa kuvaa, niin juttu aukeaa.<\/p>\n<p><a href=\"http:\/\/nokiankylat.fi\/taivalkunta\/kuvat\/lehtileikkeita\/lehtileikkeita-2020\/nu-5-4-2020\/\"><img loading=\"lazy\" decoding=\"async\" class=\"alignnone size-medium wp-image-3508\" src=\"https:\/\/www.nokiankylat.fi\/taivalkunta\/wp-content\/uploads\/sites\/11\/2020\/04\/2020-04-06-1-e1586161185970-300x177.png\" alt=\"\" width=\"300\" height=\"177\" srcset=\"https:\/\/www.nokiankylat.fi\/taivalkunta\/wp-content\/uploads\/sites\/11\/2020\/04\/2020-04-06-1-e1586161185970-300x177.png 300w, https:\/\/www.nokiankylat.fi\/taivalkunta\/wp-content\/uploads\/sites\/11\/2020\/04\/2020-04-06-1-e1586161185970.png 475w\" sizes=\"auto, (max-width: 300px) 100vw, 300px\" \/><\/a><\/p>\n<p>NU 5-4-2020 Arkemme nyt<\/p>\n<p>&nbsp;<\/p>\n<p><a href=\"http:\/\/nokiankylat.fi\/taivalkunta\/kuvat\/lehtileikkeita\/lehtileikkeita-2020\/nu-20-4-2021\/\"><img loading=\"lazy\" decoding=\"async\" class=\"alignnone size-medium wp-image-2855\" src=\"https:\/\/www.nokiankylat.fi\/taivalkunta\/wp-content\/uploads\/sites\/11\/2019\/05\/KUVA-320x180-300x169.jpg\" alt=\"\" width=\"300\" height=\"169\" srcset=\"https:\/\/www.nokiankylat.fi\/taivalkunta\/wp-content\/uploads\/sites\/11\/2019\/05\/KUVA-320x180-300x169.jpg 300w, https:\/\/www.nokiankylat.fi\/taivalkunta\/wp-content\/uploads\/sites\/11\/2019\/05\/KUVA-320x180.jpg 320w\" sizes=\"auto, (max-width: 300px) 100vw, 300px\" \/><\/a><\/p>\n<p>NU 20-4-2020 Kolumni<\/p>\n<p>&nbsp;<\/p>\n<p>&nbsp;<\/p>\n<p><a href=\"http:\/\/nokiankylat.fi\/taivalkunta\/kuvat\/lehtileikkeita\/lehtileikkeita-2020\/nu-22-4-2020\/\"><img loading=\"lazy\" decoding=\"async\" class=\"alignnone size-medium wp-image-3917\" src=\"https:\/\/www.nokiankylat.fi\/taivalkunta\/wp-content\/uploads\/sites\/11\/2021\/08\/NU-2020-4-22-TYOTON-LAULAJA-TARTTUU-KUOKKAAN-OSA2-1-scaled-e1629615038473-300x212.jpg\" alt=\"\" width=\"300\" height=\"212\" \/><\/a><\/p>\n<p>NU 22-4-2020 Ty\u00f6t\u00f6n laulaja kuokanvarressa<\/p>\n<p>&nbsp;<\/p>\n<h4><a href=\"http:\/\/nokiankylat.fi\/taivalkunta\/kuvat\/lehtileikkeita\/lehtileikkeita-2020\/nu-11-5-2020\/\">KIITOS VERIPALVELULLE<\/a><\/h4>\n<p>NU 11-5-2020<\/p>\n<p>&nbsp;<\/p>\n<p><a href=\"http:\/\/nokiankylat.fi\/taivalkunta\/kuvat\/lehtileikkeita\/lehtileikkeita-2020\/nu-29-5-2020\/\"><img loading=\"lazy\" decoding=\"async\" class=\"alignnone size-medium wp-image-3943\" src=\"https:\/\/www.nokiankylat.fi\/taivalkunta\/wp-content\/uploads\/sites\/11\/2021\/08\/NU-2020-5-29-KIITOS-REHELLISELLE-NUORELLEMIEHELLE-1-scaled-e1629620083634-202x300.jpg\" alt=\"\" width=\"202\" height=\"300\" srcset=\"https:\/\/www.nokiankylat.fi\/taivalkunta\/wp-content\/uploads\/sites\/11\/2021\/08\/NU-2020-5-29-KIITOS-REHELLISELLE-NUORELLEMIEHELLE-1-scaled-e1629620083634-202x300.jpg 202w, https:\/\/www.nokiankylat.fi\/taivalkunta\/wp-content\/uploads\/sites\/11\/2021\/08\/NU-2020-5-29-KIITOS-REHELLISELLE-NUORELLEMIEHELLE-1-scaled-e1629620083634.jpg 591w\" sizes=\"auto, (max-width: 202px) 100vw, 202px\" \/><\/a><\/p>\n<p>NU 29-5-2020 Kiitos rehelliselle miehelle<\/p>\n<p>&nbsp;<\/p>\n<p><a href=\"http:\/\/nokiankylat.fi\/taivalkunta\/kuvat\/lehtileikkeita\/lehtileikkeita-2020\/nu-26-8-2020\/\"><img loading=\"lazy\" decoding=\"async\" class=\"alignnone size-medium wp-image-3508\" src=\"https:\/\/www.nokiankylat.fi\/taivalkunta\/wp-content\/uploads\/sites\/11\/2020\/04\/2020-04-06-1-e1586161185970-300x177.png\" alt=\"\" width=\"300\" height=\"177\" srcset=\"https:\/\/www.nokiankylat.fi\/taivalkunta\/wp-content\/uploads\/sites\/11\/2020\/04\/2020-04-06-1-e1586161185970-300x177.png 300w, https:\/\/www.nokiankylat.fi\/taivalkunta\/wp-content\/uploads\/sites\/11\/2020\/04\/2020-04-06-1-e1586161185970.png 475w\" sizes=\"auto, (max-width: 300px) 100vw, 300px\" \/><\/a><\/p>\n<p>NU 26-8-2020 Jarrutetaanko kylien kehityshankkeita<\/p>\n<p>&nbsp;<\/p>\n<p><a href=\"http:\/\/nokiankylat.fi\/taivalkunta\/kuvat\/lehtileikkeita\/lehtileikkeita-2020\/nu-16-9-2020\/\"><img loading=\"lazy\" decoding=\"async\" class=\"alignnone size-medium wp-image-3959\" src=\"https:\/\/www.nokiankylat.fi\/taivalkunta\/wp-content\/uploads\/sites\/11\/2021\/09\/NU-2020-9-16-TAIVALKUNNAN-PYOREAT-JUHLAT-OSA2-1-scaled-e1630771097746-300x162.jpg\" alt=\"\" width=\"300\" height=\"162\" srcset=\"https:\/\/www.nokiankylat.fi\/taivalkunta\/wp-content\/uploads\/sites\/11\/2021\/09\/NU-2020-9-16-TAIVALKUNNAN-PYOREAT-JUHLAT-OSA2-1-scaled-e1630771097746-300x162.jpg 300w, https:\/\/www.nokiankylat.fi\/taivalkunta\/wp-content\/uploads\/sites\/11\/2021\/09\/NU-2020-9-16-TAIVALKUNNAN-PYOREAT-JUHLAT-OSA2-1-scaled-e1630771097746-768x414.jpg 768w, https:\/\/www.nokiankylat.fi\/taivalkunta\/wp-content\/uploads\/sites\/11\/2021\/09\/NU-2020-9-16-TAIVALKUNNAN-PYOREAT-JUHLAT-OSA2-1-scaled-e1630771097746.jpg 819w\" sizes=\"auto, (max-width: 300px) 100vw, 300px\" \/><\/a><\/p>\n<p>NU 16-9-2020 Kyl\u00e4yhdistys 40-vuotta<\/p>\n<p>&nbsp;<\/p>\n<p><a href=\"http:\/\/nokiankylat.fi\/taivalkunta\/kuvat\/lehtileikkeita\/lehtileikkeita-2020\/nu-7-10-2020\/\"><img loading=\"lazy\" decoding=\"async\" class=\"alignnone size-medium wp-image-2855\" src=\"https:\/\/www.nokiankylat.fi\/taivalkunta\/wp-content\/uploads\/sites\/11\/2019\/05\/KUVA-320x180-300x169.jpg\" alt=\"\" width=\"300\" height=\"169\" srcset=\"https:\/\/www.nokiankylat.fi\/taivalkunta\/wp-content\/uploads\/sites\/11\/2019\/05\/KUVA-320x180-300x169.jpg 300w, https:\/\/www.nokiankylat.fi\/taivalkunta\/wp-content\/uploads\/sites\/11\/2019\/05\/KUVA-320x180.jpg 320w\" sizes=\"auto, (max-width: 300px) 100vw, 300px\" \/><\/a><\/p>\n<p>7-10-2020 Kolumni<\/p>\n<p>&nbsp;<\/p>\n<p><a href=\"http:\/\/nokiankylat.fi\/taivalkunta\/kuvat\/lehtileikkeita\/lehtileikkeita-2020\/nu-7-10-2020-paatos\/\"><img loading=\"lazy\" decoding=\"async\" class=\"alignnone size-medium wp-image-3969\" src=\"https:\/\/www.nokiankylat.fi\/taivalkunta\/wp-content\/uploads\/sites\/11\/2021\/09\/NU-2020-10-7-LAUTAKUNNAN-PAATOS-KUMOON-1-scaled-e1630773894439-300x192.jpg\" alt=\"\" width=\"300\" height=\"192\" srcset=\"https:\/\/www.nokiankylat.fi\/taivalkunta\/wp-content\/uploads\/sites\/11\/2021\/09\/NU-2020-10-7-LAUTAKUNNAN-PAATOS-KUMOON-1-scaled-e1630773894439-300x192.jpg 300w, https:\/\/www.nokiankylat.fi\/taivalkunta\/wp-content\/uploads\/sites\/11\/2021\/09\/NU-2020-10-7-LAUTAKUNNAN-PAATOS-KUMOON-1-scaled-e1630773894439-768x492.jpg 768w, https:\/\/www.nokiankylat.fi\/taivalkunta\/wp-content\/uploads\/sites\/11\/2021\/09\/NU-2020-10-7-LAUTAKUNNAN-PAATOS-KUMOON-1-scaled-e1630773894439.jpg 908w\" sizes=\"auto, (max-width: 300px) 100vw, 300px\" \/><\/a><\/p>\n<p>7-10-2020 P\u00e4\u00e4t\u00f6s rakennusluvasta<\/p>\n<p>&nbsp;<\/p>\n<p><a href=\"http:\/\/nokiankylat.fi\/taivalkunta\/kuvat\/lehtileikkeita\/lehtileikkeita-2020\/nu-23-12-2020\/\"><img loading=\"lazy\" decoding=\"async\" class=\"alignnone size-medium wp-image-3975\" src=\"https:\/\/www.nokiankylat.fi\/taivalkunta\/wp-content\/uploads\/sites\/11\/2021\/09\/NU-2020-12-23-KOHTI-VALOA-1-scaled-e1630774714615-300x220.jpg\" alt=\"\" width=\"300\" height=\"220\" srcset=\"https:\/\/www.nokiankylat.fi\/taivalkunta\/wp-content\/uploads\/sites\/11\/2021\/09\/NU-2020-12-23-KOHTI-VALOA-1-scaled-e1630774714615-300x220.jpg 300w, https:\/\/www.nokiankylat.fi\/taivalkunta\/wp-content\/uploads\/sites\/11\/2021\/09\/NU-2020-12-23-KOHTI-VALOA-1-scaled-e1630774714615.jpg 339w\" sizes=\"auto, (max-width: 300px) 100vw, 300px\" \/><\/a><\/p>\n<p>23-12-2020 Kohti valoa kolumni<\/p>\n","protected":false},"excerpt":{"rendered":"<p>Klikkaa kuvaa, niin juttu aukeaa. NU 5-4-2020 Arkemme nyt &nbsp; NU 20-4-2020 Kolumni &nbsp; &nbsp; NU 22-4-2020 Ty\u00f6t\u00f6n laulaja kuokanvarressa &nbsp; KIITOS VERIPALVELULLE NU 11-5-2020 &nbsp; NU 29-5-2020 Kiitos rehelliselle miehelle &nbsp; NU 26-8-2020 Jarrutetaanko kylien kehityshankkeita &nbsp; NU 16-9-2020 Kyl\u00e4yhdistys 40-vuotta &nbsp; 7-10-2020 Kolumni &nbsp; 7-10-2020 P\u00e4\u00e4t\u00f6s rakennusluvasta &nbsp; 23-12-2020 Kohti valoa kolumni<\/p>\n","protected":false},"author":4,"featured_media":0,"parent":684,"menu_order":0,"comment_status":"closed","ping_status":"closed","template":"","meta":{"_acf_changed":false,"footnotes":""},"class_list":["post-3516","page","type-page","status-publish","hentry"],"acf":[],"_links":{"self":[{"href":"https:\/\/www.nokiankylat.fi\/taivalkunta\/wp-json\/wp\/v2\/pages\/3516","targetHints":{"allow":["GET"]}}],"collection":[{"href":"https:\/\/www.nokiankylat.fi\/taivalkunta\/wp-json\/wp\/v2\/pages"}],"about":[{"href":"https:\/\/www.nokiankylat.fi\/taivalkunta\/wp-json\/wp\/v2\/types\/page"}],"author":[{"embeddable":true,"href":"https:\/\/www.nokiankylat.fi\/taivalkunta\/wp-json\/wp\/v2\/users\/4"}],"replies":[{"embeddable":true,"href":"https:\/\/www.nokiankylat.fi\/taivalkunta\/wp-json\/wp\/v2\/comments?post=3516"}],"version-history":[{"count":23,"href":"https:\/\/www.nokiankylat.fi\/taivalkunta\/wp-json\/wp\/v2\/pages\/3516\/revisions"}],"predecessor-version":[{"id":3979,"href":"https:\/\/www.nokiankylat.fi\/taivalkunta\/wp-json\/wp\/v2\/pages\/3516\/revisions\/3979"}],"up":[{"embeddable":true,"href":"https:\/\/www.nokiankylat.fi\/taivalkunta\/wp-json\/wp\/v2\/pages\/684"}],"wp:attachment":[{"href":"https:\/\/www.nokiankylat.fi\/taivalkunta\/wp-json\/wp\/v2\/media?parent=3516"}],"curies":[{"name":"wp","href":"https:\/\/api.w.org\/{rel}","templated":true}]}}