{"id":3566,"date":"2020-06-02T08:10:47","date_gmt":"2020-06-02T05:10:47","guid":{"rendered":"https:\/\/www.nokiankylat.fi\/taivalkunta\/?page_id=3566"},"modified":"2020-06-11T10:04:47","modified_gmt":"2020-06-11T07:04:47","slug":"kevatkokous-10-6-2020","status":"publish","type":"page","link":"https:\/\/www.nokiankylat.fi\/taivalkunta\/yhdistykset\/taivalkunnan-kylat-ry\/kokoukset-ja-kylaillat\/kevatkokous-10-6-2020\/","title":{"rendered":"Kev\u00e4tkokous 10-6-2020"},"content":{"rendered":"<p>Taivalkunnan kyl\u00e4t ry:n kev\u00e4tkokous 10.6.2020 koululla<\/p>\n","protected":false},"excerpt":{"rendered":"<p>Taivalkunnan kyl\u00e4t ry:n kev\u00e4tkokous 10.6.2020 koululla<\/p>\n","protected":false},"author":4,"featured_media":0,"parent":1034,"menu_order":0,"comment_status":"closed","ping_status":"closed","template":"","meta":{"_acf_changed":false,"footnotes":""},"class_list":["post-3566","page","type-page","status-publish","hentry"],"acf":[],"_links":{"self":[{"href":"https:\/\/www.nokiankylat.fi\/taivalkunta\/wp-json\/wp\/v2\/pages\/3566","targetHints":{"allow":["GET"]}}],"collection":[{"href":"https:\/\/www.nokiankylat.fi\/taivalkunta\/wp-json\/wp\/v2\/pages"}],"about":[{"href":"https:\/\/www.nokiankylat.fi\/taivalkunta\/wp-json\/wp\/v2\/types\/page"}],"author":[{"embeddable":true,"href":"https:\/\/www.nokiankylat.fi\/taivalkunta\/wp-json\/wp\/v2\/users\/4"}],"replies":[{"embeddable":true,"href":"https:\/\/www.nokiankylat.fi\/taivalkunta\/wp-json\/wp\/v2\/comments?post=3566"}],"version-history":[{"count":6,"href":"https:\/\/www.nokiankylat.fi\/taivalkunta\/wp-json\/wp\/v2\/pages\/3566\/revisions"}],"predecessor-version":[{"id":3587,"href":"https:\/\/www.nokiankylat.fi\/taivalkunta\/wp-json\/wp\/v2\/pages\/3566\/revisions\/3587"}],"up":[{"embeddable":true,"href":"https:\/\/www.nokiankylat.fi\/taivalkunta\/wp-json\/wp\/v2\/pages\/1034"}],"wp:attachment":[{"href":"https:\/\/www.nokiankylat.fi\/taivalkunta\/wp-json\/wp\/v2\/media?parent=3566"}],"curies":[{"name":"wp","href":"https:\/\/api.w.org\/{rel}","templated":true}]}}