{"id":3582,"date":"2020-06-11T10:02:48","date_gmt":"2020-06-11T07:02:48","guid":{"rendered":"https:\/\/www.nokiankylat.fi\/taivalkunta\/?page_id=3582"},"modified":"2020-06-11T10:05:57","modified_gmt":"2020-06-11T07:05:57","slug":"poytakirja-10-6-2020","status":"publish","type":"page","link":"https:\/\/www.nokiankylat.fi\/taivalkunta\/yhdistykset\/taivalkunnan-kylat-ry\/kokoukset-ja-kylaillat\/kevatkokous-10-6-2020\/poytakirja-10-6-2020\/","title":{"rendered":"P\u00f6yt\u00e4kirja 10-6-2020"},"content":{"rendered":"<p>Taivalkunnan kyl\u00e4t ry kev\u00e4tkokous\u00a0\u00a0\u00a0\u00a0\u00a0\u00a0\u00a0\u00a0\u00a0\u00a0\u00a0\u00a0\u00a0\u00a0\u00a0\u00a0\u00a0\u00a0\u00a0\u00a0\u00a0\u00a0\u00a0\u00a0\u00a0\u00a0\u00a0\u00a0\u00a0\u00a0\u00a0\u00a0\u00a0\u00a0\u00a0\u00a0\u00a0\u00a0\u00a0\u00a0\u00a0\u00a0\u00a0\u00a0\u00a0\u00a0\u00a0\u00a0 P\u00d6YT\u00c4KIRJA<\/p>\n<p>Aika: ke 10.6.2020 klo 18.30<\/p>\n<p>Paikka: Taivalkunnan koulu<\/p>\n<p>L\u00e4sn\u00e4: Olli Sorva, Minna M\u00e4kinen, Elina Helenius, Erkko M\u00e4enp\u00e4\u00e4, Ronja M\u00e4enp\u00e4\u00e4, Risto Mattila, Anja Mattila, Sisko Sorva sek\u00e4 Aino Nyyss\u00f6nen.<\/p>\n<p>&nbsp;<\/p>\n<ol>\n<li>Kokouksen avaaminen<\/li>\n<\/ol>\n<p>Taivalkunnan kyl\u00e4t ry puheenjohtaja Olli Sorva toivotti kokousv\u00e4en tervetulleeksi ja avasi kokouksen klo 18.30.<\/p>\n<p>&nbsp;<\/p>\n<p>2. \u00a0 Kokouksen j\u00e4rjest\u00e4ytyminen.<\/p>\n<p>Kokouksen puheenjohtajaksi valittiin Olli Sorva, sihteeriksi Minna M\u00e4kinen ja p\u00f6yt\u00e4kirjantarkastajiksi Elina Helenius ja Erkko M\u00e4enp\u00e4\u00e4. \u00c4\u00e4ntenlaskijat p\u00e4\u00e4tettiin valita, jos kokouksen kulku sit\u00e4 edellytt\u00e4\u00e4.<\/p>\n<p>&nbsp;<\/p>\n<p>3. \u00a0 Laillisuuden ja p\u00e4\u00e4t\u00f6svaltaisuuden toteaminen<\/p>\n<p>Todettiin kokous yhdistyksen s\u00e4\u00e4nt\u00f6jen mukaan koollekutsutuksi. Kokous todettiin lailliseksi ja p\u00e4\u00e4t\u00f6svaltaiseksi.<\/p>\n<p>&nbsp;<\/p>\n<p>4. \u00a0 Esityslistan hyv\u00e4ksyminen<\/p>\n<p>Hyv\u00e4ksyttiin kokouksen esityslista ty\u00f6j\u00e4rjestykseksi.<\/p>\n<p>&nbsp;<\/p>\n<p>5. \u00a0 Toimintakertomuksen 2019 k\u00e4sittely<\/p>\n<p>Olli Sorva esitteli hallituksen toimintakertomuksen ja kokous totesi toiminnan olevan monipuolista.<\/p>\n<p>&nbsp;<\/p>\n<p>6. \u00a0 Tilinp\u00e4\u00e4t\u00f6ksen k\u00e4sittely<\/p>\n<p>Esitettiin tilinp\u00e4\u00e4t\u00f6s ja kuultiin toiminnantarkastajan lausunto. Todettiin, ett\u00e4 yhdistyksen asioita on hoidettu hyvin.<\/p>\n<p>&nbsp;<\/p>\n<p>7. \u00a0 Tili-ja vastuuvapauden my\u00f6nt\u00e4minen tilivelvollisille<\/p>\n<p>Vahvistettiin tilinp\u00e4\u00e4t\u00f6s ja p\u00e4\u00e4tettiin yksimielisesti my\u00f6nt\u00e4\u00e4 vastuuvapaus tilivelvollisille.<\/p>\n<p>&nbsp;<\/p>\n<p>8. \u00a0 Muut asiat<\/p>\n<p>Todettiin, ett\u00e4 kyl\u00e4n 40-vuotisjuhla pidet\u00e4\u00e4n 11.9.2020 klo 17 alkaen Taivalkunnan koululla.<\/p>\n<p>&nbsp;<\/p>\n<p>9. \u00a0 Kokouksen p\u00e4\u00e4tt\u00e4minen<\/p>\n<p>Olli Sorva kiitti aktiivista kokousv\u00e4ke\u00e4 ja p\u00e4\u00e4tti kokouksen 18.58.<\/p>\n<p>&nbsp;<\/p>\n<p>Minna M\u00e4kinen, sihteeri<\/p>\n<p>Elina Helenius, p\u00f6yt\u00e4kirjantarkastaja<\/p>\n<p>Erkko M\u00e4enp\u00e4\u00e4, p\u00f6yt\u00e4kirjantarkastaja<\/p>\n<p>&nbsp;<\/p>\n","protected":false},"excerpt":{"rendered":"<p>Taivalkunnan kyl\u00e4t ry kev\u00e4tkokous\u00a0\u00a0\u00a0\u00a0\u00a0\u00a0\u00a0\u00a0\u00a0\u00a0\u00a0\u00a0\u00a0\u00a0\u00a0\u00a0\u00a0\u00a0\u00a0\u00a0\u00a0\u00a0\u00a0\u00a0\u00a0\u00a0\u00a0\u00a0\u00a0\u00a0\u00a0\u00a0\u00a0\u00a0\u00a0\u00a0\u00a0\u00a0\u00a0\u00a0\u00a0\u00a0\u00a0\u00a0\u00a0\u00a0\u00a0\u00a0 P\u00d6YT\u00c4KIRJA Aika: ke 10.6.2020 klo 18.30 Paikka: Taivalkunnan koulu L\u00e4sn\u00e4: Olli Sorva, Minna M\u00e4kinen, Elina Helenius, Erkko M\u00e4enp\u00e4\u00e4, Ronja M\u00e4enp\u00e4\u00e4, Risto Mattila, Anja Mattila, Sisko Sorva sek\u00e4 Aino Nyyss\u00f6nen. &nbsp; Kokouksen avaaminen Taivalkunnan kyl\u00e4t ry puheenjohtaja Olli Sorva toivotti kokousv\u00e4en tervetulleeksi ja avasi kokouksen klo 18.30. &nbsp; 2. \u00a0 Kokouksen j\u00e4rjest\u00e4ytyminen. &hellip; <a href=\"https:\/\/www.nokiankylat.fi\/taivalkunta\/yhdistykset\/taivalkunnan-kylat-ry\/kokoukset-ja-kylaillat\/kevatkokous-10-6-2020\/poytakirja-10-6-2020\/\">Jatkuu<\/a><\/p>\n","protected":false},"author":4,"featured_media":0,"parent":3566,"menu_order":0,"comment_status":"closed","ping_status":"closed","template":"","meta":{"_acf_changed":false,"footnotes":""},"class_list":["post-3582","page","type-page","status-publish","hentry"],"acf":[],"_links":{"self":[{"href":"https:\/\/www.nokiankylat.fi\/taivalkunta\/wp-json\/wp\/v2\/pages\/3582","targetHints":{"allow":["GET"]}}],"collection":[{"href":"https:\/\/www.nokiankylat.fi\/taivalkunta\/wp-json\/wp\/v2\/pages"}],"about":[{"href":"https:\/\/www.nokiankylat.fi\/taivalkunta\/wp-json\/wp\/v2\/types\/page"}],"author":[{"embeddable":true,"href":"https:\/\/www.nokiankylat.fi\/taivalkunta\/wp-json\/wp\/v2\/users\/4"}],"replies":[{"embeddable":true,"href":"https:\/\/www.nokiankylat.fi\/taivalkunta\/wp-json\/wp\/v2\/comments?post=3582"}],"version-history":[{"count":5,"href":"https:\/\/www.nokiankylat.fi\/taivalkunta\/wp-json\/wp\/v2\/pages\/3582\/revisions"}],"predecessor-version":[{"id":3588,"href":"https:\/\/www.nokiankylat.fi\/taivalkunta\/wp-json\/wp\/v2\/pages\/3582\/revisions\/3588"}],"up":[{"embeddable":true,"href":"https:\/\/www.nokiankylat.fi\/taivalkunta\/wp-json\/wp\/v2\/pages\/3566"}],"wp:attachment":[{"href":"https:\/\/www.nokiankylat.fi\/taivalkunta\/wp-json\/wp\/v2\/media?parent=3582"}],"curies":[{"name":"wp","href":"https:\/\/api.w.org\/{rel}","templated":true}]}}