{"id":3592,"date":"2020-08-01T14:15:20","date_gmt":"2020-08-01T11:15:20","guid":{"rendered":"https:\/\/www.nokiankylat.fi\/taivalkunta\/?page_id=3592"},"modified":"2020-08-01T14:15:20","modified_gmt":"2020-08-01T11:15:20","slug":"kylakirje-1-8-2020","status":"publish","type":"page","link":"https:\/\/www.nokiankylat.fi\/taivalkunta\/yhdistykset\/taivalkunnan-kylat-ry\/kylayhdistyksen-arkisto\/kylakirjeet\/kylakirjeet-2020\/kylakirje-1-8-2020\/","title":{"rendered":"Kyl\u00e4kirje 1-8-2020"},"content":{"rendered":"<p><strong>Taivalkunnan kyl\u00e4kirje 1.8.2020<\/strong><\/p>\n<p><strong>Pilates-tunnit<\/strong> jatkuvat syksyll\u00e4 Taivalkunnan koululla <strong><em>tiistaisin<\/em><\/strong> klo 18.10-19.10, kausi alkaa 8.9 ja jatkuu 8.12 asti. Tuntien vet\u00e4j\u00e4 toimii Suvi Suur-Inkeroinen suvi@suvintuulet.fi.<\/p>\n<p><strong>Kyl\u00e4yhdistys t\u00e4ytti 40 vuotta. <\/strong>T\u00e4m\u00e4n hetken tiedon mukaan vuosijuhlaa on tarkoitus viett\u00e4\u00e4 arvokkaasti ja juhlavasti pe 11.9.2020 kello 17.00. Varsinainen kutsu sek\u00e4 tietoa juhlan sis\u00e4ll\u00f6st\u00e4 l\u00e4hetet\u00e4\u00e4n my\u00f6hemmin, mutta laita p\u00e4iv\u00e4m\u00e4\u00e4r\u00e4 jo nyt muistiin.<\/p>\n<p><strong>Yksityistieasiaa. <\/strong>Kyl\u00e4ll\u00e4 on muutama pidempi yksityistie, mutta lyhyit\u00e4 teit\u00e4 on runsaasti, joiden lumen aurauksen on kaupunki hoitanut. Tulevana talvena ei yksityisteille aurauksia kaupungin toimesta tehd\u00e4, mutta rahallista avustusta on mahdollisuus saada, joka perustuu tien pituuteen, leveyteen ja ajoneuvom\u00e4\u00e4r\u00e4\u00e4n.<\/p>\n<p>Uuden yksityistielain mukaan avustuksen my\u00f6nt\u00e4misen edellytykset ovat tiekunnan j\u00e4rjest\u00e4ytyminen ja ett\u00e4 tiekunnan tiedot on tallennettu maanmittauslaitoksen yksityistierekisteriin ja kansalliseen tie- ja katuverkon j\u00e4rjestelm\u00e4\u00e4n (Digiroad).<\/p>\n<p>Jatkossa yksityistieavustukset haetaan kokonaiselta toimintavuodelta (kalenterivuosi) yksityisteihin kohdistuneisiin kustannuksiin toteutuneiden kustannusten mukaan. Vuoden 2020 yksityistieavustukset haetaan 30.4.2021 menness\u00e4. Vuoden 2020 aikana ei haeta yksityistieavustuksia.<\/p>\n<p>Nokian kaupungin uudet yksityisteiden kunnossapidon avustusperiaatteet ja ehdot edellytt\u00e4v\u00e4t, ett\u00e4 tiet\u00e4 koskevien asioiden hoitamista varten on perustettu virallinen tiekunta, jolla on erillinen tiekunnan nimen mukainen s\u00e4hk\u00f6postiosoite ja oma erillinen tili, jonne avustus maksetaan. Avustushakemuksen liitteen\u00e4 tulee toimittaa ajantasainen ote Maanmittauslaitoksen yksityistierekisterist\u00e4, johon tiekunnan tiedot on p\u00e4ivitetty voimassa olevan yksityistielain mukaisesti. Tiekunta on toimittanut avustushakemuksen liitteen\u00e4 avustusvuotta koskevan tilinp\u00e4\u00e4t\u00f6ksen tai alkuper\u00e4iset kulutositteet avustettavalta vuodelta. Tarkemmin asiasta l\u00f6ytyy kaupungin sivuilla.<\/p>\n<p><strong>Muistakaa, ett\u00e4 ulkoilmassa olo vahvistaa vastustuskyky\u00e4<\/strong>. Meid\u00e4n kyl\u00e4ll\u00e4 liikkuessaan on my\u00f6s helppo pit\u00e4\u00e4 turvaet\u00e4isyyksist\u00e4 kiinni. Olkaamme luottavaisin ja turvallisin mielin. Otetaan yhteytt\u00e4 puolin ja toisin sek\u00e4 kysyk\u00e4\u00e4 rohkeasti apua, jos tunnette sen tarvetta.<\/p>\n<p>Taivalkunnan kyl\u00e4t ry pj. Olli Sorva, olli.sorva(at)nokiansahkotalo.fi, <a href=\"http:\/\/www.nokiankylat.fi\/taivalkunta\">www.nokiankylat.fi\/taivalkunta<\/a>, <a href=\"http:\/\/www.facebook.com\/taivalkunta\/\">www.facebook.com\/taivalkunta\/<\/a>.<\/p>\n","protected":false},"excerpt":{"rendered":"<p>Taivalkunnan kyl\u00e4kirje 1.8.2020 Pilates-tunnit jatkuvat syksyll\u00e4 Taivalkunnan koululla tiistaisin klo 18.10-19.10, kausi alkaa 8.9 ja jatkuu 8.12 asti. Tuntien vet\u00e4j\u00e4 toimii Suvi Suur-Inkeroinen suvi@suvintuulet.fi. Kyl\u00e4yhdistys t\u00e4ytti 40 vuotta. T\u00e4m\u00e4n hetken tiedon mukaan vuosijuhlaa on tarkoitus viett\u00e4\u00e4 arvokkaasti ja juhlavasti pe 11.9.2020 kello 17.00. Varsinainen kutsu sek\u00e4 tietoa juhlan sis\u00e4ll\u00f6st\u00e4 l\u00e4hetet\u00e4\u00e4n my\u00f6hemmin, mutta laita p\u00e4iv\u00e4m\u00e4\u00e4r\u00e4 jo &hellip; <a href=\"https:\/\/www.nokiankylat.fi\/taivalkunta\/yhdistykset\/taivalkunnan-kylat-ry\/kylayhdistyksen-arkisto\/kylakirjeet\/kylakirjeet-2020\/kylakirje-1-8-2020\/\">Jatkuu<\/a><\/p>\n","protected":false},"author":4,"featured_media":0,"parent":3284,"menu_order":0,"comment_status":"closed","ping_status":"closed","template":"","meta":{"_acf_changed":false,"footnotes":""},"class_list":["post-3592","page","type-page","status-publish","hentry"],"acf":[],"_links":{"self":[{"href":"https:\/\/www.nokiankylat.fi\/taivalkunta\/wp-json\/wp\/v2\/pages\/3592","targetHints":{"allow":["GET"]}}],"collection":[{"href":"https:\/\/www.nokiankylat.fi\/taivalkunta\/wp-json\/wp\/v2\/pages"}],"about":[{"href":"https:\/\/www.nokiankylat.fi\/taivalkunta\/wp-json\/wp\/v2\/types\/page"}],"author":[{"embeddable":true,"href":"https:\/\/www.nokiankylat.fi\/taivalkunta\/wp-json\/wp\/v2\/users\/4"}],"replies":[{"embeddable":true,"href":"https:\/\/www.nokiankylat.fi\/taivalkunta\/wp-json\/wp\/v2\/comments?post=3592"}],"version-history":[{"count":1,"href":"https:\/\/www.nokiankylat.fi\/taivalkunta\/wp-json\/wp\/v2\/pages\/3592\/revisions"}],"predecessor-version":[{"id":3593,"href":"https:\/\/www.nokiankylat.fi\/taivalkunta\/wp-json\/wp\/v2\/pages\/3592\/revisions\/3593"}],"up":[{"embeddable":true,"href":"https:\/\/www.nokiankylat.fi\/taivalkunta\/wp-json\/wp\/v2\/pages\/3284"}],"wp:attachment":[{"href":"https:\/\/www.nokiankylat.fi\/taivalkunta\/wp-json\/wp\/v2\/media?parent=3592"}],"curies":[{"name":"wp","href":"https:\/\/api.w.org\/{rel}","templated":true}]}}