{"id":3707,"date":"2020-09-03T17:11:22","date_gmt":"2020-09-03T14:11:22","guid":{"rendered":"https:\/\/www.nokiankylat.fi\/taivalkunta\/?page_id=3707"},"modified":"2020-10-26T18:34:13","modified_gmt":"2020-10-26T16:34:13","slug":"kylakirje-3-9-2020","status":"publish","type":"page","link":"https:\/\/www.nokiankylat.fi\/taivalkunta\/yhdistykset\/taivalkunnan-kylat-ry\/kylayhdistyksen-arkisto\/kylakirjeet\/kylakirjeet-2020\/kylakirje-3-9-2020\/","title":{"rendered":"Kyl\u00e4kirje 3-9-2020"},"content":{"rendered":"<p>Taivalkunnan kyl\u00e4t ry:n 40-vuotisjuhla pidet\u00e4\u00e4n 11.9 kello 18:30<\/p>\n<p><a href=\"https:\/\/www.nokiankylat.fi\/taivalkunta\/wp-content\/uploads\/sites\/11\/2020\/09\/KOKOUSKUTSU-40-VUOTISJUHLAAN-scaled-e1599142478193.jpg\"><img loading=\"lazy\" decoding=\"async\" class=\"alignnone size-medium wp-image-3706\" src=\"https:\/\/www.nokiankylat.fi\/taivalkunta\/wp-content\/uploads\/sites\/11\/2020\/09\/KOKOUSKUTSU-40-VUOTISJUHLAAN-scaled-e1599142478193-205x300.jpg\" alt=\"\" width=\"205\" height=\"300\" srcset=\"https:\/\/www.nokiankylat.fi\/taivalkunta\/wp-content\/uploads\/sites\/11\/2020\/09\/KOKOUSKUTSU-40-VUOTISJUHLAAN-scaled-e1599142478193-205x300.jpg 205w, https:\/\/www.nokiankylat.fi\/taivalkunta\/wp-content\/uploads\/sites\/11\/2020\/09\/KOKOUSKUTSU-40-VUOTISJUHLAAN-scaled-e1599142478193-699x1024.jpg 699w, https:\/\/www.nokiankylat.fi\/taivalkunta\/wp-content\/uploads\/sites\/11\/2020\/09\/KOKOUSKUTSU-40-VUOTISJUHLAAN-scaled-e1599142478193-768x1126.jpg 768w, https:\/\/www.nokiankylat.fi\/taivalkunta\/wp-content\/uploads\/sites\/11\/2020\/09\/KOKOUSKUTSU-40-VUOTISJUHLAAN-scaled-e1599142478193.jpg 893w\" sizes=\"auto, (max-width: 205px) 100vw, 205px\" \/><\/a><\/p>\n","protected":false},"excerpt":{"rendered":"<p>Taivalkunnan kyl\u00e4t ry:n 40-vuotisjuhla pidet\u00e4\u00e4n 11.9 kello 18:30<\/p>\n","protected":false},"author":4,"featured_media":0,"parent":3284,"menu_order":0,"comment_status":"closed","ping_status":"closed","template":"","meta":{"_acf_changed":false,"footnotes":""},"class_list":["post-3707","page","type-page","status-publish","hentry"],"acf":[],"_links":{"self":[{"href":"https:\/\/www.nokiankylat.fi\/taivalkunta\/wp-json\/wp\/v2\/pages\/3707","targetHints":{"allow":["GET"]}}],"collection":[{"href":"https:\/\/www.nokiankylat.fi\/taivalkunta\/wp-json\/wp\/v2\/pages"}],"about":[{"href":"https:\/\/www.nokiankylat.fi\/taivalkunta\/wp-json\/wp\/v2\/types\/page"}],"author":[{"embeddable":true,"href":"https:\/\/www.nokiankylat.fi\/taivalkunta\/wp-json\/wp\/v2\/users\/4"}],"replies":[{"embeddable":true,"href":"https:\/\/www.nokiankylat.fi\/taivalkunta\/wp-json\/wp\/v2\/comments?post=3707"}],"version-history":[{"count":3,"href":"https:\/\/www.nokiankylat.fi\/taivalkunta\/wp-json\/wp\/v2\/pages\/3707\/revisions"}],"predecessor-version":[{"id":3711,"href":"https:\/\/www.nokiankylat.fi\/taivalkunta\/wp-json\/wp\/v2\/pages\/3707\/revisions\/3711"}],"up":[{"embeddable":true,"href":"https:\/\/www.nokiankylat.fi\/taivalkunta\/wp-json\/wp\/v2\/pages\/3284"}],"wp:attachment":[{"href":"https:\/\/www.nokiankylat.fi\/taivalkunta\/wp-json\/wp\/v2\/media?parent=3707"}],"curies":[{"name":"wp","href":"https:\/\/api.w.org\/{rel}","templated":true}]}}