{"id":3747,"date":"2020-10-10T14:25:51","date_gmt":"2020-10-10T11:25:51","guid":{"rendered":"https:\/\/www.nokiankylat.fi\/taivalkunta\/?page_id=3747"},"modified":"2020-10-10T14:29:18","modified_gmt":"2020-10-10T11:29:18","slug":"strateginen-yk-oas","status":"publish","type":"page","link":"https:\/\/www.nokiankylat.fi\/taivalkunta\/yhdistykset\/taivalkunnan-kylat-ry\/kokoukset-ja-kylaillat\/strateginen-yk-oas\/","title":{"rendered":"STRATEGINEN YK OAS"},"content":{"rendered":"<p>Koululla j\u00e4rjestet\u00e4\u00e4n to 15.10 kello 17.30 keskustelutilaisuus. Materiaali ennakkotutustumista varten on 45 sivuimen PDF ja se l\u00f6ytyy t\u00e4\u00e4lt\u00e4.<\/p>\n<p><a href=\"https:\/\/www.nokiankylat.fi\/taivalkunta\/wp-content\/uploads\/sites\/11\/2020\/10\/strateginen-yk-oas.pdf\">strateginen yk oas<\/a><\/p>\n","protected":false},"excerpt":{"rendered":"<p>Koululla j\u00e4rjestet\u00e4\u00e4n to 15.10 kello 17.30 keskustelutilaisuus. Materiaali ennakkotutustumista varten on 45 sivuimen PDF ja se l\u00f6ytyy t\u00e4\u00e4lt\u00e4. strateginen yk oas<\/p>\n","protected":false},"author":4,"featured_media":0,"parent":1034,"menu_order":0,"comment_status":"closed","ping_status":"closed","template":"","meta":{"_acf_changed":false,"footnotes":""},"class_list":["post-3747","page","type-page","status-publish","hentry"],"acf":[],"_links":{"self":[{"href":"https:\/\/www.nokiankylat.fi\/taivalkunta\/wp-json\/wp\/v2\/pages\/3747","targetHints":{"allow":["GET"]}}],"collection":[{"href":"https:\/\/www.nokiankylat.fi\/taivalkunta\/wp-json\/wp\/v2\/pages"}],"about":[{"href":"https:\/\/www.nokiankylat.fi\/taivalkunta\/wp-json\/wp\/v2\/types\/page"}],"author":[{"embeddable":true,"href":"https:\/\/www.nokiankylat.fi\/taivalkunta\/wp-json\/wp\/v2\/users\/4"}],"replies":[{"embeddable":true,"href":"https:\/\/www.nokiankylat.fi\/taivalkunta\/wp-json\/wp\/v2\/comments?post=3747"}],"version-history":[{"count":5,"href":"https:\/\/www.nokiankylat.fi\/taivalkunta\/wp-json\/wp\/v2\/pages\/3747\/revisions"}],"predecessor-version":[{"id":3756,"href":"https:\/\/www.nokiankylat.fi\/taivalkunta\/wp-json\/wp\/v2\/pages\/3747\/revisions\/3756"}],"up":[{"embeddable":true,"href":"https:\/\/www.nokiankylat.fi\/taivalkunta\/wp-json\/wp\/v2\/pages\/1034"}],"wp:attachment":[{"href":"https:\/\/www.nokiankylat.fi\/taivalkunta\/wp-json\/wp\/v2\/media?parent=3747"}],"curies":[{"name":"wp","href":"https:\/\/api.w.org\/{rel}","templated":true}]}}