{"id":3759,"date":"2020-10-26T18:32:35","date_gmt":"2020-10-26T16:32:35","guid":{"rendered":"https:\/\/www.nokiankylat.fi\/taivalkunta\/?page_id=3759"},"modified":"2021-09-19T11:14:51","modified_gmt":"2021-09-19T08:14:51","slug":"kylakirje-26-10-2020","status":"publish","type":"page","link":"https:\/\/www.nokiankylat.fi\/taivalkunta\/yhdistykset\/taivalkunnan-kylat-ry\/kylayhdistyksen-arkisto\/kylakirjeet\/kylakirjeet-2020\/kylakirje-26-10-2020\/","title":{"rendered":"Kyl\u00e4kirje 26-10-2020"},"content":{"rendered":"<p><strong>Taivalkunnan kyl\u00e4kirje 26.10.2020<\/strong><\/p>\n<p>Tavoitteena on, ett\u00e4 Strateginen yleiskaava saadaan hyv\u00e4ksymisk\u00e4sittelyyn alkuvuodesta 2022. Kaavan valmistelun kaikki alueelliset keskustelutilaisuudet ja sidosryhm\u00e4tapaamiset piti olla vuoden 2020 aikana, mutta aikataulu venynee.<\/p>\n<p>Tarkoitus on saada kyl\u00e4lle ajateltu tilaisuus toteutumaan, mutta aikataulu on toistaiseksi t\u00e4ysin avoin. Nyt kyl\u00e4yhdistys toivoo, ett\u00e4 <strong>kyl\u00e4l\u00e4iset laittaisivat n\u00e4kemyksi\u00e4\u00e4n tulemaan<\/strong>, niin voisimme silt\u00e4 pohjalta pit\u00e4\u00e4 kyl\u00e4yhdistyksen ja kaupungin v\u00e4lisen palaverin <strong>kyl\u00e4n yhteisen n\u00e4kemyksen saattamiseksi <\/strong>kaavavalmistajien tietoon mahdollisimman pian.<\/p>\n<p>Nokialla v\u00e4est\u00f6nkasvu pyrit\u00e4\u00e4n ohjaamaan p\u00e4\u00e4asiassa kahdelle kasvualueelle, eli keskustaan ja Harjuniittyyn. My\u00f6s Sammaliston ja <strong>Kohmalan<\/strong> alueet on osoitettu rakennesuunnitelmassa. Toteutumaton yleiskaavan asuinaluevaraus on Kohmalassa, 23 hehtaaria. Strateginen yleiskaava on tavoitteena laatia suurelta osin asemakaavoitusta ohjaavaksi yleiskaavaksi.<\/p>\n<p>Yleiskaavan keskeinen tavoite on m\u00e4\u00e4ritell\u00e4 kaupungin tahtotila siit\u00e4, minne rakennetaan ja miss\u00e4 palvelut ovat. Yleissuunnittelun tarve seuraavien vuosien aikana on ajankohtainen taajamarakenteen kasvusuunnilla Korvolassa sek\u00e4 Taivalkunnan, Sammaliston ja Tervasuon alueilla. Maapoliittisen ohjelman mukaan uusien alueiden asemakaavoitus kohdistetaan l\u00e4ht\u00f6kohtaisesti kaupungin omistamille maa-alueille. Siksi on t\u00e4rke\u00e4\u00e4 pyrki\u00e4 hankkimaan keskeisimm\u00e4t maa-alueet kaupungin omistukseen.<\/p>\n<p>Uusilla ja t\u00e4ydentyvill\u00e4 asuinalueilla palveluiden mitoituksen tulee olla ennakoivaa ja suunnitelmallista. Esimerkiksi <strong>koulujen<\/strong> ja p\u00e4iv\u00e4kotien sijainnit ovat t\u00e4rke\u00e4 osa kaupunkilaisten arkea. Kaavan valmistelun tueksi j\u00e4rjestet\u00e4\u00e4n alueellisesti tilaisuuksia teemakokonaisuuksittain sek\u00e4 tarvittaessa kohdennetusti tietyille sidosryhmille erikseen.<\/p>\n<p>Yleiskaavassa voidaan m\u00e4\u00e4r\u00e4t\u00e4, ettei yleiskaava-alueella tai sen osalla saa rakentaa niin, ett\u00e4 vaikeutetaan yleiskaavan toteutumista. Lupa on kuitenkin my\u00f6nnett\u00e4v\u00e4, jos yleiskaavasta johtuvasta luvan ep\u00e4\u00e4misest\u00e4 aiheutuisi hakijalle huomattavaa haittaa eik\u00e4 kunta lunasta aluetta tai suorita haitasta kohtuullista korvausta.<\/p>\n<p>Yleiskaavassa voidaan my\u00f6s m\u00e4\u00e4r\u00e4t\u00e4, ettei maisemaa muuttavaa toimenpidett\u00e4 saa suorittaa ilman 128 \u00a7:ss\u00e4 tarkoitettua lupaa. Yleiskaavassa voidaan erityisell\u00e4 m\u00e4\u00e4r\u00e4yksell\u00e4 kielt\u00e4\u00e4 k\u00e4ytt\u00e4m\u00e4st\u00e4 rakennustoimintaan tarkoitettua aluetta enint\u00e4\u00e4n viiden vuoden aikana muuhun rakentamiseen kuin maatalouden ja muiden siihen verrattavien elinkeinojen tarpeita varten.<\/p>\n<p>Tarkemmin yleiskaavan valmistelusta on kyl\u00e4n sivuilla <a href=\"http:\/\/www.nokiankylat.fi\/taivalkunta\/wp-content\/uploads\/sites\/11\/2020\/10\/strateginen-yk-oas.pdf\">www.nokiankylat.fi\/taivalkunta\/wp-content\/uploads\/sites\/11\/2020\/10\/strateginen-yk-oas.pdf<\/a><\/p>\n<p>Kehitt\u00e4misn\u00e4kemykset ja ehdotukset kaavaa ajatellen voi laittaa totuttuun tapaan minulle. Taivalkunnan kyl\u00e4t ry pj. Olli Sorva, <a href=\"mailto:olli.sorva@nokiansahkotalo.fi\">olli.sorva(at)nokiansahkotalo.fi<\/a>, <a href=\"http:\/\/www.nokiankylat.fi\/taivalkunta\">www.nokiankylat.fi\/taivalkunta<\/a>, <a href=\"http:\/\/www.facebook.com\/taivalkunta\/\">www.facebook.com\/taivalkunta\/<\/a>.<\/p>\n","protected":false},"excerpt":{"rendered":"<p>Taivalkunnan kyl\u00e4kirje 26.10.2020 Tavoitteena on, ett\u00e4 Strateginen yleiskaava saadaan hyv\u00e4ksymisk\u00e4sittelyyn alkuvuodesta 2022. Kaavan valmistelun kaikki alueelliset keskustelutilaisuudet ja sidosryhm\u00e4tapaamiset piti olla vuoden 2020 aikana, mutta aikataulu venynee. Tarkoitus on saada kyl\u00e4lle ajateltu tilaisuus toteutumaan, mutta aikataulu on toistaiseksi t\u00e4ysin avoin. Nyt kyl\u00e4yhdistys toivoo, ett\u00e4 kyl\u00e4l\u00e4iset laittaisivat n\u00e4kemyksi\u00e4\u00e4n tulemaan, niin voisimme silt\u00e4 pohjalta pit\u00e4\u00e4 kyl\u00e4yhdistyksen ja &hellip; <a href=\"https:\/\/www.nokiankylat.fi\/taivalkunta\/yhdistykset\/taivalkunnan-kylat-ry\/kylayhdistyksen-arkisto\/kylakirjeet\/kylakirjeet-2020\/kylakirje-26-10-2020\/\">Jatkuu<\/a><\/p>\n","protected":false},"author":4,"featured_media":0,"parent":3284,"menu_order":0,"comment_status":"closed","ping_status":"closed","template":"","meta":{"_acf_changed":false,"footnotes":""},"class_list":["post-3759","page","type-page","status-publish","hentry"],"acf":[],"_links":{"self":[{"href":"https:\/\/www.nokiankylat.fi\/taivalkunta\/wp-json\/wp\/v2\/pages\/3759","targetHints":{"allow":["GET"]}}],"collection":[{"href":"https:\/\/www.nokiankylat.fi\/taivalkunta\/wp-json\/wp\/v2\/pages"}],"about":[{"href":"https:\/\/www.nokiankylat.fi\/taivalkunta\/wp-json\/wp\/v2\/types\/page"}],"author":[{"embeddable":true,"href":"https:\/\/www.nokiankylat.fi\/taivalkunta\/wp-json\/wp\/v2\/users\/4"}],"replies":[{"embeddable":true,"href":"https:\/\/www.nokiankylat.fi\/taivalkunta\/wp-json\/wp\/v2\/comments?post=3759"}],"version-history":[{"count":2,"href":"https:\/\/www.nokiankylat.fi\/taivalkunta\/wp-json\/wp\/v2\/pages\/3759\/revisions"}],"predecessor-version":[{"id":4046,"href":"https:\/\/www.nokiankylat.fi\/taivalkunta\/wp-json\/wp\/v2\/pages\/3759\/revisions\/4046"}],"up":[{"embeddable":true,"href":"https:\/\/www.nokiankylat.fi\/taivalkunta\/wp-json\/wp\/v2\/pages\/3284"}],"wp:attachment":[{"href":"https:\/\/www.nokiankylat.fi\/taivalkunta\/wp-json\/wp\/v2\/media?parent=3759"}],"curies":[{"name":"wp","href":"https:\/\/api.w.org\/{rel}","templated":true}]}}