{"id":3787,"date":"2020-11-16T18:52:47","date_gmt":"2020-11-16T16:52:47","guid":{"rendered":"https:\/\/www.nokiankylat.fi\/taivalkunta\/?page_id=3787"},"modified":"2020-11-16T18:57:13","modified_gmt":"2020-11-16T16:57:13","slug":"esityslista-25-11-2020","status":"publish","type":"page","link":"https:\/\/www.nokiankylat.fi\/taivalkunta\/yhdistykset\/taivalkunnan-kylat-ry\/kokoukset-ja-kylaillat\/syyskokous\/esityslista-25-11-2020\/","title":{"rendered":"Esityslista 25-11-2020"},"content":{"rendered":"<p><b>Esityslista<\/b><\/p>\n<ol>\n<li>Kokouksen avaaminen<\/li>\n<li>Kokouksen j\u00e4rjest\u00e4ytyminen<\/li>\n<li>Laillisuuden ja p\u00e4\u00e4t\u00f6svaltaisuuden toteaminen<\/li>\n<li>Ty\u00f6j\u00e4rjestyksest\u00e4 p\u00e4\u00e4tt\u00e4minen<\/li>\n<li>Toimintasuunnitelman ja talousarvion vahvistaminen seuraavalle vuodelle sek\u00e4 j\u00e4senmaksun suuruus<\/li>\n<li>Puheenjohtajan valinta vuodelle 2021<\/li>\n<li>Hallituksen j\u00e4senten valinta, toimikausi on kaksi vuotta<\/li>\n<li>Toiminnantarkastajan ja varatoiminnantarkastajan valinta<\/li>\n<li>Muut esille tulevat asiat<\/li>\n<li>Kokouksen p\u00e4\u00e4tt\u00e4minen<\/li>\n<\/ol>\n","protected":false},"excerpt":{"rendered":"<p>Esityslista Kokouksen avaaminen Kokouksen j\u00e4rjest\u00e4ytyminen Laillisuuden ja p\u00e4\u00e4t\u00f6svaltaisuuden toteaminen Ty\u00f6j\u00e4rjestyksest\u00e4 p\u00e4\u00e4tt\u00e4minen Toimintasuunnitelman ja talousarvion vahvistaminen seuraavalle vuodelle sek\u00e4 j\u00e4senmaksun suuruus Puheenjohtajan valinta vuodelle 2021 Hallituksen j\u00e4senten valinta, toimikausi on kaksi vuotta Toiminnantarkastajan ja varatoiminnantarkastajan valinta Muut esille tulevat asiat Kokouksen p\u00e4\u00e4tt\u00e4minen<\/p>\n","protected":false},"author":4,"featured_media":0,"parent":3774,"menu_order":0,"comment_status":"closed","ping_status":"closed","template":"","meta":{"_acf_changed":false,"footnotes":""},"class_list":["post-3787","page","type-page","status-publish","hentry"],"acf":[],"_links":{"self":[{"href":"https:\/\/www.nokiankylat.fi\/taivalkunta\/wp-json\/wp\/v2\/pages\/3787","targetHints":{"allow":["GET"]}}],"collection":[{"href":"https:\/\/www.nokiankylat.fi\/taivalkunta\/wp-json\/wp\/v2\/pages"}],"about":[{"href":"https:\/\/www.nokiankylat.fi\/taivalkunta\/wp-json\/wp\/v2\/types\/page"}],"author":[{"embeddable":true,"href":"https:\/\/www.nokiankylat.fi\/taivalkunta\/wp-json\/wp\/v2\/users\/4"}],"replies":[{"embeddable":true,"href":"https:\/\/www.nokiankylat.fi\/taivalkunta\/wp-json\/wp\/v2\/comments?post=3787"}],"version-history":[{"count":1,"href":"https:\/\/www.nokiankylat.fi\/taivalkunta\/wp-json\/wp\/v2\/pages\/3787\/revisions"}],"predecessor-version":[{"id":3788,"href":"https:\/\/www.nokiankylat.fi\/taivalkunta\/wp-json\/wp\/v2\/pages\/3787\/revisions\/3788"}],"up":[{"embeddable":true,"href":"https:\/\/www.nokiankylat.fi\/taivalkunta\/wp-json\/wp\/v2\/pages\/3774"}],"wp:attachment":[{"href":"https:\/\/www.nokiankylat.fi\/taivalkunta\/wp-json\/wp\/v2\/media?parent=3787"}],"curies":[{"name":"wp","href":"https:\/\/api.w.org\/{rel}","templated":true}]}}