{"id":3808,"date":"2020-12-21T17:38:14","date_gmt":"2020-12-21T15:38:14","guid":{"rendered":"https:\/\/www.nokiankylat.fi\/taivalkunta\/?page_id=3808"},"modified":"2020-12-21T17:38:14","modified_gmt":"2020-12-21T15:38:14","slug":"kylakirje-22-12-2020","status":"publish","type":"page","link":"https:\/\/www.nokiankylat.fi\/taivalkunta\/yhdistykset\/taivalkunnan-kylat-ry\/kylayhdistyksen-arkisto\/kylakirjeet\/kylakirjeet-2020\/kylakirje-22-12-2020\/","title":{"rendered":"Kyl\u00e4kirje 22-12-2020"},"content":{"rendered":"<p><strong>Taivalkunnan kyl\u00e4kirje 22.12.2020<\/strong><\/p>\n<p><strong>Joulu<\/strong> on jo ovella ja kyl\u00e4 rauhoittuu joulun viettoon. Monen jouluun liittyy perinteit\u00e4. Osa niist\u00e4 vahvistaa yhteenkuuluvuutta ja antaa henkist\u00e4 voimaa tuleville kuukausille. T\u00e4n\u00e4 vuonna j\u00e4iv\u00e4t perinteiset joululaulutilaisuudet ja muutkin yleiset kokoontumiset v\u00e4liin. Meit\u00e4 on my\u00f6s ohjeistettu, ettemme kokoonnu isolla porukalla sukulaistemmekaan kanssa joulunviettoon. Muistakaamme silti yst\u00e4vi\u00e4mme, l\u00e4himm\u00e4isi\u00e4mme ja yksin\u00e4isi\u00e4 ihmisi\u00e4.<\/p>\n<p><strong>Minulla on ajatuksen asteella <\/strong>tehd\u00e4 viel\u00e4 kolmas kyl\u00e4kirja omakustanteisesti. Aloittelen kirjaa kaiketi alkuvuodesta. Siihen tulee juttua kyl\u00e4yhdistyksen toiminnasta ja kyl\u00e4l\u00e4isten tarinoita. Toivon, ett\u00e4 saan teilt\u00e4 vihi\u00e4, keneen voin olla yhteydess\u00e4 tarinoita ker\u00e4tess\u00e4ni. Olkaa itsekin aloitteellisia omien tarinoidenne suhteen. My\u00f6s nuorten henkil\u00f6iden tarinat\/kertomukset ovat tervetulleita. Kyl\u00e4 ja kyl\u00e4l\u00e4iset ansaitsevat kirjansa ja ehk\u00e4 saan sen valmiiksi ensi vuoden aikana.<\/p>\n<p><strong>Puheenjohtajapestini<\/strong> Taivalkunnan kyl\u00e4t ry:ss\u00e4 p\u00e4\u00e4ttyy vuodenvaihteessa. Monta s\u00e4hk\u00f6postia ja yhteydenottoa olen vuosien varrella kyl\u00e4lt\u00e4 ja yhteisty\u00f6kumppaneiltamme saanut. M\u00e4\u00e4r\u00e4 nousee useampaan sataan ja kaikki ovat olleet asiallisia. Menneet vuodet ovat olleet minulle hyvin antoisia ja kiitos siit\u00e4 kuuluu teille kaikille ihanat kyl\u00e4l\u00e4iset ja kumppanit. My\u00f6s kyl\u00e4hallituksen j\u00e4senten kanssa yhteisty\u00f6 on ollut helppoa ja mukavaa. Kiitos siit\u00e4 heille. Yhteisty\u00f6ss\u00e4 on ollut voimaa ja kyl\u00e4 on pysynyt elinkelpoisena ja asukkaiden ik\u00e4rakenne hyv\u00e4n\u00e4.<\/p>\n<p><strong>Asun jatkossakin kyl\u00e4ll\u00e4. <\/strong>Kyl\u00e4yhdistyksen asioiden hoito siirtyy uudelle hallitukselle, mutta minuun voi edelleen olla yhteydess\u00e4 kaikissa muissa asioissa, my\u00f6s henkil\u00f6kohtaisissa. Ollaan yhteydess\u00e4 puolin ja toisin.<\/p>\n<p>Toivotan sek\u00e4 <strong>kyl\u00e4yhdistyksen<\/strong> ett\u00e4 omasta <strong>puolestani kaikille rauhallista ja mukavaa joulua sek\u00e4 onnea uudelle vuodelle<\/strong>.<\/p>\n<p>Taivalkunnan kyl\u00e4t ry pj. Olli Sorva, <a href=\"mailto:olli.sorva@nokiansahkotalo.fi\">olli.sorva(at)nokiansahkotalo.fi<\/a>, <a href=\"http:\/\/www.nokiankylat.fi\/taivalkunta\">www.nokiankylat.fi\/taivalkunta<\/a>, <a href=\"http:\/\/www.facebook.com\/taivalkunta\/\">www.facebook.com\/taivalkunta\/<\/a>.<\/p>\n","protected":false},"excerpt":{"rendered":"<p>Taivalkunnan kyl\u00e4kirje 22.12.2020 Joulu on jo ovella ja kyl\u00e4 rauhoittuu joulun viettoon. Monen jouluun liittyy perinteit\u00e4. Osa niist\u00e4 vahvistaa yhteenkuuluvuutta ja antaa henkist\u00e4 voimaa tuleville kuukausille. T\u00e4n\u00e4 vuonna j\u00e4iv\u00e4t perinteiset joululaulutilaisuudet ja muutkin yleiset kokoontumiset v\u00e4liin. Meit\u00e4 on my\u00f6s ohjeistettu, ettemme kokoonnu isolla porukalla sukulaistemmekaan kanssa joulunviettoon. Muistakaamme silti yst\u00e4vi\u00e4mme, l\u00e4himm\u00e4isi\u00e4mme ja yksin\u00e4isi\u00e4 ihmisi\u00e4. Minulla &hellip; <a href=\"https:\/\/www.nokiankylat.fi\/taivalkunta\/yhdistykset\/taivalkunnan-kylat-ry\/kylayhdistyksen-arkisto\/kylakirjeet\/kylakirjeet-2020\/kylakirje-22-12-2020\/\">Jatkuu<\/a><\/p>\n","protected":false},"author":4,"featured_media":0,"parent":3284,"menu_order":0,"comment_status":"closed","ping_status":"closed","template":"","meta":{"_acf_changed":false,"footnotes":""},"class_list":["post-3808","page","type-page","status-publish","hentry"],"acf":[],"_links":{"self":[{"href":"https:\/\/www.nokiankylat.fi\/taivalkunta\/wp-json\/wp\/v2\/pages\/3808","targetHints":{"allow":["GET"]}}],"collection":[{"href":"https:\/\/www.nokiankylat.fi\/taivalkunta\/wp-json\/wp\/v2\/pages"}],"about":[{"href":"https:\/\/www.nokiankylat.fi\/taivalkunta\/wp-json\/wp\/v2\/types\/page"}],"author":[{"embeddable":true,"href":"https:\/\/www.nokiankylat.fi\/taivalkunta\/wp-json\/wp\/v2\/users\/4"}],"replies":[{"embeddable":true,"href":"https:\/\/www.nokiankylat.fi\/taivalkunta\/wp-json\/wp\/v2\/comments?post=3808"}],"version-history":[{"count":1,"href":"https:\/\/www.nokiankylat.fi\/taivalkunta\/wp-json\/wp\/v2\/pages\/3808\/revisions"}],"predecessor-version":[{"id":3809,"href":"https:\/\/www.nokiankylat.fi\/taivalkunta\/wp-json\/wp\/v2\/pages\/3808\/revisions\/3809"}],"up":[{"embeddable":true,"href":"https:\/\/www.nokiankylat.fi\/taivalkunta\/wp-json\/wp\/v2\/pages\/3284"}],"wp:attachment":[{"href":"https:\/\/www.nokiankylat.fi\/taivalkunta\/wp-json\/wp\/v2\/media?parent=3808"}],"curies":[{"name":"wp","href":"https:\/\/api.w.org\/{rel}","templated":true}]}}