{"id":3812,"date":"2020-12-31T08:13:59","date_gmt":"2020-12-31T06:13:59","guid":{"rendered":"https:\/\/www.nokiankylat.fi\/taivalkunta\/?page_id=3812"},"modified":"2025-01-05T17:59:35","modified_gmt":"2025-01-05T15:59:35","slug":"toimintakertomus-2020","status":"publish","type":"page","link":"https:\/\/www.nokiankylat.fi\/taivalkunta\/yhdistykset\/taivalkunnan-kylat-ry\/kylayhdistyksen-arkisto\/toimintakertomus-2020\/","title":{"rendered":"Toimintakertomus 2020"},"content":{"rendered":"<p><strong>Taivalkunnan kyl\u00e4t ry vuosikertomus 2020<\/strong><\/p>\n<p>&nbsp;<\/p>\n<p>Yhdistyksen toiminta-alueena on koko Taivalkunta koostuen seuraavista kylist\u00e4: Taipale, Kohmala, Kennola, Vastam\u00e4ki, Memmola, Kassila, Haapaniemi, Kontaa, Lukkila ja K\u00e4rjenmaa.<\/p>\n<p>Yhdistyksen tarkoituksena on toimia Taivalkunnan asukkaiden ja yhteis\u00f6jen yhteisty\u00f6elimen\u00e4 pyrkimyksiss\u00e4 parantaa edell\u00e4 mainituilla alueilla vakituisesti tai vapaa-aikanaan asuvien ihmisten hyvinvointia.<\/p>\n<p>Yhdistys kannustaa toiminta-alueensa asukkaita yhteistoimintaan kotiseutunsa kehitt\u00e4miseksi sek\u00e4 kehitt\u00e4\u00e4 yhteisty\u00f6t\u00e4 toiminta-alueensa p\u00e4\u00e4tt\u00e4jien ja viranhaltijoiden kanssa kylien kehitt\u00e4misess\u00e4 ja kylien asukkaiden hyvinvoinnin parantamisessa. Tarkoituksena on lis\u00e4ksi verkostoitua muiden vastaavien tahojen ja maaseudun kehitt\u00e4misorganisaatioiden kanssa.<\/p>\n<p>Vuosi 2020 alkoi perinteisesti, mutta jo kev\u00e4\u00e4st\u00e4 alkaen maailmanlaajuinen viruspandemia ja sen aiheuttamat rajoitukset ja ohjeet karsivat yhdistyksen j\u00e4rjest\u00e4mi\u00e4 tilaisuuksia.<\/p>\n<p>&nbsp;<\/p>\n<p><strong>Hallinto<\/strong><\/p>\n<p>Taivalkunnan kyl\u00e4t ry:n hallitukseen vuonna 2020 ovat kuuluneet puheenjohtaja Olli Sorva, varapuheenjohtaja Tomi Teuho-Markkola, sihteeri Minna M\u00e4kinen, taloudenhoitaja Anja Mattila sek\u00e4 j\u00e4senet Elina Helenius, Teemu Lehtim\u00e4ki, Terhi Leskinen, Erkko M\u00e4enp\u00e4\u00e4 ja Kaisa Salonen.<\/p>\n<p>Toiminnantarkastajana tilikaudella 2020 toimi Veijo Hynninen ja h\u00e4nen varahenkil\u00f6n\u00e4\u00e4n Leena Myllyntausta.<\/p>\n<p>Taivalkunnan kyl\u00e4t ry:n kev\u00e4tkokous pidettiin 20.6.2020 ja syyskokous 25.11.2020. Kev\u00e4tkokous oli my\u00f6hennetyll\u00e4 aikataululla aiemmin kerrotun tautitilanteen takia ja kummassakin kokouksessa k\u00e4siteltiin vain lakis\u00e4\u00e4teiset asiat. Kokoukset pidettiin ilman perinteisi\u00e4 kahvituksia.<\/p>\n<p><strong>\u00a0<\/strong><\/p>\n<p><strong>Hallituksen kokoukset<\/strong><\/p>\n<p>Taivalkunnan kyl\u00e4t ry:n hallitus piti vuonna 2020 viisi omaa kokousta. Kokousten yhteishenki oli hyv\u00e4. \u00a0Aikaa k\u00e4ytettiin my\u00f6s kyl\u00e4n kehitt\u00e4misen suunnitteluun ja pohdittiin, miten kaupungin saisi enemm\u00e4n kiinnostumaan kyl\u00e4mme asioista. Lis\u00e4ksi 12.2. pidimme palaverin, jossa aiheena oli tuleva tapaaminen kaupungin edustajien kanssa. Loppukes\u00e4st\u00e4 pidimme 40-vuotisjuhlan suunnittelupalaverin.<\/p>\n<p>&nbsp;<\/p>\n<p><strong>Taivalkuntaa tunnetuksi ja tarpeemme tiedostetuiksi<\/strong><\/p>\n<p>Kaupungintalolla oli 17.2.2020 palaveri, jonka osallistujat olivat kaupunginjohtaja Eero V\u00e4\u00e4t\u00e4inen, kaupunkikehitysjohtaja Mikko Nieminen, maank\u00e4ytt\u00f6johtaja Kari Stenlund sek\u00e4 kyl\u00e4yhdistyksest\u00e4 Teemu Lehtim\u00e4ki, Olli Sorva ja Tomi Teuho-Markkola. Keskustelutilaisuus toteutettiin kyl\u00e4yhdistyksen pyynn\u00f6st\u00e4. Aiheina olivat koulu-, kehitys- ja maank\u00e4ytt\u00f6asiat. P\u00e4\u00e4tettiin, ett\u00e4 loppukev\u00e4\u00e4st\u00e4 on koulullamme yleis\u00f6tilaisuus, jossa n\u00e4it\u00e4 asioita puidaan siten, ett\u00e4 kaikilla kyl\u00e4l\u00e4isill\u00e4 on mahdollisuus kertoa n\u00e4kemyksens\u00e4. Tilaisuus peruuntui kuitenkin viruspandemiatilanteen takia. Syksyll\u00e4 yritimme uudelleen, mutta j\u00e4lleen pahentuva tautitilanne rajoituksineen sai tilaisuuden siirtym\u00e4\u00e4n, vaikka pitop\u00e4iv\u00e4kin oli jo sovittu ja kutsut jaettu. Ehk\u00e4p\u00e4 tilanne rauhoittuu alkuvuodesta ja kehitysasioihinkin saadaan koko kyl\u00e4n n\u00e4kemys tuotua esille keskustelutilaisuuden kautta.<\/p>\n<p>Edellisvuosien tapaan Taivalkuntaa tehtiin tunnetuksi my\u00f6s tiedotustoimintamme kautta kyl\u00e4n sivustolla ja julkisin kyl\u00e4kirjein. Kyl\u00e4postimme tilaajam\u00e4\u00e4r\u00e4\u00e4 saatiin kasvatettua ja mukana s\u00e4hk\u00f6postiosoitteistossa on my\u00f6s yhteisty\u00f6kumppaneiden ja median edustajia.<\/p>\n<p>&nbsp;<\/p>\n<p><strong>Talvitapahtuma, kev\u00e4tkarkelot, kyl\u00e4illat ja joululaulutilaisuus<\/strong><\/p>\n<p>Perinteist\u00e4 talvitapahtumaa ei helmikuussa j\u00e4rjestetty huonon lumitilanteen takia. Maliskuussa Suomessa alkoivat rajoitustoimet kokoontumisten suhteen, johtuen uuden koronaviruksen muodostamasta pandemiatilanteesta. Siit\u00e4 johtuen kev\u00e4tkarkelot ja kev\u00e4\u00e4lle kaavailtu kyl\u00e4ilta kyl\u00e4suunnitelman p\u00e4ivitt\u00e4miseksi j\u00e4tettiin vuodelta 2020 pois. Alkusyksyll\u00e4 pandemiatilanne oli hyvin rauhallinen ja yhdistyksen vuosijuhla saatiin j\u00e4rjestetty\u00e4, mutta influenssatilanteet luontaisesti pahenevat loppuvuodesta. Kuljettiin kohti kokoontumisia rajoittavaa tilannetta ja syyskokous j\u00e4i vuoden viimeiseksi yhdistyksen j\u00e4rjest\u00e4m\u00e4ksi tilaisuudeksi, kun joululaulutapahtuma jouduttiin j\u00e4tt\u00e4m\u00e4\u00e4n v\u00e4liin.<\/p>\n<p>&nbsp;<\/p>\n<p><strong>Kyl\u00e4yhdistys 40-vuotta<\/strong><\/p>\n<p>Kyl\u00e4yhdistys on perustettu 26.3.1980, joten vuosi 2020 oli juhlavuosi. Vuosijuhlaa vietimme 11.9. kyl\u00e4mme kauniilla koululla. Syntym\u00e4p\u00e4iv\u00e4t juhlittiin 90 hengen voimin ja kokonaisuudessaan koulun pihamaalla iltatilaisuutena. Oli iso telttakatos, jonka suojassa kakkukahvit juotiin. Tarjolla oli my\u00f6s grillattua makkaraa ja pihapelej\u00e4. Tilaisuuden juhlapuhujana oli kaupungin entinen elinkeinop\u00e4\u00e4llikk\u00f6 Henry Moisio ja yhdistyksen puheenjohtaja Olli Sorva piti diaesityksen kyl\u00e4yhdistyksen historiasta. S\u00e4iden haltija suosi meit\u00e4 l\u00e4mpim\u00e4ll\u00e4, tyynell\u00e4 ja kauniilla poutailmalla.<\/p>\n<p>Kiitos Nokian Uutisille, ett\u00e4 julkaisi tapahtumastamme netiss\u00e4 ja printtin\u00e4 koko sivun jutun. Kuvat ja valmiin tekstin juttuun oli kyl\u00e4yhdistyksen puheenjohtaja Olli toimittanut.<\/p>\n<p>&nbsp;<\/p>\n<p><strong>Nuorten asiat<\/strong><\/p>\n<p>Nuorissa on kyl\u00e4n tulevaisuus ja kyl\u00e4koulu on monelle mieluisin paikka aloittaa opintie. Koulun piha on iltaisin lasten k\u00e4yt\u00f6ss\u00e4. N\u00e4in kyl\u00e4yhdistys haluaa jatkossakin olevan. Koulun t\u00e4rkeytt\u00e4 toimme esille lopputalven palaverissa kaupungintalolla. Perinteisesti kyl\u00e4n lapset ja nuoriso ovat olleet vahvasti mukana kyl\u00e4n tapahtumissa, kuten talvitapahtuma ja kev\u00e4tkarkelot. Vaikka tapahtumat peruuntuivat vuodelta 2020, niin on ollut ilo seurata, ett\u00e4 koulun pihassa harrastetaan ulkoliikuntaa sek\u00e4 kouluaikana ett\u00e4 sen ulkopuolella.<\/p>\n<p>&nbsp;<\/p>\n<p><strong>Tiedotustoiminta<\/strong><\/p>\n<p>Vuonna 2020 tiedotus oli s\u00e4\u00e4nn\u00f6llist\u00e4. Kyl\u00e4kirjeit\u00e4 toimitettiin 13 kappaletta s\u00e4hk\u00f6postitse ja osa niist\u00e4 postilaatikkojakonakin. Kirjeet l\u00f6ytyv\u00e4t my\u00f6s Taivalkunnan kyl\u00e4n kotisivuilta. Kyl\u00e4n yhteiset asiat saivat palstatilaa paikallislehdess\u00e4. Kyl\u00e4n kotisivulla on mm. tapahtumakalenteri ja Taivalkuntatietoa. Kyl\u00e4n Facebook -sivut ovat tiedotusk\u00e4yt\u00f6ss\u00e4. Tarkempaa tietoa yhdistyksen vuoden 2020 toiminnastamme l\u00f6ytyy kyl\u00e4n sivustolta.<\/p>\n<p>&nbsp;<\/p>\n<p><strong>Muistamiset ja stipendit <\/strong><\/p>\n<p>Kev\u00e4\u00e4ll\u00e4 2020 Taivalkunnan kyl\u00e4t ry:n stipendit meniv\u00e4t kouluille jakoon seuraavasti: Taivalkunnan alakoulu 30 euron stipendit kiva kaveri -periaatteella saivat 1-3lk Jere Tuomisto ja 4-6lk Ronja Nenonen. 50 euron stipendit, paras keskiarvo koulusta l\u00e4htev\u00e4ll\u00e4 Taivalkuntalaisella, Nokianvirran yl\u00e4koulu Jaakko M\u00e4kinen 9D ja Em\u00e4kosken yl\u00e4koulu Max Granath 9D.<\/p>\n<p>&nbsp;<\/p>\n<p><strong>Terveytt\u00e4 liikunnalla ja itsest\u00e4\u00e4n huolenpitoa <\/strong><\/p>\n<p>Koululla oli viikoittainen Pilates-tunti. Kev\u00e4\u00e4ll\u00e4 oli parin kuukauden tauko, mutta silloin tunteihin oli mahdollisuus osallistua et\u00e4n\u00e4. Tunnin jatkuvat koululla alkuvuodesta, jos pandemiatilanne sen sallii. Liikuntasalin vuokran maksaa kyl\u00e4yhdistys ja kaikki kyl\u00e4l\u00e4iset toivotetaan tervetulleiksi. Tuntien pit\u00e4j\u00e4n\u00e4 toimii yhteisty\u00f6kaverimme Suvin Tuulet.<\/p>\n<p>&nbsp;<\/p>\n<p><strong>Tulevaisuuden n\u00e4kym\u00e4t<\/strong><\/p>\n<p>N\u00e4kym\u00e4t l\u00e4hitulevaisuudelle ovat valoisat. Koulun toiminnan jatkuminen ja kyl\u00e4n tonttipolitiikka vaativat vuonna 2021 kyl\u00e4hallitukselta aloitteellisuutta kaupungin kanssa teht\u00e4v\u00e4ss\u00e4 yhteisty\u00f6ss\u00e4, mutta todenn\u00e4k\u00f6isesti muuten saadaan el\u00e4\u00e4 tavanomaista kyl\u00e4lle kuuluvaa el\u00e4m\u00e4\u00e4. L\u00e4hivuosina valmistuu kevyenliikenteen v\u00e4yl\u00e4 ja vesi\/viem\u00e4riyhteys Koskenm\u00e4keen. Yritt\u00e4jyyskoulukin on hyv\u00e4ll\u00e4 mallilla.<\/p>\n<p>&nbsp;<\/p>\n<p><strong>Lopputoteamus<\/strong><\/p>\n<p>Vuonna 2020 kyl\u00e4yhdistyksen hallitus koostui toiminnallisista ja yhteisty\u00f6kykyisist\u00e4 henkil\u00f6ist\u00e4 ja lis\u00e4ksi kyl\u00e4l\u00e4iset olivat kiitett\u00e4v\u00e4sti mukana toiminnassa sek\u00e4 rakentamassa yhteishenke\u00e4. Kyl\u00e4ll\u00e4mme on hyv\u00e4t tulevaisuudenn\u00e4kym\u00e4t ja asukkaiden ik\u00e4rakenne on hyv\u00e4. Kyl\u00e4yhdistyksen puheenjohtajana ja toimintakertomuksen laatijana Olli Sorva haluaa kiitt\u00e4\u00e4 kaikkia kyl\u00e4l\u00e4isi\u00e4 yhteisty\u00f6st\u00e4.<\/p>\n<p>Taivalkunnan kyl\u00e4t ry hallitus 31.12.2020<\/p>\n","protected":false},"excerpt":{"rendered":"<p>Taivalkunnan kyl\u00e4t ry vuosikertomus 2020 &nbsp; Yhdistyksen toiminta-alueena on koko Taivalkunta koostuen seuraavista kylist\u00e4: Taipale, Kohmala, Kennola, Vastam\u00e4ki, Memmola, Kassila, Haapaniemi, Kontaa, Lukkila ja K\u00e4rjenmaa. Yhdistyksen tarkoituksena on toimia Taivalkunnan asukkaiden ja yhteis\u00f6jen yhteisty\u00f6elimen\u00e4 pyrkimyksiss\u00e4 parantaa edell\u00e4 mainituilla alueilla vakituisesti tai vapaa-aikanaan asuvien ihmisten hyvinvointia. Yhdistys kannustaa toiminta-alueensa asukkaita yhteistoimintaan kotiseutunsa kehitt\u00e4miseksi sek\u00e4 kehitt\u00e4\u00e4 yhteisty\u00f6t\u00e4 &hellip; <a href=\"https:\/\/www.nokiankylat.fi\/taivalkunta\/yhdistykset\/taivalkunnan-kylat-ry\/kylayhdistyksen-arkisto\/toimintakertomus-2020\/\">Jatkuu<\/a><\/p>\n","protected":false},"author":4,"featured_media":0,"parent":186,"menu_order":0,"comment_status":"closed","ping_status":"closed","template":"","meta":{"_acf_changed":false,"footnotes":""},"class_list":["post-3812","page","type-page","status-publish","hentry"],"acf":[],"_links":{"self":[{"href":"https:\/\/www.nokiankylat.fi\/taivalkunta\/wp-json\/wp\/v2\/pages\/3812","targetHints":{"allow":["GET"]}}],"collection":[{"href":"https:\/\/www.nokiankylat.fi\/taivalkunta\/wp-json\/wp\/v2\/pages"}],"about":[{"href":"https:\/\/www.nokiankylat.fi\/taivalkunta\/wp-json\/wp\/v2\/types\/page"}],"author":[{"embeddable":true,"href":"https:\/\/www.nokiankylat.fi\/taivalkunta\/wp-json\/wp\/v2\/users\/4"}],"replies":[{"embeddable":true,"href":"https:\/\/www.nokiankylat.fi\/taivalkunta\/wp-json\/wp\/v2\/comments?post=3812"}],"version-history":[{"count":4,"href":"https:\/\/www.nokiankylat.fi\/taivalkunta\/wp-json\/wp\/v2\/pages\/3812\/revisions"}],"predecessor-version":[{"id":4034,"href":"https:\/\/www.nokiankylat.fi\/taivalkunta\/wp-json\/wp\/v2\/pages\/3812\/revisions\/4034"}],"up":[{"embeddable":true,"href":"https:\/\/www.nokiankylat.fi\/taivalkunta\/wp-json\/wp\/v2\/pages\/186"}],"wp:attachment":[{"href":"https:\/\/www.nokiankylat.fi\/taivalkunta\/wp-json\/wp\/v2\/media?parent=3812"}],"curies":[{"name":"wp","href":"https:\/\/api.w.org\/{rel}","templated":true}]}}