{"id":3818,"date":"2021-01-01T11:46:54","date_gmt":"2021-01-01T09:46:54","guid":{"rendered":"https:\/\/www.nokiankylat.fi\/taivalkunta\/?page_id=3818"},"modified":"2021-01-01T11:47:31","modified_gmt":"2021-01-01T09:47:31","slug":"hallitus-2020","status":"publish","type":"page","link":"https:\/\/www.nokiankylat.fi\/taivalkunta\/yhdistykset\/taivalkunnan-kylat-ry\/kylayhdistyksen-arkisto\/hallitus-2020\/","title":{"rendered":"Hallitus 2020"},"content":{"rendered":"<h3>Puheenjohtaja: Olli Sorva<\/h3>\n<h3>Varapuheenjohtaja: Tomi Teuho-Markkola<\/h3>\n<h3>Sihteeri: Minna M\u00e4kinen<\/h3>\n<h3>Rahastonhoitaja: Anja Mattila<\/h3>\n<h3>Muu hallitus: Elina Helenius, Teemu Lehtim\u00e4ki, Erkko M\u00e4enp\u00e4\u00e4, Terhi Leskinen ja Kaisa Salonen<\/h3>\n","protected":false},"excerpt":{"rendered":"<p>Puheenjohtaja: Olli Sorva Varapuheenjohtaja: Tomi Teuho-Markkola Sihteeri: Minna M\u00e4kinen Rahastonhoitaja: Anja Mattila Muu hallitus: Elina Helenius, Teemu Lehtim\u00e4ki, Erkko M\u00e4enp\u00e4\u00e4, Terhi Leskinen ja Kaisa Salonen<\/p>\n","protected":false},"author":4,"featured_media":0,"parent":186,"menu_order":0,"comment_status":"closed","ping_status":"closed","template":"","meta":{"_acf_changed":false,"footnotes":""},"class_list":["post-3818","page","type-page","status-publish","hentry"],"acf":[],"_links":{"self":[{"href":"https:\/\/www.nokiankylat.fi\/taivalkunta\/wp-json\/wp\/v2\/pages\/3818","targetHints":{"allow":["GET"]}}],"collection":[{"href":"https:\/\/www.nokiankylat.fi\/taivalkunta\/wp-json\/wp\/v2\/pages"}],"about":[{"href":"https:\/\/www.nokiankylat.fi\/taivalkunta\/wp-json\/wp\/v2\/types\/page"}],"author":[{"embeddable":true,"href":"https:\/\/www.nokiankylat.fi\/taivalkunta\/wp-json\/wp\/v2\/users\/4"}],"replies":[{"embeddable":true,"href":"https:\/\/www.nokiankylat.fi\/taivalkunta\/wp-json\/wp\/v2\/comments?post=3818"}],"version-history":[{"count":2,"href":"https:\/\/www.nokiankylat.fi\/taivalkunta\/wp-json\/wp\/v2\/pages\/3818\/revisions"}],"predecessor-version":[{"id":3820,"href":"https:\/\/www.nokiankylat.fi\/taivalkunta\/wp-json\/wp\/v2\/pages\/3818\/revisions\/3820"}],"up":[{"embeddable":true,"href":"https:\/\/www.nokiankylat.fi\/taivalkunta\/wp-json\/wp\/v2\/pages\/186"}],"wp:attachment":[{"href":"https:\/\/www.nokiankylat.fi\/taivalkunta\/wp-json\/wp\/v2\/media?parent=3818"}],"curies":[{"name":"wp","href":"https:\/\/api.w.org\/{rel}","templated":true}]}}