{"id":3970,"date":"2020-10-25T19:45:19","date_gmt":"2020-10-25T17:45:19","guid":{"rendered":"https:\/\/www.nokiankylat.fi\/taivalkunta\/?page_id=3970"},"modified":"2021-09-04T19:54:37","modified_gmt":"2021-09-04T16:54:37","slug":"nu-7-10-2020-paatos","status":"publish","type":"page","link":"https:\/\/www.nokiankylat.fi\/taivalkunta\/kuvat\/lehtileikkeita\/lehtileikkeita-2020\/nu-7-10-2020-paatos\/","title":{"rendered":"NU 7-10-2020 p\u00e4\u00e4t\u00f6s"},"content":{"rendered":"<p><a href=\"https:\/\/www.nokiankylat.fi\/taivalkunta\/wp-content\/uploads\/sites\/11\/2021\/09\/NU-2020-10-7-LAUTAKUNNAN-PAATOS-KUMOON-scaled.jpg\"><img loading=\"lazy\" decoding=\"async\" class=\"alignnone size-medium wp-image-3968\" src=\"https:\/\/www.nokiankylat.fi\/taivalkunta\/wp-content\/uploads\/sites\/11\/2021\/09\/NU-2020-10-7-LAUTAKUNNAN-PAATOS-KUMOON-116x300.jpg\" alt=\"\" width=\"116\" height=\"300\" srcset=\"https:\/\/www.nokiankylat.fi\/taivalkunta\/wp-content\/uploads\/sites\/11\/2021\/09\/NU-2020-10-7-LAUTAKUNNAN-PAATOS-KUMOON-116x300.jpg 116w, https:\/\/www.nokiankylat.fi\/taivalkunta\/wp-content\/uploads\/sites\/11\/2021\/09\/NU-2020-10-7-LAUTAKUNNAN-PAATOS-KUMOON-395x1024.jpg 395w, https:\/\/www.nokiankylat.fi\/taivalkunta\/wp-content\/uploads\/sites\/11\/2021\/09\/NU-2020-10-7-LAUTAKUNNAN-PAATOS-KUMOON-768x1989.jpg 768w, https:\/\/www.nokiankylat.fi\/taivalkunta\/wp-content\/uploads\/sites\/11\/2021\/09\/NU-2020-10-7-LAUTAKUNNAN-PAATOS-KUMOON-593x1536.jpg 593w, https:\/\/www.nokiankylat.fi\/taivalkunta\/wp-content\/uploads\/sites\/11\/2021\/09\/NU-2020-10-7-LAUTAKUNNAN-PAATOS-KUMOON-791x2048.jpg 791w, https:\/\/www.nokiankylat.fi\/taivalkunta\/wp-content\/uploads\/sites\/11\/2021\/09\/NU-2020-10-7-LAUTAKUNNAN-PAATOS-KUMOON-scaled.jpg 988w\" sizes=\"auto, (max-width: 116px) 100vw, 116px\" \/><\/a><\/p>\n","protected":false},"excerpt":{"rendered":"","protected":false},"author":4,"featured_media":0,"parent":3516,"menu_order":0,"comment_status":"closed","ping_status":"closed","template":"","meta":{"_acf_changed":false,"footnotes":""},"class_list":["post-3970","page","type-page","status-publish","hentry"],"acf":[],"_links":{"self":[{"href":"https:\/\/www.nokiankylat.fi\/taivalkunta\/wp-json\/wp\/v2\/pages\/3970","targetHints":{"allow":["GET"]}}],"collection":[{"href":"https:\/\/www.nokiankylat.fi\/taivalkunta\/wp-json\/wp\/v2\/pages"}],"about":[{"href":"https:\/\/www.nokiankylat.fi\/taivalkunta\/wp-json\/wp\/v2\/types\/page"}],"author":[{"embeddable":true,"href":"https:\/\/www.nokiankylat.fi\/taivalkunta\/wp-json\/wp\/v2\/users\/4"}],"replies":[{"embeddable":true,"href":"https:\/\/www.nokiankylat.fi\/taivalkunta\/wp-json\/wp\/v2\/comments?post=3970"}],"version-history":[{"count":2,"href":"https:\/\/www.nokiankylat.fi\/taivalkunta\/wp-json\/wp\/v2\/pages\/3970\/revisions"}],"predecessor-version":[{"id":3973,"href":"https:\/\/www.nokiankylat.fi\/taivalkunta\/wp-json\/wp\/v2\/pages\/3970\/revisions\/3973"}],"up":[{"embeddable":true,"href":"https:\/\/www.nokiankylat.fi\/taivalkunta\/wp-json\/wp\/v2\/pages\/3516"}],"wp:attachment":[{"href":"https:\/\/www.nokiankylat.fi\/taivalkunta\/wp-json\/wp\/v2\/media?parent=3970"}],"curies":[{"name":"wp","href":"https:\/\/api.w.org\/{rel}","templated":true}]}}