{"id":4056,"date":"2021-10-17T20:01:04","date_gmt":"2021-10-17T17:01:04","guid":{"rendered":"https:\/\/www.nokiankylat.fi\/taivalkunta\/?page_id=4056"},"modified":"2021-12-23T08:34:54","modified_gmt":"2021-12-23T06:34:54","slug":"esityslista-25-10-2021","status":"publish","type":"page","link":"https:\/\/www.nokiankylat.fi\/taivalkunta\/yhdistykset\/taivalkunnan-kylat-ry\/kokoukset-ja-kylaillat\/syyskokous-25-10-2021\/esityslista-25-10-2021\/","title":{"rendered":"Esityslista 25-10-2021"},"content":{"rendered":"<p><b>Esityslista<\/b><\/p>\n<ol>\n<li>Kahvitarjoilu ja kokouksen avaaminen<\/li>\n<li>Kokouksen j\u00e4rjest\u00e4ytyminen<\/li>\n<li>Laillisuuden ja p\u00e4\u00e4t\u00f6svaltaisuuden toteaminen<\/li>\n<li>Ty\u00f6j\u00e4rjestyksest\u00e4 p\u00e4\u00e4tt\u00e4minen<\/li>\n<li>Toimintasuunnitelman ja talousarvion vahvistaminen seuraavalle vuodelle sek\u00e4 j\u00e4senmaksun suuruus<\/li>\n<li>Puheenjohtajan valinta vuodelle 2022<\/li>\n<li>Hallituksen j\u00e4senten valinta<\/li>\n<li>Toiminnantarkastajan ja varatoiminnantarkastajan valinta<\/li>\n<li>Muut esille tulevat asiat<\/li>\n<li>Kokouksen p\u00e4\u00e4tt\u00e4minen<\/li>\n<\/ol>\n","protected":false},"excerpt":{"rendered":"<p>Esityslista Kahvitarjoilu ja kokouksen avaaminen Kokouksen j\u00e4rjest\u00e4ytyminen Laillisuuden ja p\u00e4\u00e4t\u00f6svaltaisuuden toteaminen Ty\u00f6j\u00e4rjestyksest\u00e4 p\u00e4\u00e4tt\u00e4minen Toimintasuunnitelman ja talousarvion vahvistaminen seuraavalle vuodelle sek\u00e4 j\u00e4senmaksun suuruus Puheenjohtajan valinta vuodelle 2022 Hallituksen j\u00e4senten valinta Toiminnantarkastajan ja varatoiminnantarkastajan valinta Muut esille tulevat asiat Kokouksen p\u00e4\u00e4tt\u00e4minen<\/p>\n","protected":false},"author":4,"featured_media":0,"parent":4053,"menu_order":0,"comment_status":"closed","ping_status":"closed","template":"","meta":{"_acf_changed":false,"footnotes":""},"class_list":["post-4056","page","type-page","status-publish","hentry"],"acf":[],"_links":{"self":[{"href":"https:\/\/www.nokiankylat.fi\/taivalkunta\/wp-json\/wp\/v2\/pages\/4056","targetHints":{"allow":["GET"]}}],"collection":[{"href":"https:\/\/www.nokiankylat.fi\/taivalkunta\/wp-json\/wp\/v2\/pages"}],"about":[{"href":"https:\/\/www.nokiankylat.fi\/taivalkunta\/wp-json\/wp\/v2\/types\/page"}],"author":[{"embeddable":true,"href":"https:\/\/www.nokiankylat.fi\/taivalkunta\/wp-json\/wp\/v2\/users\/4"}],"replies":[{"embeddable":true,"href":"https:\/\/www.nokiankylat.fi\/taivalkunta\/wp-json\/wp\/v2\/comments?post=4056"}],"version-history":[{"count":1,"href":"https:\/\/www.nokiankylat.fi\/taivalkunta\/wp-json\/wp\/v2\/pages\/4056\/revisions"}],"predecessor-version":[{"id":4057,"href":"https:\/\/www.nokiankylat.fi\/taivalkunta\/wp-json\/wp\/v2\/pages\/4056\/revisions\/4057"}],"up":[{"embeddable":true,"href":"https:\/\/www.nokiankylat.fi\/taivalkunta\/wp-json\/wp\/v2\/pages\/4053"}],"wp:attachment":[{"href":"https:\/\/www.nokiankylat.fi\/taivalkunta\/wp-json\/wp\/v2\/media?parent=4056"}],"curies":[{"name":"wp","href":"https:\/\/api.w.org\/{rel}","templated":true}]}}