{"id":4076,"date":"2021-12-23T14:02:15","date_gmt":"2021-12-23T12:02:15","guid":{"rendered":"https:\/\/www.nokiankylat.fi\/taivalkunta\/?page_id=4076"},"modified":"2021-12-23T14:02:15","modified_gmt":"2021-12-23T12:02:15","slug":"kylakirje-23-12-2021","status":"publish","type":"page","link":"https:\/\/www.nokiankylat.fi\/taivalkunta\/yhdistykset\/taivalkunnan-kylat-ry\/kylayhdistyksen-arkisto\/kylakirjeet\/kylakirjeet-2021\/kylakirje-23-12-2021\/","title":{"rendered":"Kyl\u00e4kirje 23-12-2021"},"content":{"rendered":"<p>Tervehdys<\/p>\n<p>En ole ollut kuluvana vuonna kyl\u00e4yhdistyksen hallituksessa, mutta toimin kyl\u00e4mme sivuston p\u00e4ivitysten tekij\u00e4n\u00e4.<\/p>\n<p>Sivustolla olevaan Taivalkunnan Palvelut-luetteloon saavat kyl\u00e4ll\u00e4 sijaitsevat yritykset sek\u00e4 kyl\u00e4ll\u00e4 asuvat yritt\u00e4j\u00e4t ja palveluntuottajat yhteystietonsa esille palveluidensa kuvauksen kera veloituksetta. Luettelossa on esill\u00e4 my\u00f6s kyl\u00e4ll\u00e4 olevat yhdistykset ja j\u00e4rjest\u00f6t toimintakuvauksineen.<\/p>\n<p>Kyl\u00e4yhdistyksen syyskokous oli lokakuussa ja Taivalkunnan kyl\u00e4t ry:n p\u00f6yt\u00e4kirja on n\u00e4ht\u00e4viss\u00e4 kyl\u00e4n sivuilla <a href=\"http:\/\/www.nokiankylat.fi\/taivalkunta\/yhdistykset\/taivalkunnan-kylat-ry\/kokoukset-ja-kylaillat\/syyskokous-25-10-2021\/poytakirja-25-10-2021\/\">www.nokiankylat.fi\/taivalkunta\/yhdistykset\/taivalkunnan-kylat-ry\/kokoukset-ja-kylaillat\/syyskokous-25-10-2021\/poytakirja-25-10-2021\/<\/a><\/p>\n<p>Menneiden vuosien kyl\u00e4kirjeet ja kyl\u00e4lehdet l\u00f6ytyv\u00e4t sivustolta. Samoin kyl\u00e4yhdistyksen s\u00e4\u00e4nn\u00f6t, toimintakertomukset, toimintasuunnitelmat jne. Kyl\u00e4mme sivustolla on t\u00e4ll\u00e4 hetkell\u00e4 reilut 300 sivua kyl\u00e4asiaa. Lis\u00e4ksi sivustolla ilmoitetaan kyl\u00e4n tulevista tapahtumista (ei yritysten mainoksia).<\/p>\n<p>Kyl\u00e4n sivuille soveltuvaa materiaalia voi toimittaa minulle t\u00e4h\u00e4n s\u00e4hk\u00f6postiin paluupostina tai my\u00f6hemmin oman aikataulunne mukaan.<\/p>\n<p>Kyl\u00e4n kehitt\u00e4miseen ja markkinointiin voi jokainen vaikuttaa, joko yksil\u00f6n\u00e4 tai jonkun j\u00e4rjest\u00f6n kautta. Jos et viel\u00e4 ole mukana toiminnassa, niin tervetuloa. \u201dIdeariiheemme\u201d on jokainen idea ja idean toteuttaja tervetullut. Jos haluat lis\u00e4tietoa, niin minuunkin voit olla yhteydess\u00e4. Etsit\u00e4\u00e4n ratkaisut mahdollisiin ongelmiin ja kehitet\u00e4\u00e4n asuinseutuamme yhteen hiileen puhaltaen.<\/p>\n<p>Kolmas kyl\u00e4kirjani on taittovaiheessa ja valmistunee kuukauden-parin sis\u00e4ll\u00e4. Siin\u00e4 on mukana runsaasti lehtileikkeit\u00e4 ja lis\u00e4ksi kyl\u00e4l\u00e4isten kertomuksia sek\u00e4 kouluasiaa. Jos sinulla on kyl\u00e4\u00e4n tai itseesi liittyvi\u00e4 kuvia ja tarinoita, joita olet valmis jakamaan, niin ota pikaisesti yhteytt\u00e4.<\/p>\n<p>Varsinkin joulu on ilon ja valon aikaa. Olkaa harkitsevaisia fyysisiss\u00e4 tapaamisissa ja muistakaa noudattaa ainakin henkist\u00e4 l\u00e4heisyytt\u00e4.<\/p>\n<p>L\u00e4mm\u00f6ll\u00e4 kyl\u00e4\u00e4 ja kaikkia kyl\u00e4postin lukijoita kohtaan. Olli Sorva<\/p>\n","protected":false},"excerpt":{"rendered":"<p>Tervehdys En ole ollut kuluvana vuonna kyl\u00e4yhdistyksen hallituksessa, mutta toimin kyl\u00e4mme sivuston p\u00e4ivitysten tekij\u00e4n\u00e4. Sivustolla olevaan Taivalkunnan Palvelut-luetteloon saavat kyl\u00e4ll\u00e4 sijaitsevat yritykset sek\u00e4 kyl\u00e4ll\u00e4 asuvat yritt\u00e4j\u00e4t ja palveluntuottajat yhteystietonsa esille palveluidensa kuvauksen kera veloituksetta. Luettelossa on esill\u00e4 my\u00f6s kyl\u00e4ll\u00e4 olevat yhdistykset ja j\u00e4rjest\u00f6t toimintakuvauksineen. Kyl\u00e4yhdistyksen syyskokous oli lokakuussa ja Taivalkunnan kyl\u00e4t ry:n p\u00f6yt\u00e4kirja on n\u00e4ht\u00e4viss\u00e4 &hellip; <a href=\"https:\/\/www.nokiankylat.fi\/taivalkunta\/yhdistykset\/taivalkunnan-kylat-ry\/kylayhdistyksen-arkisto\/kylakirjeet\/kylakirjeet-2021\/kylakirje-23-12-2021\/\">Jatkuu<\/a><\/p>\n","protected":false},"author":4,"featured_media":0,"parent":4012,"menu_order":0,"comment_status":"closed","ping_status":"closed","template":"","meta":{"_acf_changed":false,"footnotes":""},"class_list":["post-4076","page","type-page","status-publish","hentry"],"acf":[],"_links":{"self":[{"href":"https:\/\/www.nokiankylat.fi\/taivalkunta\/wp-json\/wp\/v2\/pages\/4076","targetHints":{"allow":["GET"]}}],"collection":[{"href":"https:\/\/www.nokiankylat.fi\/taivalkunta\/wp-json\/wp\/v2\/pages"}],"about":[{"href":"https:\/\/www.nokiankylat.fi\/taivalkunta\/wp-json\/wp\/v2\/types\/page"}],"author":[{"embeddable":true,"href":"https:\/\/www.nokiankylat.fi\/taivalkunta\/wp-json\/wp\/v2\/users\/4"}],"replies":[{"embeddable":true,"href":"https:\/\/www.nokiankylat.fi\/taivalkunta\/wp-json\/wp\/v2\/comments?post=4076"}],"version-history":[{"count":1,"href":"https:\/\/www.nokiankylat.fi\/taivalkunta\/wp-json\/wp\/v2\/pages\/4076\/revisions"}],"predecessor-version":[{"id":4077,"href":"https:\/\/www.nokiankylat.fi\/taivalkunta\/wp-json\/wp\/v2\/pages\/4076\/revisions\/4077"}],"up":[{"embeddable":true,"href":"https:\/\/www.nokiankylat.fi\/taivalkunta\/wp-json\/wp\/v2\/pages\/4012"}],"wp:attachment":[{"href":"https:\/\/www.nokiankylat.fi\/taivalkunta\/wp-json\/wp\/v2\/media?parent=4076"}],"curies":[{"name":"wp","href":"https:\/\/api.w.org\/{rel}","templated":true}]}}