{"id":4079,"date":"2021-11-30T07:45:51","date_gmt":"2021-11-30T05:45:51","guid":{"rendered":"https:\/\/www.nokiankylat.fi\/taivalkunta\/?page_id=4079"},"modified":"2024-01-14T16:38:19","modified_gmt":"2024-01-14T14:38:19","slug":"toimintasuunnitelma-2022","status":"publish","type":"page","link":"https:\/\/www.nokiankylat.fi\/taivalkunta\/yhdistykset\/taivalkunnan-kylat-ry\/kylayhdistyksen-arkisto\/toimintasuunnitelma-2022\/","title":{"rendered":"Toimintasuunnitelma 2022"},"content":{"rendered":"<p><strong>Taivalkunnan Kyl\u00e4t ry toimintasuunnitelma vuodelle 2022<\/strong><\/p>\n<p>Yhdistyksen tarkoituksena on toimia Taivalkunnan asukkaiden ja yhteis\u00f6jen yhteisty\u00f6elimen\u00e4 pyrkimyksiss\u00e4<br \/>\nparantaa kyl\u00e4n alueella vakituisesti tai vapaa-aikanaan asuvien ihmisten hyvinvointia sek\u00e4 kannustaa<br \/>\nasukkaita yhteistoimintaan kotiseutunsa kehitt\u00e4miseksi.<br \/>\nToimintakauden aikana pidet\u00e4\u00e4n s\u00e4\u00e4nt\u00f6m\u00e4\u00e4r\u00e4inen kev\u00e4t- ja syyskokous sek\u00e4 hallituksen kokouksia aiemmin<br \/>\nmainitun p\u00e4\u00e4m\u00e4\u00e4r\u00e4n saavuttamiseksi.<br \/>\nSeurataan aktiivisesti paikallista haja-asutusaluerakentamista ja vesi- ja viem\u00e4riasioita sek\u00e4 kevyenliikenteen<br \/>\nv\u00e4yl\u00e4n suunnittelua v\u00e4lill\u00e4 Ristiver\u00e4j\u00e4 &#8211; Pihtikorventien risteys. Tarvittaessa ollaan my\u00f6s aktiivisia toimimaan<br \/>\nasioiden eteenp\u00e4in viemiseksi.<br \/>\nTaivalkunnan Kyl\u00e4t ry j\u00e4senrekisteriin aktivoidaan edelleen uusia j\u00e4seni\u00e4 ja laajennetaan tiedottamiseen<br \/>\nk\u00e4ytett\u00e4v\u00e4\u00e4 s\u00e4hk\u00f6postirekisteri\u00e4. Kaudella 2022 ker\u00e4t\u00e4\u00e4n j\u00e4senmaksua 5euroa\/j\u00e4sen. Erillist\u00e4<br \/>\nliittymismaksua ei perit\u00e4. Samastakin taloudesta toivotaan useampia j\u00e4seni\u00e4.<br \/>\nKauden 2022 aikana tuotetaan Taivalkunnan Kyl\u00e4t ry:n nettisivuille ajantasaista sis\u00e4lt\u00f6\u00e4. S\u00e4hk\u00f6postissa<br \/>\njaettavan kyl\u00e4kirjeen avulla tiedotetaan ajankohtaisista asioista. Ajankohtaisista asioista tiedotetaan my\u00f6s<br \/>\nkyl\u00e4n ilmoitustauluilla, paikallisessa lehdess\u00e4, facebookissa sek\u00e4 postilaatikkoihin jaettavilla tiedotteilla.<br \/>\nKaudella 2022 jatketaan nettisivuilla Taivalkunnan Palvelut-luettelon yll\u00e4pit\u00e4mist\u00e4. Taivalkunnan Palvelutluetteloon<br \/>\nsaavat kyl\u00e4ll\u00e4 sijaitsevat yritykset sek\u00e4 kyl\u00e4ll\u00e4 asuvat yritt\u00e4j\u00e4t ja palveluntuottajat yhteystietonsa<br \/>\nesille palveluidensa kuvauksen kera veloituksetta. Luettelossa on esill\u00e4 my\u00f6s kyl\u00e4ll\u00e4 olevat yhdistykset ja<br \/>\nj\u00e4rjest\u00f6t toimintakuvauksineen.<br \/>\nKev\u00e4ttalvella 2022 j\u00e4rjest\u00e4mme j\u00e4lleen s\u00e4\u00e4varauksella Talvi-riehan Jutkulan m\u00e4ess\u00e4 (golfkent\u00e4ll\u00e4 Riverkent\u00e4n<br \/>\nv\u00e4yl\u00e4 15). Talvi-riehan ajankohta sovitaan my\u00f6hemmin s\u00e4\u00e4n mukaan parhaaseen mahdolliseen<br \/>\najankohtaan. Talvi-riehan j\u00e4rjest\u00e4miseen pyydet\u00e4\u00e4n mukaan kaikki muutkin halukkaat kyl\u00e4ll\u00e4 toimivat<br \/>\nyhdistykset.<br \/>\nKev\u00e4\u00e4ll\u00e4 2022 j\u00e4rjestet\u00e4\u00e4n yhdess\u00e4 j\u00e4lleen muiden Taivalkunnassa toimivien yhdistysten kanssa Kyl\u00e4n<br \/>\nKev\u00e4tkarkelot. Huhtikuussa 2022 kutsutaan koolle kyl\u00e4ll\u00e4 toimivat muut yhdistykset Kev\u00e4tkarkeloiden<br \/>\nsuunnittelupalaveriin. Jo perinteeksi muodostuneet Kev\u00e4tkarkelot tulevat olemaan j\u00e4rjestyksess\u00e4\u00e4n jo<br \/>\nkymmenennet.<br \/>\nTaivalkunnan alakoulun sek\u00e4 Em\u00e4kosken- ja Nokian virran yl\u00e4koulujen kev\u00e4tjuhlissa 2022 lahjoitetaan<br \/>\nTaivalkunnan Kyl\u00e4t ry stipendit. Em\u00e4kosken- ja Nokian virran yl\u00e4kouluilla 50eur stipendit saavat parhaat<br \/>\nl\u00e4htev\u00e4t taivalkuntalaiset oppilaat ja Taivalkunnan alakoululle annetaan kaksi \u00e1 30eur stipendi\u00e4, joiden<br \/>\njakoperuste p\u00e4\u00e4tet\u00e4\u00e4n yhdess\u00e4 koulun rehtorin kanssa kev\u00e4\u00e4ll\u00e4. Toimintakauden aikana seurataan<br \/>\nTaivalkunnan alakoulun asemaa s\u00e4ilytett\u00e4vien kyl\u00e4koulujen joukossa. Tarvittaessa ollaan aktiivisia toimimaan<br \/>\nkyl\u00e4koulun s\u00e4ilymisen puolesta.<br \/>\nToimintakauden aikana pyrit\u00e4\u00e4n saamaan jotakin ohjattua liikunnallista toimintaa sek\u00e4 mahdollisesti jotain<br \/>\nmuutakin toivottua toimintaa kyl\u00e4ll\u00e4 j\u00e4rjestett\u00e4v\u00e4ksi.<br \/>\nJoulukuussa 2022 j\u00e4rjestet\u00e4\u00e4n Taivalkunnan koululla joululauluilta aiempien vuosien tapaan.<br \/>\nToimintakauden aikana pyrkimyksen\u00e4 on pit\u00e4\u00e4 1-2 kyl\u00e4iltaa, sill\u00e4 ne ovat olleet aikaisempina vuosina hyv\u00e4ksi<br \/>\nhavaittuja.<\/p>\n","protected":false},"excerpt":{"rendered":"<p>Taivalkunnan Kyl\u00e4t ry toimintasuunnitelma vuodelle 2022 Yhdistyksen tarkoituksena on toimia Taivalkunnan asukkaiden ja yhteis\u00f6jen yhteisty\u00f6elimen\u00e4 pyrkimyksiss\u00e4 parantaa kyl\u00e4n alueella vakituisesti tai vapaa-aikanaan asuvien ihmisten hyvinvointia sek\u00e4 kannustaa asukkaita yhteistoimintaan kotiseutunsa kehitt\u00e4miseksi. Toimintakauden aikana pidet\u00e4\u00e4n s\u00e4\u00e4nt\u00f6m\u00e4\u00e4r\u00e4inen kev\u00e4t- ja syyskokous sek\u00e4 hallituksen kokouksia aiemmin mainitun p\u00e4\u00e4m\u00e4\u00e4r\u00e4n saavuttamiseksi. Seurataan aktiivisesti paikallista haja-asutusaluerakentamista ja vesi- ja viem\u00e4riasioita sek\u00e4 kevyenliikenteen &hellip; <a href=\"https:\/\/www.nokiankylat.fi\/taivalkunta\/yhdistykset\/taivalkunnan-kylat-ry\/kylayhdistyksen-arkisto\/toimintasuunnitelma-2022\/\">Jatkuu<\/a><\/p>\n","protected":false},"author":4,"featured_media":0,"parent":186,"menu_order":0,"comment_status":"closed","ping_status":"closed","template":"","meta":{"_acf_changed":false,"footnotes":""},"class_list":["post-4079","page","type-page","status-publish","hentry"],"acf":[],"_links":{"self":[{"href":"https:\/\/www.nokiankylat.fi\/taivalkunta\/wp-json\/wp\/v2\/pages\/4079","targetHints":{"allow":["GET"]}}],"collection":[{"href":"https:\/\/www.nokiankylat.fi\/taivalkunta\/wp-json\/wp\/v2\/pages"}],"about":[{"href":"https:\/\/www.nokiankylat.fi\/taivalkunta\/wp-json\/wp\/v2\/types\/page"}],"author":[{"embeddable":true,"href":"https:\/\/www.nokiankylat.fi\/taivalkunta\/wp-json\/wp\/v2\/users\/4"}],"replies":[{"embeddable":true,"href":"https:\/\/www.nokiankylat.fi\/taivalkunta\/wp-json\/wp\/v2\/comments?post=4079"}],"version-history":[{"count":1,"href":"https:\/\/www.nokiankylat.fi\/taivalkunta\/wp-json\/wp\/v2\/pages\/4079\/revisions"}],"predecessor-version":[{"id":4080,"href":"https:\/\/www.nokiankylat.fi\/taivalkunta\/wp-json\/wp\/v2\/pages\/4079\/revisions\/4080"}],"up":[{"embeddable":true,"href":"https:\/\/www.nokiankylat.fi\/taivalkunta\/wp-json\/wp\/v2\/pages\/186"}],"wp:attachment":[{"href":"https:\/\/www.nokiankylat.fi\/taivalkunta\/wp-json\/wp\/v2\/media?parent=4079"}],"curies":[{"name":"wp","href":"https:\/\/api.w.org\/{rel}","templated":true}]}}