{"id":4121,"date":"2022-02-02T19:40:59","date_gmt":"2022-02-02T17:40:59","guid":{"rendered":"https:\/\/www.nokiankylat.fi\/taivalkunta\/?page_id=4121"},"modified":"2022-02-02T19:53:34","modified_gmt":"2022-02-02T17:53:34","slug":"kylakirje-2-2-2022","status":"publish","type":"page","link":"https:\/\/www.nokiankylat.fi\/taivalkunta\/yhdistykset\/taivalkunnan-kylat-ry\/kylayhdistyksen-arkisto\/kylakirjeet\/kylakirjeet-2022\/kylakirje-2-2-2022\/","title":{"rendered":"Kyl\u00e4kirje 2-2-2022"},"content":{"rendered":"<p>Tervehdys<\/p>\n<p>Taivalkunnan kyl\u00e4t ry:n hallituksen terveiset. Vuosi 2022 puheenjohtaja Erkko M\u00e4enp\u00e4\u00e4, varapuheenjohtaja Tomi Teuho-Markkola, sihteeri Minna M\u00e4kinen. Rahastonhoitaja on hallituksen ulkopuolelta Marjo Salmij\u00e4rvi. Muiden hallituksen j\u00e4senten nimet l\u00f6yd\u00e4t kyl\u00e4n sivuilta <a href=\"http:\/\/www.nokiankylat.fi\/taivalkunta\/yhdistykset\/taivalkunnan-kylat-ry\/\">www.nokiankylat.fi\/taivalkunta\/yhdistykset\/taivalkunnan-kylat-ry\/<\/a><\/p>\n<p>Taivalkunnan Temppukerho pikkulapsille, yhdess\u00e4 vanhempien kanssa. Kerhoja on kerran viikossa ja vaatii ennakkoilmoittautumisen. J\u00e4rjest\u00e4jin\u00e4 ovat Taivalkunnan lasten vanhemmat. Katso tarkemmin esim. kyl\u00e4n sivuilta tapahtumakalenterista. <a href=\"http:\/\/www.nokiankylat.fi\/taivalkunta\/tapahtumat\/\">www.nokiankylat.fi\/taivalkunta\/tapahtumat\/<\/a><\/p>\n<p>Nuorten valokuvauskilpailussa hyv\u00e4t rahapalkinnot. Kilpailuaika 20.2. asti. Ik\u00e4kausisarjoja on kaksi, 13-17 -vuotiaille ja 18-23-vuotiaille. Katso tarkemmin Nokian kaupungin verkkosivuilta <a href=\"https:\/\/www.nokiankaupunki.fi\/vapaa-aika\/avustukset\/alfred-kordelinin-saation-apuraha\/minun-nokiani-valokuvauskilpailu\/#140e5a16\">https:\/\/www.nokiankaupunki.fi\/vapaa-aika\/avustukset\/alfred-kordelinin-saation-apuraha\/minun-nokiani-valokuvauskilpailu\/#140e5a16<\/a> Ja vanhemmat, kannustetaan nuoria osallistumaan.<\/p>\n<p>Oletko kiinnostunut taide- ja tuotantopalvelujen tuotteistamisesta kunta- ja sote-sektorille sek\u00e4 yrityksille? Maksuttomat koulutukset pirkanmaalaisille taiteilijoille ja tuottajille k\u00e4ynnistyv\u00e4t helmikuussa &#8211; ilmoittaudu mukaan nyt (osallistua voi my\u00f6s et\u00e4n\u00e4)! Ajankohtaiset ja tarkemmat tiedot koulutuskokonaisuudesta l\u00f6ytyv\u00e4t <a href=\"https:\/\/www.tampere.fi\/tampereen-kaupunki\/ajankohtaista\/uutiset\/2022\/01\/26012022_2.html\">https:\/\/www.tampere.fi\/tampereen-kaupunki\/ajankohtaista\/uutiset\/2022\/01\/26012022_2.html<\/a><\/p>\n<p>Nokia River Golf-hiihtoladut ovat hyv\u00e4ss\u00e4 kunnossa. Nyt on aika menn\u00e4 suksille. Ladun sijainnin n\u00e4et esim. kyl\u00e4n sivuilta uutisista <a href=\"http:\/\/www.nokiankylat.fi\/taivalkunta\/2022\/02\/02\/taivalkunta-hiihtoladut-2022\/\">www.nokiankylat.fi\/taivalkunta\/2022\/02\/02\/taivalkunta-hiihtoladut-2022\/<\/a><\/p>\n<p>Hoidan kyl\u00e4mme verkkosivustop\u00e4ivitykset. Niit\u00e4 koskevat tiedot voit l\u00e4hett\u00e4\u00e4 minulle. L\u00e4mm\u00f6ll\u00e4 kyl\u00e4\u00e4 ja kaikkia kyl\u00e4postin lukijoita kohtaan.<\/p>\n<p>Olli Sorva<\/p>\n<p>&nbsp;<\/p>\n","protected":false},"excerpt":{"rendered":"<p>Tervehdys Taivalkunnan kyl\u00e4t ry:n hallituksen terveiset. Vuosi 2022 puheenjohtaja Erkko M\u00e4enp\u00e4\u00e4, varapuheenjohtaja Tomi Teuho-Markkola, sihteeri Minna M\u00e4kinen. Rahastonhoitaja on hallituksen ulkopuolelta Marjo Salmij\u00e4rvi. Muiden hallituksen j\u00e4senten nimet l\u00f6yd\u00e4t kyl\u00e4n sivuilta www.nokiankylat.fi\/taivalkunta\/yhdistykset\/taivalkunnan-kylat-ry\/ Taivalkunnan Temppukerho pikkulapsille, yhdess\u00e4 vanhempien kanssa. Kerhoja on kerran viikossa ja vaatii ennakkoilmoittautumisen. J\u00e4rjest\u00e4jin\u00e4 ovat Taivalkunnan lasten vanhemmat. Katso tarkemmin esim. kyl\u00e4n sivuilta tapahtumakalenterista. &hellip; <a href=\"https:\/\/www.nokiankylat.fi\/taivalkunta\/yhdistykset\/taivalkunnan-kylat-ry\/kylayhdistyksen-arkisto\/kylakirjeet\/kylakirjeet-2022\/kylakirje-2-2-2022\/\">Jatkuu<\/a><\/p>\n","protected":false},"author":4,"featured_media":0,"parent":4127,"menu_order":0,"comment_status":"closed","ping_status":"closed","template":"","meta":{"_acf_changed":false,"footnotes":""},"class_list":["post-4121","page","type-page","status-publish","hentry"],"acf":[],"_links":{"self":[{"href":"https:\/\/www.nokiankylat.fi\/taivalkunta\/wp-json\/wp\/v2\/pages\/4121","targetHints":{"allow":["GET"]}}],"collection":[{"href":"https:\/\/www.nokiankylat.fi\/taivalkunta\/wp-json\/wp\/v2\/pages"}],"about":[{"href":"https:\/\/www.nokiankylat.fi\/taivalkunta\/wp-json\/wp\/v2\/types\/page"}],"author":[{"embeddable":true,"href":"https:\/\/www.nokiankylat.fi\/taivalkunta\/wp-json\/wp\/v2\/users\/4"}],"replies":[{"embeddable":true,"href":"https:\/\/www.nokiankylat.fi\/taivalkunta\/wp-json\/wp\/v2\/comments?post=4121"}],"version-history":[{"count":4,"href":"https:\/\/www.nokiankylat.fi\/taivalkunta\/wp-json\/wp\/v2\/pages\/4121\/revisions"}],"predecessor-version":[{"id":4126,"href":"https:\/\/www.nokiankylat.fi\/taivalkunta\/wp-json\/wp\/v2\/pages\/4121\/revisions\/4126"}],"up":[{"embeddable":true,"href":"https:\/\/www.nokiankylat.fi\/taivalkunta\/wp-json\/wp\/v2\/pages\/4127"}],"wp:attachment":[{"href":"https:\/\/www.nokiankylat.fi\/taivalkunta\/wp-json\/wp\/v2\/media?parent=4121"}],"curies":[{"name":"wp","href":"https:\/\/api.w.org\/{rel}","templated":true}]}}