{"id":4142,"date":"2022-03-26T13:09:27","date_gmt":"2022-03-26T11:09:27","guid":{"rendered":"https:\/\/www.nokiankylat.fi\/taivalkunta\/?page_id=4142"},"modified":"2022-03-26T13:14:12","modified_gmt":"2022-03-26T11:14:12","slug":"kylakirje-26-3-2022","status":"publish","type":"page","link":"https:\/\/www.nokiankylat.fi\/taivalkunta\/yhdistykset\/taivalkunnan-kylat-ry\/kylayhdistyksen-arkisto\/kylakirjeet\/kylakirjeet-2022\/kylakirje-26-3-2022\/","title":{"rendered":"Kyl\u00e4kirje 26-3-2022"},"content":{"rendered":"<h2>Tervehdys<\/h2>\n<p>&nbsp;<\/p>\n<p><strong>Pirkanmaalla toimiva Kantri ry<\/strong> valmistelee kev\u00e4\u00e4n 2022 aikana uutta paikallista kehitt\u00e4misstrategiaansa vuosille 2023-2027. Strategian valmistelussa yhteisty\u00f6 paikallistoimijoiden kanssa on ensiarvoisen t\u00e4rke\u00e4\u00e4 \u2013 kylill\u00e4 on paras tieto oman alueen kehitt\u00e4mistarpeista, ja niist\u00e4 halutaan kuulla nyt! Kysely on kaikille avoin.<\/p>\n<p>Toivottavasti ehdit ja sinulla on mielenkiintoa vastata yhteen tai useampaan kyselyyn. (Yritt\u00e4j\u00e4t, Asukkaat, Nuoret) ovat auki maaliskuun loppuun.<\/p>\n<p>Kantrin kotisivulta l\u00f6ytyy kaikkien kolmen kyselyn, Yritt\u00e4j\u00e4t, Nuoret ja Asukkaat linkit <a href=\"https:\/\/www.kantriry.fi\/home\/millainen-paikka-tampereen-seutu-on-asua-ja-yrittaa-nyt-ja-tulevaisuudessa-kerro-se-meille-vastaamalla-kyselyyn\/\">https:\/\/www.kantriry.fi\/home\/millainen-paikka-tampereen-seutu-on-asua-ja-yrittaa-nyt-ja-tulevaisuudessa-kerro-se-meille-vastaamalla-kyselyyn\/<\/a><\/p>\n<p>mutta laitan niihin viel\u00e4 erikseen linkit my\u00f6s t\u00e4h\u00e4n alle:<\/p>\n<p>Yritt\u00e4j\u00e4t <a href=\"https:\/\/forms.gle\/pSKbpvEjJHTu5gEKA\">https:\/\/forms.gle\/pSKbpvEjJHTu5gEKA<\/a><\/p>\n<p>Nuoret <a href=\"https:\/\/forms.gle\/QRnUHPk7nmU7YRXk9\">https:\/\/forms.gle\/QRnUHPk7nmU7YRXk9<\/a><\/p>\n<p>Asukkaat <a href=\"https:\/\/forms.gle\/CFfLG47KhGzE9ppQ9\">https:\/\/forms.gle\/CFfLG47KhGzE9ppQ9<\/a><\/p>\n<p>Tiedoksi, ett\u00e4 linkit l\u00f6ytyv\u00e4t my\u00f6s Kantrin facebookista, jos haluaa jakaa postauksen sielt\u00e4. Olisi eritt\u00e4in kiitett\u00e4v\u00e4\u00e4, jos osallistuisitte kyselyihin. Itse olen osallistunut ja voin sanoa, ett\u00e4 kysymykset ovat selkeit\u00e4.<\/p>\n<p>&nbsp;<\/p>\n<p><strong>Nokian kulttuuriohjelmaa<\/strong> valmistellaan ja <strong>Linkki kyselyyn:\u00a0<a href=\"https:\/\/q.surveypal.com\/Nokian-kulttuuriohjelman-kysely\/0\">https:\/\/q.surveypal.com\/Nokian-kulttuuriohjelman-kysely\/0<\/a><\/strong>.\u00a0T\u00e4ss\u00e4kin kyselyss\u00e4 on vastausaikaa 31.3. asti. Tiedote l\u00f6ytyy t\u00e4\u00e4lt\u00e4 <a href=\"https:\/\/www.nokiankaupunki.fi\/ajankohtaista\/nokialla-valmistellaan-kulttuuriohjelmaa-kysely-avoinna-31-3-saakka\/\">https:\/\/www.nokiankaupunki.fi\/ajankohtaista\/nokialla-valmistellaan-kulttuuriohjelmaa-kysely-avoinna-31-3-saakka\/<\/a><\/p>\n<p>Kulttuuriohjelmaan liittyen on vuorovaikutteisia kaikille avoimia ty\u00f6pajoja<\/p>\n<p><strong>Ilmoittaudu t\u00e4h\u00e4n ty\u00f6pajaan\u00a0<u>tiistaihin 29.3. menness\u00e4<\/u>\u00a0t\u00e4m\u00e4n linkin kautta:\u00a0<\/strong><a href=\"https:\/\/q.surveypal.com\/Tyopajakutsu-31.3--Nokian-kulttuuriohjelma\">https:\/\/q.surveypal.com\/Tyopajakutsu-31.3&#8211;Nokian-kulttuuriohjelma<\/a><\/p>\n<p><strong>Ilmoittaudu t\u00e4h\u00e4n ty\u00f6pajaan\u00a0<u>pe 1.4 menness\u00e4<\/u>\u00a0t\u00e4m\u00e4n linkin kautta:\u00a0<\/strong><a href=\"https:\/\/q.surveypal.com\/Tyopajakutsu-5.4.-Nokian-kulttuuriohjelma\">https:\/\/q.surveypal.com\/Tyopajakutsu-5.4.-Nokian-kulttuuriohjelma<\/a><\/p>\n<p>&nbsp;<\/p>\n<p>Hoidan Taivalkunnan kyl\u00e4n verkkosivustop\u00e4ivitykset. Niit\u00e4 koskevat tiedot voit l\u00e4hett\u00e4\u00e4 minulle. L\u00e4mm\u00f6ll\u00e4 kyl\u00e4\u00e4 ja kaikkia kyl\u00e4postin lukijoita kohtaan.<\/p>\n<p>Olkaamme aktiivisia. Yhteisty\u00f6terveisin Olli Sorva<\/p>\n","protected":false},"excerpt":{"rendered":"<p>Tervehdys &nbsp; Pirkanmaalla toimiva Kantri ry valmistelee kev\u00e4\u00e4n 2022 aikana uutta paikallista kehitt\u00e4misstrategiaansa vuosille 2023-2027. Strategian valmistelussa yhteisty\u00f6 paikallistoimijoiden kanssa on ensiarvoisen t\u00e4rke\u00e4\u00e4 \u2013 kylill\u00e4 on paras tieto oman alueen kehitt\u00e4mistarpeista, ja niist\u00e4 halutaan kuulla nyt! Kysely on kaikille avoin. Toivottavasti ehdit ja sinulla on mielenkiintoa vastata yhteen tai useampaan kyselyyn. (Yritt\u00e4j\u00e4t, Asukkaat, Nuoret) ovat &hellip; <a href=\"https:\/\/www.nokiankylat.fi\/taivalkunta\/yhdistykset\/taivalkunnan-kylat-ry\/kylayhdistyksen-arkisto\/kylakirjeet\/kylakirjeet-2022\/kylakirje-26-3-2022\/\">Jatkuu<\/a><\/p>\n","protected":false},"author":4,"featured_media":0,"parent":4127,"menu_order":0,"comment_status":"closed","ping_status":"closed","template":"","meta":{"_acf_changed":false,"footnotes":""},"class_list":["post-4142","page","type-page","status-publish","hentry"],"acf":[],"_links":{"self":[{"href":"https:\/\/www.nokiankylat.fi\/taivalkunta\/wp-json\/wp\/v2\/pages\/4142","targetHints":{"allow":["GET"]}}],"collection":[{"href":"https:\/\/www.nokiankylat.fi\/taivalkunta\/wp-json\/wp\/v2\/pages"}],"about":[{"href":"https:\/\/www.nokiankylat.fi\/taivalkunta\/wp-json\/wp\/v2\/types\/page"}],"author":[{"embeddable":true,"href":"https:\/\/www.nokiankylat.fi\/taivalkunta\/wp-json\/wp\/v2\/users\/4"}],"replies":[{"embeddable":true,"href":"https:\/\/www.nokiankylat.fi\/taivalkunta\/wp-json\/wp\/v2\/comments?post=4142"}],"version-history":[{"count":2,"href":"https:\/\/www.nokiankylat.fi\/taivalkunta\/wp-json\/wp\/v2\/pages\/4142\/revisions"}],"predecessor-version":[{"id":4145,"href":"https:\/\/www.nokiankylat.fi\/taivalkunta\/wp-json\/wp\/v2\/pages\/4142\/revisions\/4145"}],"up":[{"embeddable":true,"href":"https:\/\/www.nokiankylat.fi\/taivalkunta\/wp-json\/wp\/v2\/pages\/4127"}],"wp:attachment":[{"href":"https:\/\/www.nokiankylat.fi\/taivalkunta\/wp-json\/wp\/v2\/media?parent=4142"}],"curies":[{"name":"wp","href":"https:\/\/api.w.org\/{rel}","templated":true}]}}