{"id":4153,"date":"2022-03-30T19:05:07","date_gmt":"2022-03-30T16:05:07","guid":{"rendered":"https:\/\/www.nokiankylat.fi\/taivalkunta\/?page_id=4153"},"modified":"2025-01-05T18:00:11","modified_gmt":"2025-01-05T16:00:11","slug":"toimintakertomus-2021","status":"publish","type":"page","link":"https:\/\/www.nokiankylat.fi\/taivalkunta\/yhdistykset\/taivalkunnan-kylat-ry\/kylayhdistyksen-arkisto\/toimintakertomus-2021\/","title":{"rendered":"Toimintakertomus 2021"},"content":{"rendered":"<p><strong>Taivalkunnan kyla\u0308t ry vuosikertomus 2021<\/strong><\/p>\n<p>Yhdistyksen toiminta-alueena on koko Taivalkunta koostuen seuraavista kylista\u0308: Taipale, Kohmala, Kennola, Vastama\u0308ki, Memmola, Kassila, Haapaniemi, Kontaa, Lukkila ja Ka\u0308rjenmaa.<br \/>\nYhdistyksen tarkoituksena on toimia Taivalkunnan asukkaiden ja yhteiso\u0308jen yhteistyo\u0308elimena\u0308 pyrkimyksissa\u0308 parantaa edella\u0308 mainituilla alueilla vakituisesti tai vapaa-aikanaan asuvien ihmisten hyvinvointia.<br \/>\nYhdistys kannustaa toiminta-alueensa asukkaita yhteistoimintaan kotiseutunsa kehitta\u0308miseksi seka\u0308 kehitta\u0308a\u0308 yhteistyo\u0308ta\u0308 toiminta-alueensa pa\u0308a\u0308tta\u0308jien ja viranhaltijoiden kanssa kylien kehitta\u0308misessa\u0308 ja kylien asukkaiden hyvinvoinnin parantamisessa. Tarkoituksena on lisa\u0308ksi verkostoitua muiden vastaavien tahojen ja maaseudun kehitta\u0308misorganisaatioiden kanssa.<br \/>\nVuosi 2021 alkoi perinteisesti, mutta jo keva\u0308a\u0308sta\u0308 2020 alkaen maailmanlaajuinen viruspandemia ja sen aiheuttamat rajoitukset ja ohjeet karsivat yhdistyksen ja\u0308rjesta\u0308mia\u0308 tilaisuuksia. Koronan vuoksi osa hallituksen kokouksistakin pidettiin vuoden aikana Teamsin v\u00e4lityksell\u00e4.<\/p>\n<p><strong>Hallinto<\/strong><br \/>\nTaivalkunnan kyla\u0308t ry:n hallitukseen vuonna 2021 ovat kuuluneet puheenjohtaja Erkko M\u00e4enp\u00e4\u00e4, varapuheenjohtaja Tomi Teuho-Markkola, sihteeri Minna Ma\u0308kinen, taloudenhoitaja Anja Mattila seka\u0308 ja\u0308senet Elina Helenius, Teemu Lehtima\u0308ki, Terhi Leskinen ja Kaisa Salonen.<br \/>\nToiminnantarkastajana tilikaudella 2021 toimi Veijo Hynninen ja ha\u0308nen varahenkilo\u0308na\u0308a\u0308n Leena Myllyntausta.<br \/>\nTaivalkunnan kyla\u0308t ry:n keva\u0308tkokous pidettiin 10.6.2021 ja syyskokous 25.10.2021. Keva\u0308tkokous oli myo\u0308hennetylla\u0308 aikataululla aiemmin kerrotun tautitilanteen takia ja kummassakin kokouksessa ka\u0308siteltiin vain lakisa\u0308a\u0308teiset asiat.<\/p>\n<p><strong>Hallituksen kokoukset<\/strong><br \/>\nTaivalkunnan kyla\u0308t ry:n hallitus piti vuonna 2021 viisi omaa kokousta. Kokousten yhteishenki oli hyva\u0308. Aikaa ka\u0308ytettiin myo\u0308s kyla\u0308n kehitta\u0308misen suunnitteluun ja pohdittiin, miten kaupungin saisi enemma\u0308n kiinnostumaan kyla\u0308mme asioista.<br \/>\nTaivalkuntaa tunnetuksi ja tarpeemme tiedostetuiksi<br \/>\nEdellisvuosien tapaan Taivalkuntaa tehtiin tunnetuksi tiedotustoimintamme kautta kyla\u0308n sivustolla ja julkisin kyla\u0308kirjein. Kyla\u0308postimme tilaajama\u0308a\u0308ra\u0308 on saatu kasvatettua ja mukana sa\u0308hko\u0308postiosoitteistossa on myo\u0308s yhteistyo\u0308kumppaneiden ja median edustajia. Taivalkunnan kyl\u00e4n asioista tiedotettiin my\u00f6s kyl\u00e4n omalla facebook-sivustolla.<\/p>\n<p><strong>Talvitapahtuma, keva\u0308tkarkelot, kyla\u0308illat ja joululaulutilaisuus<\/strong><br \/>\nPerinteista\u0308 talvitapahtumaa ei helmikuussa ja\u0308rjestetty koronavirustilanteen vuoksi, sill\u00e4 Suomessa oli tuohon aikaan rajoitustoimet kokoontumisten suhteen. Samasta syyst\u00e4 my\u00f6s jo perinteikk\u00e4\u00e4t koko kyl\u00e4n keva\u0308tkarkelot ja\u0308tettiin vuodelta 2021 pois. Joulukuussa 2021 pandemiatilanne oli rauhallisempi ja yhdistyksen joululauluilta saatiin ja\u0308rjestettya\u0308 Taivalkunnan koulun piha-alueella. Joululauluilta j\u00e4rjestettiin yhdess\u00e4 Taivalkunnan alakoulun ja Taivalkunnan Hevosurheilijoiden kanssa. Koululaiset myiv\u00e4t tapahtumassa leivonnaisia, omatekemi\u00e4\u00e4n joulukoristeita ja muuta perinteik\u00e4st\u00e4 markkinatavaraa. Hevosurheilijat j\u00e4rjestiv\u00e4t koulun pihalla poniratsastusta. Taivalkunna kyl\u00e4t ry toimi tapahtuman koollekutujana. Tomi Markkola laulatti kyl\u00e4l\u00e4isi\u00e4 ja muita tapahtumassa mukana olleita joululaulujen merkeiss\u00e4 koulun pihalla kovasta pakkasesta huolimatta. Joululauluilta oli kyl\u00e4k\u00e4isille mieluisa tapahtuma. Monet kokivat hienoksi asiaksi n\u00e4hd\u00e4 muita kyl\u00e4l\u00e4isi\u00e4 pitk\u00e4n hiljaiselon j\u00e4lkeen.<\/p>\n<p><strong>Tiedotustoiminta<\/strong><br \/>\nVuonna 2021 tiedotus oli sa\u0308a\u0308nno\u0308llista\u0308. Olli Sorva toimitti kyla\u0308kirjeita\u0308 kyl\u00e4l\u00e4isille sa\u0308hko\u0308postitse ja osa niista\u0308 jaettiin my\u00f6s postilaatikoihinkin. Kirjeet lo\u0308ytyva\u0308t myo\u0308s Taivalkunnan kyla\u0308n kotisivuilta. Kyla\u0308n yhteiset asiat saivat palstatilaa my\u00f6s paikallislehdessa\u0308. Kyla\u0308n kotisivulla on mm. tapahtumakalenteri ja Taivalkuntatietoa. Kyla\u0308n Facebook -sivut ovat tiedotuska\u0308yto\u0308ssa\u0308. Tarkempaa tietoa yhdistyksen vuoden 2021 toiminnasta lo\u0308ytyy kyla\u0308n sivustolta.<\/p>\n<p><strong>Muistamiset ja stipendit<\/strong><br \/>\nKeva\u0308a\u0308lla\u0308 2021 Taivalkunnan kyla\u0308t ry:n stipendit meniva\u0308t kouluille jakoon seuraavasti: Taivalkunnan alakoulu 30 euron stipendit kiva kaveri -periaatteella saivat 1-3lk Klaus af H\u00e4llstr\u00f6 ja 4-6lk Rene Salama. 50 euron stipendit, paras keskiarvo koulusta la\u0308hteva\u0308lla\u0308 Taivalkuntalaisella, Nokianvirran yla\u0308koulu Timi Teuho-Markkola 9G ja Ema\u0308kosken yla\u0308koulu Sanni Dickman 9A.<\/p>\n<p><strong>Terveytta\u0308 liikunnalla ja itsesta\u0308a\u0308n huolenpitoa<\/strong><br \/>\nVuosittain Taivalkunna koululla on j\u00e4rjestetty jotakin ohjattua ryhm\u00e4liikuntaa. Maailmanlaajuisen koronavirustilanteen vuoksi Taivalkunnan koululla ei j\u00e4rjestetty yhteisi\u00e4 sis\u00e4liikuntavuoroja vuonna 2021.<br \/>\nTulevaisuuden na\u0308kyma\u0308t<br \/>\nNa\u0308kyma\u0308t la\u0308hitulevaisuudelle ovat valoisat. Koulun toiminnan jatkuminen ja kyla\u0308n tonttipolitiikka vaativat kyla\u0308hallitukselta aloitteellisuutta kaupungin kanssa tehta\u0308va\u0308ssa\u0308 yhteistyo\u0308ssa\u0308, mutta todenna\u0308ko\u0308isesti muuten saadaan ela\u0308a\u0308 tavanomaista kyla\u0308lle kuuluvaa ela\u0308ma\u0308a\u0308. La\u0308hivuosina valmistuu kevyenliikenteen va\u0308yla\u0308 ja vesi\/viema\u0308riyhteys Koskenma\u0308keen. Yritta\u0308jyyskoulukin on hyva\u0308lla\u0308 mallilla.<\/p>\n<p><strong>Lopputoteamus<\/strong><br \/>\nVuonna 2021 kyla\u0308yhdistyksen hallitus koostui toiminnallisista ja yhteistyo\u0308kykyisista\u0308 henkilo\u0308ista\u0308 ja lisa\u0308ksi kyla\u0308la\u0308iset olivat kiitetta\u0308va\u0308sti mukana toiminnassa seka\u0308 rakentamassa yhteishenkea\u0308. Kyla\u0308lla\u0308mme on hyva\u0308t tulevaisuudenna\u0308kyma\u0308t ja asukkaiden ika\u0308rakenne on hyva\u0308. Kyla\u0308yhdistys tahtoo kiitta\u0308a\u0308 kaikkia kyla\u0308la\u0308isia\u0308 yhteistyo\u0308sta\u0308 vuonna 2021.<\/p>\n<p><strong>Taivalkunnan kyla\u0308t ry hallitus 27.3.2022<\/strong><\/p>\n","protected":false},"excerpt":{"rendered":"<p>Taivalkunnan kyla\u0308t ry vuosikertomus 2021 Yhdistyksen toiminta-alueena on koko Taivalkunta koostuen seuraavista kylista\u0308: Taipale, Kohmala, Kennola, Vastama\u0308ki, Memmola, Kassila, Haapaniemi, Kontaa, Lukkila ja Ka\u0308rjenmaa. Yhdistyksen tarkoituksena on toimia Taivalkunnan asukkaiden ja yhteiso\u0308jen yhteistyo\u0308elimena\u0308 pyrkimyksissa\u0308 parantaa edella\u0308 mainituilla alueilla vakituisesti tai vapaa-aikanaan asuvien ihmisten hyvinvointia. Yhdistys kannustaa toiminta-alueensa asukkaita yhteistoimintaan kotiseutunsa kehitta\u0308miseksi seka\u0308 kehitta\u0308a\u0308 yhteistyo\u0308ta\u0308 toiminta-alueensa &hellip; <a href=\"https:\/\/www.nokiankylat.fi\/taivalkunta\/yhdistykset\/taivalkunnan-kylat-ry\/kylayhdistyksen-arkisto\/toimintakertomus-2021\/\">Jatkuu<\/a><\/p>\n","protected":false},"author":4,"featured_media":0,"parent":186,"menu_order":0,"comment_status":"closed","ping_status":"closed","template":"","meta":{"_acf_changed":false,"footnotes":""},"class_list":["post-4153","page","type-page","status-publish","hentry"],"acf":[],"_links":{"self":[{"href":"https:\/\/www.nokiankylat.fi\/taivalkunta\/wp-json\/wp\/v2\/pages\/4153","targetHints":{"allow":["GET"]}}],"collection":[{"href":"https:\/\/www.nokiankylat.fi\/taivalkunta\/wp-json\/wp\/v2\/pages"}],"about":[{"href":"https:\/\/www.nokiankylat.fi\/taivalkunta\/wp-json\/wp\/v2\/types\/page"}],"author":[{"embeddable":true,"href":"https:\/\/www.nokiankylat.fi\/taivalkunta\/wp-json\/wp\/v2\/users\/4"}],"replies":[{"embeddable":true,"href":"https:\/\/www.nokiankylat.fi\/taivalkunta\/wp-json\/wp\/v2\/comments?post=4153"}],"version-history":[{"count":6,"href":"https:\/\/www.nokiankylat.fi\/taivalkunta\/wp-json\/wp\/v2\/pages\/4153\/revisions"}],"predecessor-version":[{"id":4180,"href":"https:\/\/www.nokiankylat.fi\/taivalkunta\/wp-json\/wp\/v2\/pages\/4153\/revisions\/4180"}],"up":[{"embeddable":true,"href":"https:\/\/www.nokiankylat.fi\/taivalkunta\/wp-json\/wp\/v2\/pages\/186"}],"wp:attachment":[{"href":"https:\/\/www.nokiankylat.fi\/taivalkunta\/wp-json\/wp\/v2\/media?parent=4153"}],"curies":[{"name":"wp","href":"https:\/\/api.w.org\/{rel}","templated":true}]}}