{"id":4159,"date":"2022-03-30T19:16:27","date_gmt":"2022-03-30T16:16:27","guid":{"rendered":"https:\/\/www.nokiankylat.fi\/taivalkunta\/?page_id=4159"},"modified":"2022-03-30T19:46:21","modified_gmt":"2022-03-30T16:46:21","slug":"kokouskutsu-2022-kevatkokous","status":"publish","type":"page","link":"https:\/\/www.nokiankylat.fi\/taivalkunta\/yhdistykset\/taivalkunnan-kylat-ry\/kokoukset-ja-kylaillat\/kevatkokous-7-4-2022\/kokouskutsu-2022-kevatkokous\/","title":{"rendered":"Kokouskutsu 2022 kev\u00e4tkokous"},"content":{"rendered":"<p>Kokous pidet\u00e4\u00e4n koululla 7.4.2022<\/p>\n<p><a href=\"https:\/\/www.nokiankylat.fi\/taivalkunta\/wp-content\/uploads\/sites\/11\/2022\/03\/KOKOUSKUTSU-2022-KYLAT-scaled-e1648657256267.jpg\"><img loading=\"lazy\" decoding=\"async\" class=\"alignnone size-medium wp-image-4147\" src=\"https:\/\/www.nokiankylat.fi\/taivalkunta\/wp-content\/uploads\/sites\/11\/2022\/03\/KOKOUSKUTSU-2022-KYLAT-scaled-e1648657256267-212x300.jpg\" alt=\"\" width=\"212\" height=\"300\" srcset=\"https:\/\/www.nokiankylat.fi\/taivalkunta\/wp-content\/uploads\/sites\/11\/2022\/03\/KOKOUSKUTSU-2022-KYLAT-scaled-e1648657256267-212x300.jpg 212w, https:\/\/www.nokiankylat.fi\/taivalkunta\/wp-content\/uploads\/sites\/11\/2022\/03\/KOKOUSKUTSU-2022-KYLAT-scaled-e1648657256267-724x1024.jpg 724w, https:\/\/www.nokiankylat.fi\/taivalkunta\/wp-content\/uploads\/sites\/11\/2022\/03\/KOKOUSKUTSU-2022-KYLAT-scaled-e1648657256267-768x1087.jpg 768w, https:\/\/www.nokiankylat.fi\/taivalkunta\/wp-content\/uploads\/sites\/11\/2022\/03\/KOKOUSKUTSU-2022-KYLAT-scaled-e1648657256267-1086x1536.jpg 1086w, https:\/\/www.nokiankylat.fi\/taivalkunta\/wp-content\/uploads\/sites\/11\/2022\/03\/KOKOUSKUTSU-2022-KYLAT-scaled-e1648657256267-1448x2048.jpg 1448w, https:\/\/www.nokiankylat.fi\/taivalkunta\/wp-content\/uploads\/sites\/11\/2022\/03\/KOKOUSKUTSU-2022-KYLAT-scaled-e1648657256267.jpg 1497w\" sizes=\"auto, (max-width: 212px) 100vw, 212px\" \/><\/a><\/p>\n<p><a href=\"http:\/\/nokiankylat.fi\/taivalkunta\/yhdistykset\/taivalkunnan-kylat-ry\/toimintakertomus-2021\/\">Linkki toimintakertomukseen\u00a0<\/a><\/p>\n","protected":false},"excerpt":{"rendered":"<p>Kokous pidet\u00e4\u00e4n koululla 7.4.2022 Linkki toimintakertomukseen\u00a0<\/p>\n","protected":false},"author":4,"featured_media":0,"parent":4149,"menu_order":0,"comment_status":"closed","ping_status":"closed","template":"","meta":{"_acf_changed":false,"footnotes":""},"class_list":["post-4159","page","type-page","status-publish","hentry"],"acf":[],"_links":{"self":[{"href":"https:\/\/www.nokiankylat.fi\/taivalkunta\/wp-json\/wp\/v2\/pages\/4159","targetHints":{"allow":["GET"]}}],"collection":[{"href":"https:\/\/www.nokiankylat.fi\/taivalkunta\/wp-json\/wp\/v2\/pages"}],"about":[{"href":"https:\/\/www.nokiankylat.fi\/taivalkunta\/wp-json\/wp\/v2\/types\/page"}],"author":[{"embeddable":true,"href":"https:\/\/www.nokiankylat.fi\/taivalkunta\/wp-json\/wp\/v2\/users\/4"}],"replies":[{"embeddable":true,"href":"https:\/\/www.nokiankylat.fi\/taivalkunta\/wp-json\/wp\/v2\/comments?post=4159"}],"version-history":[{"count":4,"href":"https:\/\/www.nokiankylat.fi\/taivalkunta\/wp-json\/wp\/v2\/pages\/4159\/revisions"}],"predecessor-version":[{"id":4168,"href":"https:\/\/www.nokiankylat.fi\/taivalkunta\/wp-json\/wp\/v2\/pages\/4159\/revisions\/4168"}],"up":[{"embeddable":true,"href":"https:\/\/www.nokiankylat.fi\/taivalkunta\/wp-json\/wp\/v2\/pages\/4149"}],"wp:attachment":[{"href":"https:\/\/www.nokiankylat.fi\/taivalkunta\/wp-json\/wp\/v2\/media?parent=4159"}],"curies":[{"name":"wp","href":"https:\/\/api.w.org\/{rel}","templated":true}]}}