{"id":4170,"date":"2022-04-06T17:45:00","date_gmt":"2022-04-06T14:45:00","guid":{"rendered":"https:\/\/www.nokiankylat.fi\/taivalkunta\/?page_id=4170"},"modified":"2022-04-06T17:45:00","modified_gmt":"2022-04-06T14:45:00","slug":"taivalkunta-yhdessa-toimien","status":"publish","type":"page","link":"https:\/\/www.nokiankylat.fi\/taivalkunta\/yhdistykset\/taivalkunnan-kylat-ry\/taivalkunta-yhdessa-toimien\/","title":{"rendered":"Taivalkunta yhdess\u00e4 toimien"},"content":{"rendered":"<p>Tein \u201dTaivalkunta yhdess\u00e4 toimien\u201d kyl\u00e4kirjan. Se on A4 kokoinen ja 272 sivuinen teos. Kirjassa on lehtileikkeit\u00e4 ja\u00a0 tarinoita kyl\u00e4st\u00e4, kyl\u00e4yhdistyksest\u00e4 ja kyl\u00e4l\u00e4isist\u00e4 l\u00e4hinn\u00e4 viimeisen 40 vuoden ajalta. Tein kirjan omakustanteisesti ja sit\u00e4 on minulla myynniss\u00e4 40,- euroa\/kpl. Kirjan voi ostaa my\u00f6s yritykseni (Nokian S\u00e4hk\u00f6talo Oy) kautta. Annan mielell\u00e4ni lis\u00e4tietoa teoksesta ja sen taustoista.<\/p>\n<p><a href=\"https:\/\/www.nokiankylat.fi\/taivalkunta\/wp-content\/uploads\/sites\/11\/2022\/04\/YHDESSA-TOIMIEN-SAATTEEKSISIVU-scaled.jpg\"><img loading=\"lazy\" decoding=\"async\" class=\"alignnone size-medium wp-image-4171\" src=\"https:\/\/www.nokiankylat.fi\/taivalkunta\/wp-content\/uploads\/sites\/11\/2022\/04\/YHDESSA-TOIMIEN-SAATTEEKSISIVU-213x300.jpg\" alt=\"\" width=\"213\" height=\"300\" srcset=\"https:\/\/www.nokiankylat.fi\/taivalkunta\/wp-content\/uploads\/sites\/11\/2022\/04\/YHDESSA-TOIMIEN-SAATTEEKSISIVU-213x300.jpg 213w, https:\/\/www.nokiankylat.fi\/taivalkunta\/wp-content\/uploads\/sites\/11\/2022\/04\/YHDESSA-TOIMIEN-SAATTEEKSISIVU-728x1024.jpg 728w, https:\/\/www.nokiankylat.fi\/taivalkunta\/wp-content\/uploads\/sites\/11\/2022\/04\/YHDESSA-TOIMIEN-SAATTEEKSISIVU-768x1080.jpg 768w, https:\/\/www.nokiankylat.fi\/taivalkunta\/wp-content\/uploads\/sites\/11\/2022\/04\/YHDESSA-TOIMIEN-SAATTEEKSISIVU-1092x1536.jpg 1092w, https:\/\/www.nokiankylat.fi\/taivalkunta\/wp-content\/uploads\/sites\/11\/2022\/04\/YHDESSA-TOIMIEN-SAATTEEKSISIVU-1456x2048.jpg 1456w, https:\/\/www.nokiankylat.fi\/taivalkunta\/wp-content\/uploads\/sites\/11\/2022\/04\/YHDESSA-TOIMIEN-SAATTEEKSISIVU-scaled.jpg 1821w\" sizes=\"auto, (max-width: 213px) 100vw, 213px\" \/><\/a><\/p>\n<p>Minut tavoittaa s\u00e4hk\u00f6postitse <a>olli.sorva@nokiansahkotalo.fi\u00a0<\/a><\/p>\n<p>T\u00e4ss\u00e4 kirjan saatteeksi sivu.<\/p>\n","protected":false},"excerpt":{"rendered":"<p>Tein \u201dTaivalkunta yhdess\u00e4 toimien\u201d kyl\u00e4kirjan. Se on A4 kokoinen ja 272 sivuinen teos. Kirjassa on lehtileikkeit\u00e4 ja\u00a0 tarinoita kyl\u00e4st\u00e4, kyl\u00e4yhdistyksest\u00e4 ja kyl\u00e4l\u00e4isist\u00e4 l\u00e4hinn\u00e4 viimeisen 40 vuoden ajalta. Tein kirjan omakustanteisesti ja sit\u00e4 on minulla myynniss\u00e4 40,- euroa\/kpl. Kirjan voi ostaa my\u00f6s yritykseni (Nokian S\u00e4hk\u00f6talo Oy) kautta. Annan mielell\u00e4ni lis\u00e4tietoa teoksesta ja sen taustoista. Minut tavoittaa &hellip; <a href=\"https:\/\/www.nokiankylat.fi\/taivalkunta\/yhdistykset\/taivalkunnan-kylat-ry\/taivalkunta-yhdessa-toimien\/\">Jatkuu<\/a><\/p>\n","protected":false},"author":4,"featured_media":0,"parent":43,"menu_order":0,"comment_status":"closed","ping_status":"closed","template":"","meta":{"_acf_changed":false,"footnotes":""},"class_list":["post-4170","page","type-page","status-publish","hentry"],"acf":[],"_links":{"self":[{"href":"https:\/\/www.nokiankylat.fi\/taivalkunta\/wp-json\/wp\/v2\/pages\/4170","targetHints":{"allow":["GET"]}}],"collection":[{"href":"https:\/\/www.nokiankylat.fi\/taivalkunta\/wp-json\/wp\/v2\/pages"}],"about":[{"href":"https:\/\/www.nokiankylat.fi\/taivalkunta\/wp-json\/wp\/v2\/types\/page"}],"author":[{"embeddable":true,"href":"https:\/\/www.nokiankylat.fi\/taivalkunta\/wp-json\/wp\/v2\/users\/4"}],"replies":[{"embeddable":true,"href":"https:\/\/www.nokiankylat.fi\/taivalkunta\/wp-json\/wp\/v2\/comments?post=4170"}],"version-history":[{"count":1,"href":"https:\/\/www.nokiankylat.fi\/taivalkunta\/wp-json\/wp\/v2\/pages\/4170\/revisions"}],"predecessor-version":[{"id":4172,"href":"https:\/\/www.nokiankylat.fi\/taivalkunta\/wp-json\/wp\/v2\/pages\/4170\/revisions\/4172"}],"up":[{"embeddable":true,"href":"https:\/\/www.nokiankylat.fi\/taivalkunta\/wp-json\/wp\/v2\/pages\/43"}],"wp:attachment":[{"href":"https:\/\/www.nokiankylat.fi\/taivalkunta\/wp-json\/wp\/v2\/media?parent=4170"}],"curies":[{"name":"wp","href":"https:\/\/api.w.org\/{rel}","templated":true}]}}