{"id":4187,"date":"2022-09-05T19:41:59","date_gmt":"2022-09-05T16:41:59","guid":{"rendered":"https:\/\/www.nokiankylat.fi\/taivalkunta\/?page_id=4187"},"modified":"2022-09-05T19:54:36","modified_gmt":"2022-09-05T16:54:36","slug":"kylakirje-5-9-2022","status":"publish","type":"page","link":"https:\/\/www.nokiankylat.fi\/taivalkunta\/yhdistykset\/taivalkunnan-kylat-ry\/kylayhdistyksen-arkisto\/kylakirjeet\/kylakirjeet-2022\/kylakirje-5-9-2022\/","title":{"rendered":"Kyl\u00e4kirje 5-9-2022"},"content":{"rendered":"<h2>Tervehdys<\/h2>\n<p>&nbsp;<\/p>\n<p><strong>Pilates-tuntien mahdollisuus, ja n\u00e4it\u00e4 on kyl\u00e4lle toivottu.<\/strong><\/p>\n<p>Kyl\u00e4n koululle olisi mahdollisuus saada tuntien ohjaaja. Sama henkil\u00f6, joka oli pari vuotta sittenkin. Edellytys on, ett\u00e4 jokaiselle tunnilla tarvitaan v\u00e4hint\u00e4\u00e4n 9 osallistujaa ja t\u00e4ll\u00f6in hinta olisi 15\u20ac\/krt. Eli sitoutuneita k\u00e4vij\u00f6it\u00e4 v\u00e4hint\u00e4\u00e4n tuo m\u00e4\u00e4r\u00e4 tuolla hinnalla. 9 tai 10 kertaa yhteens\u00e4 varmaan mahtuu syksyyn eli 135\u20ac tai 150\u20ac kausi.<\/p>\n<p>Ajallisesti onnistuisi torstai iltana ja kello 17.30 eteenp\u00e4in.<br \/>\nJos olet valmis\/halukas sitoutumaan tunneille, niin laita tieto siit\u00e4 suoraan mahdollisen ryhm\u00e4n vet\u00e4j\u00e4lle (Suvi Suur-Inkeroiselle <a href=\"mailto:suvi@suvintuulet.fi\">suvi@suvintuulet.fi<\/a>) tai sitten minulle, vaikka paluupostina. Suvilta voit kysy\u00e4 my\u00f6s tuntien sis\u00e4ll\u00f6st\u00e4 tarkemmin.<\/p>\n<p><strong>\u00a0<\/strong><\/p>\n<p><strong>Kuntalaiskysely<\/strong><\/p>\n<p>Kaupunki selvitt\u00e4\u00e4 kuntalaiskyselyll\u00e4 nokialaisten n\u00e4kemyksi\u00e4 kaupungista. Vastaamalla kyselyyn voit vaikuttaa kaupungin palvelujen ja toiminnan kehitt\u00e4miseen! Yhteystiedot j\u00e4tt\u00e4neiden kesken arvotaan Nokia-aiheisia yll\u00e4tyspalkintoja. <strong>Vastausaikaa on 8.9.2022<\/strong> saakka.<\/p>\n<p>T\u00e4ss\u00e4 linkki: <a href=\"https:\/\/link.webropolsurveys.com\/Participation\/Public\/9b2c034c-ff3d-4add-be9f-968abd50f941?displayId=Fin2594047\"><strong>Vastaa kuntalaiskyselyyn verkossa<\/strong><\/a><\/p>\n<p><strong>\u00a0<\/strong><\/p>\n<p><strong>Taivalkunta yhdess\u00e4 toimien<\/strong> on kolmas kyl\u00e4kirjani. Kokosin l\u00e4hes vuoden ajan harrastuksenani Taivalkunnan kyl\u00e4kirjaa ja se tuli painosta kev\u00e4\u00e4ll\u00e4. Siin\u00e4 on 272 sivua A4 koossa. Se on omakustanteinen teokseni ja kertoo kyl\u00e4n l\u00e4hihistorian tapahtumista ja henkil\u00f6ist\u00e4. Paljon on kyl\u00e4ll\u00e4 tapahtunut ja useasti olemme paikallislehdess\u00e4kin olleet. Kirjaan olen laittanut monta lehtileikett\u00e4 taittaen kirjan muotoon, mutta paljon muutakin tarinaa ja omia kommenttejani teos sis\u00e4lt\u00e4\u00e4. Kirjaa on myynniss\u00e4 minulla ja Nokian S\u00e4hk\u00f6talossa hintaan 40,- euroa\/kpl. Pieni katsaus kirjan sis\u00e4lt\u00f6\u00f6n l\u00f6ytyy kyl\u00e4n sivuilta <a href=\"https:\/\/www.nokiankylat.fi\/taivalkunta\/yhdistykset\/taivalkunnan-kylat-ry\/taivalkunta-yhdessa-toimien\/\">Taivalkunta yhdess\u00e4 toimien \u2013 Taivalkunta (nokiankylat.fi)<\/a>.<\/p>\n<p>&nbsp;<\/p>\n<p>Hoidan Taivalkunnan kyl\u00e4n verkkosivustop\u00e4ivitykset. Niit\u00e4 koskevat tiedot voit l\u00e4hett\u00e4\u00e4 minulle. L\u00e4mm\u00f6ll\u00e4 kyl\u00e4\u00e4 ja kaikkia kyl\u00e4postin lukijoita kohtaan.<\/p>\n<p>Olkaamme aktiivisia. Yhteisty\u00f6terveisin Olli Sorva<\/p>\n","protected":false},"excerpt":{"rendered":"<p>Tervehdys &nbsp; Pilates-tuntien mahdollisuus, ja n\u00e4it\u00e4 on kyl\u00e4lle toivottu. Kyl\u00e4n koululle olisi mahdollisuus saada tuntien ohjaaja. Sama henkil\u00f6, joka oli pari vuotta sittenkin. Edellytys on, ett\u00e4 jokaiselle tunnilla tarvitaan v\u00e4hint\u00e4\u00e4n 9 osallistujaa ja t\u00e4ll\u00f6in hinta olisi 15\u20ac\/krt. Eli sitoutuneita k\u00e4vij\u00f6it\u00e4 v\u00e4hint\u00e4\u00e4n tuo m\u00e4\u00e4r\u00e4 tuolla hinnalla. 9 tai 10 kertaa yhteens\u00e4 varmaan mahtuu syksyyn eli 135\u20ac &hellip; <a href=\"https:\/\/www.nokiankylat.fi\/taivalkunta\/yhdistykset\/taivalkunnan-kylat-ry\/kylayhdistyksen-arkisto\/kylakirjeet\/kylakirjeet-2022\/kylakirje-5-9-2022\/\">Jatkuu<\/a><\/p>\n","protected":false},"author":4,"featured_media":0,"parent":4127,"menu_order":0,"comment_status":"closed","ping_status":"closed","template":"","meta":{"_acf_changed":false,"footnotes":""},"class_list":["post-4187","page","type-page","status-publish","hentry"],"acf":[],"_links":{"self":[{"href":"https:\/\/www.nokiankylat.fi\/taivalkunta\/wp-json\/wp\/v2\/pages\/4187","targetHints":{"allow":["GET"]}}],"collection":[{"href":"https:\/\/www.nokiankylat.fi\/taivalkunta\/wp-json\/wp\/v2\/pages"}],"about":[{"href":"https:\/\/www.nokiankylat.fi\/taivalkunta\/wp-json\/wp\/v2\/types\/page"}],"author":[{"embeddable":true,"href":"https:\/\/www.nokiankylat.fi\/taivalkunta\/wp-json\/wp\/v2\/users\/4"}],"replies":[{"embeddable":true,"href":"https:\/\/www.nokiankylat.fi\/taivalkunta\/wp-json\/wp\/v2\/comments?post=4187"}],"version-history":[{"count":3,"href":"https:\/\/www.nokiankylat.fi\/taivalkunta\/wp-json\/wp\/v2\/pages\/4187\/revisions"}],"predecessor-version":[{"id":4191,"href":"https:\/\/www.nokiankylat.fi\/taivalkunta\/wp-json\/wp\/v2\/pages\/4187\/revisions\/4191"}],"up":[{"embeddable":true,"href":"https:\/\/www.nokiankylat.fi\/taivalkunta\/wp-json\/wp\/v2\/pages\/4127"}],"wp:attachment":[{"href":"https:\/\/www.nokiankylat.fi\/taivalkunta\/wp-json\/wp\/v2\/media?parent=4187"}],"curies":[{"name":"wp","href":"https:\/\/api.w.org\/{rel}","templated":true}]}}