{"id":4193,"date":"2022-09-28T08:50:11","date_gmt":"2022-09-28T05:50:11","guid":{"rendered":"https:\/\/www.nokiankylat.fi\/taivalkunta\/?page_id=4193"},"modified":"2022-09-28T08:50:58","modified_gmt":"2022-09-28T05:50:58","slug":"kylakirje-28-9-2022","status":"publish","type":"page","link":"https:\/\/www.nokiankylat.fi\/taivalkunta\/yhdistykset\/taivalkunnan-kylat-ry\/kylayhdistyksen-arkisto\/kylakirjeet\/kylakirjeet-2022\/kylakirje-28-9-2022\/","title":{"rendered":"Kyl\u00e4kirje 28-9-2022"},"content":{"rendered":"<p>Tervehdys kyl\u00e4postin tilaaja<\/p>\n<p><strong>\u00a0<\/strong><\/p>\n<p><strong> <a href=\"https:\/\/www.nokiankylat.fi\/taivalkunta\/wp-content\/uploads\/sites\/11\/2022\/09\/100-VUOTISKUTSUKUVA.png\"><img loading=\"lazy\" decoding=\"async\" class=\"alignnone wp-image-4194\" src=\"https:\/\/www.nokiankylat.fi\/taivalkunta\/wp-content\/uploads\/sites\/11\/2022\/09\/100-VUOTISKUTSUKUVA-300x144.png\" alt=\"\" width=\"544\" height=\"261\" srcset=\"https:\/\/www.nokiankylat.fi\/taivalkunta\/wp-content\/uploads\/sites\/11\/2022\/09\/100-VUOTISKUTSUKUVA-300x144.png 300w, https:\/\/www.nokiankylat.fi\/taivalkunta\/wp-content\/uploads\/sites\/11\/2022\/09\/100-VUOTISKUTSUKUVA.png 627w\" sizes=\"auto, (max-width: 544px) 100vw, 544px\" \/><\/a><\/strong><\/p>\n<p><strong>\u00a0<\/strong><\/p>\n<p><strong>Juhlimme 100-vuotiasta kouluamme lokakuun alussa.<br \/>\nTervetuloa mukaan juhlimaan!<\/strong><\/p>\n<p><strong>Kyl\u00e4kahvila ja p\u00e4iv\u00e4tanssit ke 5.10. klo 13-15<br \/>\n100-vuotisjuhlat pe 7.10. klo 12 <\/strong><\/p>\n","protected":false},"excerpt":{"rendered":"<p>Tervehdys kyl\u00e4postin tilaaja \u00a0 \u00a0 Juhlimme 100-vuotiasta kouluamme lokakuun alussa. Tervetuloa mukaan juhlimaan! Kyl\u00e4kahvila ja p\u00e4iv\u00e4tanssit ke 5.10. klo 13-15 100-vuotisjuhlat pe 7.10. klo 12<\/p>\n","protected":false},"author":4,"featured_media":0,"parent":4127,"menu_order":0,"comment_status":"closed","ping_status":"closed","template":"","meta":{"_acf_changed":false,"footnotes":""},"class_list":["post-4193","page","type-page","status-publish","hentry"],"acf":[],"_links":{"self":[{"href":"https:\/\/www.nokiankylat.fi\/taivalkunta\/wp-json\/wp\/v2\/pages\/4193","targetHints":{"allow":["GET"]}}],"collection":[{"href":"https:\/\/www.nokiankylat.fi\/taivalkunta\/wp-json\/wp\/v2\/pages"}],"about":[{"href":"https:\/\/www.nokiankylat.fi\/taivalkunta\/wp-json\/wp\/v2\/types\/page"}],"author":[{"embeddable":true,"href":"https:\/\/www.nokiankylat.fi\/taivalkunta\/wp-json\/wp\/v2\/users\/4"}],"replies":[{"embeddable":true,"href":"https:\/\/www.nokiankylat.fi\/taivalkunta\/wp-json\/wp\/v2\/comments?post=4193"}],"version-history":[{"count":1,"href":"https:\/\/www.nokiankylat.fi\/taivalkunta\/wp-json\/wp\/v2\/pages\/4193\/revisions"}],"predecessor-version":[{"id":4195,"href":"https:\/\/www.nokiankylat.fi\/taivalkunta\/wp-json\/wp\/v2\/pages\/4193\/revisions\/4195"}],"up":[{"embeddable":true,"href":"https:\/\/www.nokiankylat.fi\/taivalkunta\/wp-json\/wp\/v2\/pages\/4127"}],"wp:attachment":[{"href":"https:\/\/www.nokiankylat.fi\/taivalkunta\/wp-json\/wp\/v2\/media?parent=4193"}],"curies":[{"name":"wp","href":"https:\/\/api.w.org\/{rel}","templated":true}]}}