{"id":4228,"date":"2022-11-06T18:03:34","date_gmt":"2022-11-06T16:03:34","guid":{"rendered":"https:\/\/www.nokiankylat.fi\/taivalkunta\/?page_id=4228"},"modified":"2022-11-06T18:03:34","modified_gmt":"2022-11-06T16:03:34","slug":"toimintasuunnitelma-2023","status":"publish","type":"page","link":"https:\/\/www.nokiankylat.fi\/taivalkunta\/yhdistykset\/taivalkunnan-kylat-ry\/toimintasuunnitelma-2023\/","title":{"rendered":"Toimintasuunnitelma 2023"},"content":{"rendered":"<p><strong>Taivalkunnan Kyl\u00e4t ry toimintasuunnitelma vuodelle 2023<\/strong><\/p>\n<p>Yhdistyksen tarkoituksena on toimia Taivalkunnan asukkaiden ja yhteis\u00f6jen yhteisty\u00f6elimen\u00e4 pyrkimyksiss\u00e4 parantaa kyl\u00e4n alueella vakituisesti tai vapaa-aikanaan asuvien ihmisten hyvinvointia sek\u00e4 kannustaa asukkaita yhteistoimintaan kotiseutunsa kehitt\u00e4miseksi.<\/p>\n<p>Toimintakauden aikana pidet\u00e4\u00e4n s\u00e4\u00e4nt\u00f6m\u00e4\u00e4r\u00e4inen kev\u00e4t- ja syyskokous sek\u00e4 hallituksen kokouksia aiemmin mainitun p\u00e4\u00e4m\u00e4\u00e4r\u00e4n saavuttamiseksi.<\/p>\n<p>Seurataan aktiivisesti paikallista haja-asutusaluerakentamista ja vesi- ja viem\u00e4riasioita sek\u00e4 kevyenliikenteen v\u00e4yl\u00e4n suunnittelua v\u00e4lill\u00e4 Ristiver\u00e4j\u00e4 &#8211; Pihtikorventien risteys. Tarvittaessa ollaan my\u00f6s aktiivisia toimimaan asioiden eteenp\u00e4in viemiseksi.<\/p>\n<p>Taivalkunnan Kyl\u00e4t ry j\u00e4senrekisteriin aktivoidaan edelleen uusia j\u00e4seni\u00e4 ja laajennetaan tiedottamiseen k\u00e4ytett\u00e4v\u00e4\u00e4 s\u00e4hk\u00f6postirekisteri\u00e4. Kaudella 2023 ker\u00e4t\u00e4\u00e4n j\u00e4senmaksua 5euroa\/j\u00e4sen. Erillist\u00e4 liittymismaksua ei perit\u00e4. Samastakin taloudesta toivotaan useampia j\u00e4seni\u00e4.<\/p>\n<p>Kauden 2023 aikana tuotetaan Taivalkunnan Kyl\u00e4t ry:n nettisivuille ajantasaista sis\u00e4lt\u00f6\u00e4. S\u00e4hk\u00f6postissa jaettavan kyl\u00e4kirjeen avulla tiedotetaan ajankohtaisista asioista. Ajankohtaisista asioista tiedotetaan my\u00f6s kyl\u00e4n ilmoitustauluilla, paikallisessa lehdess\u00e4, facebookissa sek\u00e4 postilaatikkoihin jaettavilla tiedotteilla.<\/p>\n<p>Kaudella 2023 jatketaan nettisivuilla Taivalkunnan Palvelut-luettelon yll\u00e4pit\u00e4mist\u00e4. \u00a0Taivalkunnan Palvelut-luetteloon saavat kyl\u00e4ll\u00e4 sijaitsevat yritykset sek\u00e4 kyl\u00e4ll\u00e4 asuvat yritt\u00e4j\u00e4t ja palveluntuottajat yhteystietonsa esille palveluidensa kuvauksen kera veloituksetta. Luettelossa on esill\u00e4 my\u00f6s kyl\u00e4ll\u00e4 olevat yhdistykset ja j\u00e4rjest\u00f6t toimintakuvauksineen.<\/p>\n<p>Kev\u00e4ttalvella 2023 j\u00e4rjest\u00e4mme j\u00e4lleen s\u00e4\u00e4varauksella Talvi-riehan Jutkulan m\u00e4ess\u00e4 (golfkent\u00e4ll\u00e4 River-kent\u00e4n v\u00e4yl\u00e4 15). Talvi-riehan ajankohta sovitaan my\u00f6hemmin s\u00e4\u00e4n mukaan parhaaseen mahdolliseen ajankohtaan. Talvi-riehan j\u00e4rjest\u00e4miseen pyydet\u00e4\u00e4n mukaan kaikki muutkin halukkaat kyl\u00e4ll\u00e4 toimivat yhdistykset.<\/p>\n<p>Kev\u00e4\u00e4ll\u00e4 2023 j\u00e4rjestet\u00e4\u00e4n yhdess\u00e4 j\u00e4lleen muiden Taivalkunnassa toimivien yhdistysten kanssa Kyl\u00e4n Kev\u00e4tkarkelot. Huhtikuussa 2023 kutsutaan koolle kyl\u00e4ll\u00e4 toimivat muut yhdistykset Kev\u00e4tkarkeloiden suunnittelupalaveriin. Jo perinteeksi muodostuneet Kev\u00e4tkarkelot tulevat olemaan j\u00e4rjestyksess\u00e4\u00e4n jo kymmenennet.<\/p>\n<p>Taivalkunnan alakoulun sek\u00e4 Em\u00e4kosken- ja Nokian virran yl\u00e4koulujen kev\u00e4tjuhlissa 2023 lahjoitetaan Taivalkunnan Kyl\u00e4t ry stipendit. Em\u00e4kosken- ja Nokian virran yl\u00e4kouluilla 50eur stipendit saavat parhaat l\u00e4htev\u00e4t taivalkuntalaiset oppilaat ja Taivalkunnan alakoululle annetaan kaksi \u00e1 30eur stipendi\u00e4, joiden jakoperuste p\u00e4\u00e4tet\u00e4\u00e4n yhdess\u00e4 koulun rehtorin kanssa kev\u00e4\u00e4ll\u00e4. Toimintakauden aikana seurataan Taivalkunnan alakoulun asemaa s\u00e4ilytett\u00e4vien kyl\u00e4koulujen joukossa. Tarvittaessa ollaan aktiivisia toimimaan kyl\u00e4koulun s\u00e4ilymisen puolesta.<\/p>\n<p>Toimintakauden aikana pyrit\u00e4\u00e4n saamaan jotakin ohjattua liikunnallista toimintaa sek\u00e4 mahdollisesti jotain muutakin toivottua toimintaa kyl\u00e4ll\u00e4 j\u00e4rjestett\u00e4v\u00e4ksi.<\/p>\n<p>Joulukuussa 2023 j\u00e4rjestet\u00e4\u00e4n Taivalkunnan koululla joululauluilta aiempien vuosien tapaan.<\/p>\n<p>Toimintakauden aikana pyrkimyksen\u00e4 on pit\u00e4\u00e4 1-2 kyl\u00e4iltaa, sill\u00e4 ne ovat olleet aikaisempina vuosina hyv\u00e4ksi havaittuja.<\/p>\n","protected":false},"excerpt":{"rendered":"<p>Taivalkunnan Kyl\u00e4t ry toimintasuunnitelma vuodelle 2023 Yhdistyksen tarkoituksena on toimia Taivalkunnan asukkaiden ja yhteis\u00f6jen yhteisty\u00f6elimen\u00e4 pyrkimyksiss\u00e4 parantaa kyl\u00e4n alueella vakituisesti tai vapaa-aikanaan asuvien ihmisten hyvinvointia sek\u00e4 kannustaa asukkaita yhteistoimintaan kotiseutunsa kehitt\u00e4miseksi. Toimintakauden aikana pidet\u00e4\u00e4n s\u00e4\u00e4nt\u00f6m\u00e4\u00e4r\u00e4inen kev\u00e4t- ja syyskokous sek\u00e4 hallituksen kokouksia aiemmin mainitun p\u00e4\u00e4m\u00e4\u00e4r\u00e4n saavuttamiseksi. Seurataan aktiivisesti paikallista haja-asutusaluerakentamista ja vesi- ja viem\u00e4riasioita sek\u00e4 kevyenliikenteen &hellip; <a href=\"https:\/\/www.nokiankylat.fi\/taivalkunta\/yhdistykset\/taivalkunnan-kylat-ry\/toimintasuunnitelma-2023\/\">Jatkuu<\/a><\/p>\n","protected":false},"author":4,"featured_media":0,"parent":43,"menu_order":0,"comment_status":"closed","ping_status":"closed","template":"","meta":{"_acf_changed":false,"footnotes":""},"class_list":["post-4228","page","type-page","status-publish","hentry"],"acf":[],"_links":{"self":[{"href":"https:\/\/www.nokiankylat.fi\/taivalkunta\/wp-json\/wp\/v2\/pages\/4228","targetHints":{"allow":["GET"]}}],"collection":[{"href":"https:\/\/www.nokiankylat.fi\/taivalkunta\/wp-json\/wp\/v2\/pages"}],"about":[{"href":"https:\/\/www.nokiankylat.fi\/taivalkunta\/wp-json\/wp\/v2\/types\/page"}],"author":[{"embeddable":true,"href":"https:\/\/www.nokiankylat.fi\/taivalkunta\/wp-json\/wp\/v2\/users\/4"}],"replies":[{"embeddable":true,"href":"https:\/\/www.nokiankylat.fi\/taivalkunta\/wp-json\/wp\/v2\/comments?post=4228"}],"version-history":[{"count":2,"href":"https:\/\/www.nokiankylat.fi\/taivalkunta\/wp-json\/wp\/v2\/pages\/4228\/revisions"}],"predecessor-version":[{"id":4230,"href":"https:\/\/www.nokiankylat.fi\/taivalkunta\/wp-json\/wp\/v2\/pages\/4228\/revisions\/4230"}],"up":[{"embeddable":true,"href":"https:\/\/www.nokiankylat.fi\/taivalkunta\/wp-json\/wp\/v2\/pages\/43"}],"wp:attachment":[{"href":"https:\/\/www.nokiankylat.fi\/taivalkunta\/wp-json\/wp\/v2\/media?parent=4228"}],"curies":[{"name":"wp","href":"https:\/\/api.w.org\/{rel}","templated":true}]}}