{"id":4234,"date":"2022-11-15T20:33:33","date_gmt":"2022-11-15T18:33:33","guid":{"rendered":"https:\/\/www.nokiankylat.fi\/taivalkunta\/?page_id=4234"},"modified":"2022-11-16T08:20:04","modified_gmt":"2022-11-16T06:20:04","slug":"kylakirje-15-11-2022","status":"publish","type":"page","link":"https:\/\/www.nokiankylat.fi\/taivalkunta\/yhdistykset\/taivalkunnan-kylat-ry\/kylayhdistyksen-arkisto\/kylakirjeet\/kylakirjeet-2022\/kylakirje-15-11-2022\/","title":{"rendered":"Kyl\u00e4kirje 15-11-2022"},"content":{"rendered":"<p><a href=\"https:\/\/www.nokiankylat.fi\/taivalkunta\/wp-content\/uploads\/sites\/11\/2022\/11\/KESKUSTELUTILAISUUS-17-11-2022.jpg\"><img loading=\"lazy\" decoding=\"async\" class=\"alignnone size-medium wp-image-4235\" src=\"https:\/\/www.nokiankylat.fi\/taivalkunta\/wp-content\/uploads\/sites\/11\/2022\/11\/KESKUSTELUTILAISUUS-17-11-2022-214x300.jpg\" alt=\"\" width=\"214\" height=\"300\" srcset=\"https:\/\/www.nokiankylat.fi\/taivalkunta\/wp-content\/uploads\/sites\/11\/2022\/11\/KESKUSTELUTILAISUUS-17-11-2022-214x300.jpg 214w, https:\/\/www.nokiankylat.fi\/taivalkunta\/wp-content\/uploads\/sites\/11\/2022\/11\/KESKUSTELUTILAISUUS-17-11-2022-731x1024.jpg 731w, https:\/\/www.nokiankylat.fi\/taivalkunta\/wp-content\/uploads\/sites\/11\/2022\/11\/KESKUSTELUTILAISUUS-17-11-2022-768x1076.jpg 768w, https:\/\/www.nokiankylat.fi\/taivalkunta\/wp-content\/uploads\/sites\/11\/2022\/11\/KESKUSTELUTILAISUUS-17-11-2022-1096x1536.jpg 1096w, https:\/\/www.nokiankylat.fi\/taivalkunta\/wp-content\/uploads\/sites\/11\/2022\/11\/KESKUSTELUTILAISUUS-17-11-2022.jpg 1122w\" sizes=\"auto, (max-width: 214px) 100vw, 214px\" \/><\/a><\/p>\n<p>Kaupungilla on menossa Kantri ry:n rahoittama Maaseutuhelmet-hanke, joten ajankohta meid\u00e4n hankkeelle olisi hyv\u00e4 ja tuskinpa kaupungilta vastustusta tulisi sen maalle virkistyspaikan tekemiseen. Ei tuon reitin ja paikan yll\u00e4pito ja siisteys varmaan liikaa kyl\u00e4n talkoolaisia rasittaisi. Ainakin asia on keskustelemisen arvoinen.<\/p>\n<p>Keskustellaan asiasta koululla 17.11. kello 19.00 alkaen. Tervetuloa<\/p>\n<p>&nbsp;<\/p>\n","protected":false},"excerpt":{"rendered":"<p>Kaupungilla on menossa Kantri ry:n rahoittama Maaseutuhelmet-hanke, joten ajankohta meid\u00e4n hankkeelle olisi hyv\u00e4 ja tuskinpa kaupungilta vastustusta tulisi sen maalle virkistyspaikan tekemiseen. Ei tuon reitin ja paikan yll\u00e4pito ja siisteys varmaan liikaa kyl\u00e4n talkoolaisia rasittaisi. Ainakin asia on keskustelemisen arvoinen. Keskustellaan asiasta koululla 17.11. kello 19.00 alkaen. Tervetuloa &nbsp;<\/p>\n","protected":false},"author":4,"featured_media":0,"parent":4127,"menu_order":0,"comment_status":"closed","ping_status":"closed","template":"","meta":{"_acf_changed":false,"footnotes":""},"class_list":["post-4234","page","type-page","status-publish","hentry"],"acf":[],"_links":{"self":[{"href":"https:\/\/www.nokiankylat.fi\/taivalkunta\/wp-json\/wp\/v2\/pages\/4234","targetHints":{"allow":["GET"]}}],"collection":[{"href":"https:\/\/www.nokiankylat.fi\/taivalkunta\/wp-json\/wp\/v2\/pages"}],"about":[{"href":"https:\/\/www.nokiankylat.fi\/taivalkunta\/wp-json\/wp\/v2\/types\/page"}],"author":[{"embeddable":true,"href":"https:\/\/www.nokiankylat.fi\/taivalkunta\/wp-json\/wp\/v2\/users\/4"}],"replies":[{"embeddable":true,"href":"https:\/\/www.nokiankylat.fi\/taivalkunta\/wp-json\/wp\/v2\/comments?post=4234"}],"version-history":[{"count":3,"href":"https:\/\/www.nokiankylat.fi\/taivalkunta\/wp-json\/wp\/v2\/pages\/4234\/revisions"}],"predecessor-version":[{"id":4242,"href":"https:\/\/www.nokiankylat.fi\/taivalkunta\/wp-json\/wp\/v2\/pages\/4234\/revisions\/4242"}],"up":[{"embeddable":true,"href":"https:\/\/www.nokiankylat.fi\/taivalkunta\/wp-json\/wp\/v2\/pages\/4127"}],"wp:attachment":[{"href":"https:\/\/www.nokiankylat.fi\/taivalkunta\/wp-json\/wp\/v2\/media?parent=4234"}],"curies":[{"name":"wp","href":"https:\/\/api.w.org\/{rel}","templated":true}]}}