{"id":4245,"date":"2022-11-29T20:19:04","date_gmt":"2022-11-29T18:19:04","guid":{"rendered":"https:\/\/www.nokiankylat.fi\/taivalkunta\/?page_id=4245"},"modified":"2022-11-29T20:21:00","modified_gmt":"2022-11-29T18:21:00","slug":"kylakirje-29-11-2022","status":"publish","type":"page","link":"https:\/\/www.nokiankylat.fi\/taivalkunta\/yhdistykset\/taivalkunnan-kylat-ry\/kylayhdistyksen-arkisto\/kylakirjeet\/kylakirjeet-2022\/kylakirje-29-11-2022\/","title":{"rendered":"Kyl\u00e4kirje 29-11-2022"},"content":{"rendered":"<h2>Taivalkunnan kyl\u00e4kirje 28-11-2022<\/h2>\n<p>Nokian kaupungilla on meneill\u00e4\u00e4n (1.9.2022-31.12.2023) <strong>Nokian Maaseutuhelmet -hanke<\/strong>, jonka tavoitteena on Nokian maaseutualueiden palveluiden ja el\u00e4mysten kartoittaminen, kehitt\u00e4minen ja esilletuominen tiiviiss\u00e4 yhteisty\u00f6ss\u00e4 asukkaiden, yritysten ja muiden sidosryhmien kanssa.<\/p>\n<p>Hankkeella tuodaan esiin maaseudun <strong>vahvuuksia ja elinvoimatekij\u00f6it\u00e4,<\/strong> joita kartoitetaan yhdess\u00e4 paikallisten kanssa. Hanke t\u00e4ht\u00e4\u00e4 Nokian maaseutu- ja taajamakylien houkuttelevuuden ja vetovoimaisuuden lis\u00e4\u00e4miseen ja tavoitteena on my\u00f6s <strong>yhteisty\u00f6n kehitt\u00e4minen<\/strong>, sek\u00e4 kylien kesken ett\u00e4 my\u00f6s kylien ja kaupungin viranhaltijoiden v\u00e4lill\u00e4. Hankkeessa kartoitetaan kylien palvelu- ja tapahtumatarjontaa, kehitet\u00e4\u00e4n sit\u00e4 entist\u00e4 elinvoimaisemmaksi uusia <strong>matkailu- ja palvelupaketteja tuotteistamalla<\/strong> ja tuodaan sit\u00e4 n\u00e4kyv\u00e4sti esiin eri kanavien kautta.<\/p>\n<p>Hankkeella tavoitellaan yhteis\u00f6llisyytt\u00e4, kyl\u00e4yhteis\u00f6jen aktivointia ja toimintatapana on yhteissuunnittelu osallistavia ty\u00f6menetelmi\u00e4 k\u00e4ytt\u00e4en. Hankkeen kautta <strong>kylille jaetaan tietoa omaehtoiseen kyl\u00e4kehitt\u00e4miseen, hankeosaamista, digitaitoja, tapahtumatuottamisen taitoja sek\u00e4 markkinointi- ja tuotteistamisosaamista.<\/strong><\/p>\n<p>Hankkeessa ty\u00f6stet\u00e4\u00e4n ja kokeillaan yhdess\u00e4 kyl\u00e4yhdistysten ja kaupungin kanssa toimivia palveluita ja k\u00e4yt\u00e4nt\u00f6j\u00e4, jotka tukevat kylien kehittymist\u00e4 ja s\u00e4ilymist\u00e4 virein\u00e4. Hanke tukee eri toimijoiden osallistamista, laajaa yhteisty\u00f6t\u00e4, parempaa viestinvaihtoa ja tiedonkulkua sek\u00e4 rohkeutta kokeiluihin.<\/p>\n<p>Nokian Maaseutuhelmet -hanke on saanut rahoitusta Manner-Suomen maaseudun kehitt\u00e4misohjelmasta 2014 \u2013 2020.<\/p>\n<p>&nbsp;<\/p>\n<p><strong>Nokian Maaseutuhelmet -hankkeeseen<\/strong> liittyen kaupungilla kartoitetaan kylien toiveita siit\u00e4, ett\u00e4 mink\u00e4laista koulutusta tai infoa kylill\u00e4 halutaan. Sen j\u00e4lkeen hankekoordinaattori Kaisa Vanhala etsii tuottajia ja tekee sopimuksia toteuttajien kanssa. Aikataulullisesti on tarkoitus alkuvuodesta ko. tilaisuuksia j\u00e4rjest\u00e4\u00e4. Laita toiveita tulemaan minulle tai kyl\u00e4yhdistyksen hallitukselle siit\u00e4, mit\u00e4 sin\u00e4 itse haluat tai ajattelet kyl\u00e4ll\u00e4 tarvittavan. Kaikki <strong>toiveet ovat eritt\u00e4in tervetulleita<\/strong>.<\/p>\n<p>Toiseksi pyyd\u00e4n, ett\u00e4 jos tiedossasi on kyl\u00e4mme n\u00e4ht\u00e4vyyksi\u00e4 tai muuta matkailijoita kiinnostavaa tarjontaa, joka ei ole laajalti tiedossa, niin laita tietoa tulemaan.<\/p>\n<p>Tarkoituksena on tehd\u00e4 pikaisesti yhteenveto Taivalkunnan kyl\u00e4l\u00e4isten toiveista\/tarpeista ja saada niiden toteutus kustannuksineen mukaan meneill\u00e4\u00e4n olevaan kehityshankkeeseen.<\/p>\n<p>Hankkeeseen liittyen kaupunki on toistaiseksi j\u00e4rjest\u00e4nyt kyl\u00e4yhdistyksille kaksi tiedotus\/tutustumistilaisuutta, 13.10. ja 24.11. Oletettavasti viel\u00e4 yksi tapaaminen kasvotustenkin tulee t\u00e4lle vuodelle.<\/p>\n<p>Yhteisty\u00f6terveisin Olli Sorva<\/p>\n","protected":false},"excerpt":{"rendered":"<p>Taivalkunnan kyl\u00e4kirje 28-11-2022 Nokian kaupungilla on meneill\u00e4\u00e4n (1.9.2022-31.12.2023) Nokian Maaseutuhelmet -hanke, jonka tavoitteena on Nokian maaseutualueiden palveluiden ja el\u00e4mysten kartoittaminen, kehitt\u00e4minen ja esilletuominen tiiviiss\u00e4 yhteisty\u00f6ss\u00e4 asukkaiden, yritysten ja muiden sidosryhmien kanssa. Hankkeella tuodaan esiin maaseudun vahvuuksia ja elinvoimatekij\u00f6it\u00e4, joita kartoitetaan yhdess\u00e4 paikallisten kanssa. Hanke t\u00e4ht\u00e4\u00e4 Nokian maaseutu- ja taajamakylien houkuttelevuuden ja vetovoimaisuuden lis\u00e4\u00e4miseen ja tavoitteena &hellip; <a href=\"https:\/\/www.nokiankylat.fi\/taivalkunta\/yhdistykset\/taivalkunnan-kylat-ry\/kylayhdistyksen-arkisto\/kylakirjeet\/kylakirjeet-2022\/kylakirje-29-11-2022\/\">Jatkuu<\/a><\/p>\n","protected":false},"author":4,"featured_media":0,"parent":4127,"menu_order":0,"comment_status":"closed","ping_status":"closed","template":"","meta":{"_acf_changed":false,"footnotes":""},"class_list":["post-4245","page","type-page","status-publish","hentry"],"acf":[],"_links":{"self":[{"href":"https:\/\/www.nokiankylat.fi\/taivalkunta\/wp-json\/wp\/v2\/pages\/4245","targetHints":{"allow":["GET"]}}],"collection":[{"href":"https:\/\/www.nokiankylat.fi\/taivalkunta\/wp-json\/wp\/v2\/pages"}],"about":[{"href":"https:\/\/www.nokiankylat.fi\/taivalkunta\/wp-json\/wp\/v2\/types\/page"}],"author":[{"embeddable":true,"href":"https:\/\/www.nokiankylat.fi\/taivalkunta\/wp-json\/wp\/v2\/users\/4"}],"replies":[{"embeddable":true,"href":"https:\/\/www.nokiankylat.fi\/taivalkunta\/wp-json\/wp\/v2\/comments?post=4245"}],"version-history":[{"count":2,"href":"https:\/\/www.nokiankylat.fi\/taivalkunta\/wp-json\/wp\/v2\/pages\/4245\/revisions"}],"predecessor-version":[{"id":4247,"href":"https:\/\/www.nokiankylat.fi\/taivalkunta\/wp-json\/wp\/v2\/pages\/4245\/revisions\/4247"}],"up":[{"embeddable":true,"href":"https:\/\/www.nokiankylat.fi\/taivalkunta\/wp-json\/wp\/v2\/pages\/4127"}],"wp:attachment":[{"href":"https:\/\/www.nokiankylat.fi\/taivalkunta\/wp-json\/wp\/v2\/media?parent=4245"}],"curies":[{"name":"wp","href":"https:\/\/api.w.org\/{rel}","templated":true}]}}