{"id":4278,"date":"2022-01-08T16:42:06","date_gmt":"2022-01-08T14:42:06","guid":{"rendered":"https:\/\/www.nokiankylat.fi\/taivalkunta\/?page_id=4278"},"modified":"2023-01-15T15:50:52","modified_gmt":"2023-01-15T13:50:52","slug":"lehtileikkeita-2022","status":"publish","type":"page","link":"https:\/\/www.nokiankylat.fi\/taivalkunta\/kuvat\/lehtileikkeita\/lehtileikkeita-2022\/","title":{"rendered":"Lehtileikkeit\u00e4 2022"},"content":{"rendered":"<p><a href=\"http:\/\/nokiankylat.fi\/taivalkunta\/kuvat\/lehtileikkeita\/lehtileikkeita-2022\/nu-10-2-2022\/\"><img loading=\"lazy\" decoding=\"async\" class=\"alignnone size-medium wp-image-4282\" src=\"https:\/\/www.nokiankylat.fi\/taivalkunta\/wp-content\/uploads\/sites\/11\/2023\/01\/NU-10-2-2022-img20230106_15134417-1-scaled-e1673189044370-194x300.jpg\" alt=\"\" width=\"194\" height=\"300\" srcset=\"https:\/\/www.nokiankylat.fi\/taivalkunta\/wp-content\/uploads\/sites\/11\/2023\/01\/NU-10-2-2022-img20230106_15134417-1-scaled-e1673189044370-194x300.jpg 194w, https:\/\/www.nokiankylat.fi\/taivalkunta\/wp-content\/uploads\/sites\/11\/2023\/01\/NU-10-2-2022-img20230106_15134417-1-scaled-e1673189044370.jpg 300w\" sizes=\"auto, (max-width: 194px) 100vw, 194px\" \/><\/a><\/p>\n<p>10-2-2022 Taivalkunnan latureiteist\u00e4<\/p>\n<p>&nbsp;<\/p>\n<p><a href=\"http:\/\/nokiankylat.fi\/taivalkunta\/kuvat\/lehtileikkeita\/lehtileikkeita-2022\/nu-14-4-2022\/\"><img loading=\"lazy\" decoding=\"async\" class=\"alignnone size-medium wp-image-4294\" src=\"https:\/\/www.nokiankylat.fi\/taivalkunta\/wp-content\/uploads\/sites\/11\/2023\/01\/NU-14-4-2022-1-300x159.jpg\" alt=\"\" width=\"300\" height=\"159\" srcset=\"https:\/\/www.nokiankylat.fi\/taivalkunta\/wp-content\/uploads\/sites\/11\/2023\/01\/NU-14-4-2022-1-300x159.jpg 300w, https:\/\/www.nokiankylat.fi\/taivalkunta\/wp-content\/uploads\/sites\/11\/2023\/01\/NU-14-4-2022-1-768x406.jpg 768w, https:\/\/www.nokiankylat.fi\/taivalkunta\/wp-content\/uploads\/sites\/11\/2023\/01\/NU-14-4-2022-1.jpg 983w\" sizes=\"auto, (max-width: 300px) 100vw, 300px\" \/><\/a><\/p>\n<p>14-4-2022 Uusi kyl\u00e4kirja<\/p>\n<p>&nbsp;<\/p>\n<p><a href=\"http:\/\/nokiankylat.fi\/taivalkunta\/nu-28-4-2022\/\"><img loading=\"lazy\" decoding=\"async\" class=\"alignnone size-medium wp-image-4300\" src=\"https:\/\/www.nokiankylat.fi\/taivalkunta\/wp-content\/uploads\/sites\/11\/2023\/01\/TOMI-NU-28-4-2022-img20230107_17382220-300x241.jpg\" alt=\"\" width=\"300\" height=\"241\" srcset=\"https:\/\/www.nokiankylat.fi\/taivalkunta\/wp-content\/uploads\/sites\/11\/2023\/01\/TOMI-NU-28-4-2022-img20230107_17382220-300x241.jpg 300w, https:\/\/www.nokiankylat.fi\/taivalkunta\/wp-content\/uploads\/sites\/11\/2023\/01\/TOMI-NU-28-4-2022-img20230107_17382220-1024x821.jpg 1024w, https:\/\/www.nokiankylat.fi\/taivalkunta\/wp-content\/uploads\/sites\/11\/2023\/01\/TOMI-NU-28-4-2022-img20230107_17382220-768x616.jpg 768w, https:\/\/www.nokiankylat.fi\/taivalkunta\/wp-content\/uploads\/sites\/11\/2023\/01\/TOMI-NU-28-4-2022-img20230107_17382220-1536x1232.jpg 1536w, https:\/\/www.nokiankylat.fi\/taivalkunta\/wp-content\/uploads\/sites\/11\/2023\/01\/TOMI-NU-28-4-2022-img20230107_17382220-2048x1642.jpg 2048w\" sizes=\"auto, (max-width: 300px) 100vw, 300px\" \/><\/a><\/p>\n<p>28-4-2022 Tomin konsertista<\/p>\n<p>&nbsp;<\/p>\n<p><a href=\"http:\/\/nokiankylat.fi\/taivalkunta\/nu-9-5-2022\/\"><img loading=\"lazy\" decoding=\"async\" class=\"alignnone size-medium wp-image-3508\" src=\"https:\/\/www.nokiankylat.fi\/taivalkunta\/wp-content\/uploads\/sites\/11\/2020\/04\/2020-04-06-1-e1586161185970-300x177.png\" alt=\"\" width=\"300\" height=\"177\" srcset=\"https:\/\/www.nokiankylat.fi\/taivalkunta\/wp-content\/uploads\/sites\/11\/2020\/04\/2020-04-06-1-e1586161185970-300x177.png 300w, https:\/\/www.nokiankylat.fi\/taivalkunta\/wp-content\/uploads\/sites\/11\/2020\/04\/2020-04-06-1-e1586161185970.png 475w\" sizes=\"auto, (max-width: 300px) 100vw, 300px\" \/><\/a><\/p>\n<p>9-5-2022 Kolumni rahatonta p\u00e4\u00e4omaa<\/p>\n<p>&nbsp;<\/p>\n<p><a href=\"http:\/\/nokiankylat.fi\/taivalkunta\/nu-6-6-2022\/\"><img loading=\"lazy\" decoding=\"async\" class=\"alignnone size-medium wp-image-4322\" src=\"https:\/\/www.nokiankylat.fi\/taivalkunta\/wp-content\/uploads\/sites\/11\/2023\/01\/NU-6-6-2022-img20230107_18213069-1-e1673694931569-300x184.jpg\" alt=\"\" width=\"300\" height=\"184\" srcset=\"https:\/\/www.nokiankylat.fi\/taivalkunta\/wp-content\/uploads\/sites\/11\/2023\/01\/NU-6-6-2022-img20230107_18213069-1-e1673694931569-300x184.jpg 300w, https:\/\/www.nokiankylat.fi\/taivalkunta\/wp-content\/uploads\/sites\/11\/2023\/01\/NU-6-6-2022-img20230107_18213069-1-e1673694931569-1024x626.jpg 1024w, https:\/\/www.nokiankylat.fi\/taivalkunta\/wp-content\/uploads\/sites\/11\/2023\/01\/NU-6-6-2022-img20230107_18213069-1-e1673694931569-768x470.jpg 768w, https:\/\/www.nokiankylat.fi\/taivalkunta\/wp-content\/uploads\/sites\/11\/2023\/01\/NU-6-6-2022-img20230107_18213069-1-e1673694931569.jpg 1468w\" sizes=\"auto, (max-width: 300px) 100vw, 300px\" \/><\/a><\/p>\n<p>6-6-2022 Kantri Ry:n huomionosoitus kyl\u00e4l\u00e4iselle<\/p>\n<p>&nbsp;<\/p>\n<p><a href=\"http:\/\/nokiankylat.fi\/taivalkunta\/kuvat\/lehtileikkeita\/lehtileikkeita-2022\/nu-9-6-2022\/\"><img loading=\"lazy\" decoding=\"async\" class=\"alignnone size-medium wp-image-4329\" src=\"https:\/\/www.nokiankylat.fi\/taivalkunta\/wp-content\/uploads\/sites\/11\/2023\/01\/NU-9-6-2022-img20230107_18235708-1-e1673712603236-300x160.jpg\" alt=\"\" width=\"300\" height=\"160\" srcset=\"https:\/\/www.nokiankylat.fi\/taivalkunta\/wp-content\/uploads\/sites\/11\/2023\/01\/NU-9-6-2022-img20230107_18235708-1-e1673712603236-300x160.jpg 300w, https:\/\/www.nokiankylat.fi\/taivalkunta\/wp-content\/uploads\/sites\/11\/2023\/01\/NU-9-6-2022-img20230107_18235708-1-e1673712603236-768x410.jpg 768w, https:\/\/www.nokiankylat.fi\/taivalkunta\/wp-content\/uploads\/sites\/11\/2023\/01\/NU-9-6-2022-img20230107_18235708-1-e1673712603236.jpg 905w\" sizes=\"auto, (max-width: 300px) 100vw, 300px\" \/><\/a><\/p>\n<p>9-6-2022 Huomionosoitus koulun henkil\u00f6kunnalle<\/p>\n<p>&nbsp;<\/p>\n<p><a href=\"http:\/\/nokiankylat.fi\/taivalkunta\/kuvat\/lehtileikkeita\/lehtileikkeita-2022\/nu-11-8-2022\/\"><img loading=\"lazy\" decoding=\"async\" class=\"alignnone size-medium wp-image-3508\" src=\"https:\/\/www.nokiankylat.fi\/taivalkunta\/wp-content\/uploads\/sites\/11\/2020\/04\/2020-04-06-1-e1586161185970-300x177.png\" alt=\"\" width=\"300\" height=\"177\" srcset=\"https:\/\/www.nokiankylat.fi\/taivalkunta\/wp-content\/uploads\/sites\/11\/2020\/04\/2020-04-06-1-e1586161185970-300x177.png 300w, https:\/\/www.nokiankylat.fi\/taivalkunta\/wp-content\/uploads\/sites\/11\/2020\/04\/2020-04-06-1-e1586161185970.png 475w\" sizes=\"auto, (max-width: 300px) 100vw, 300px\" \/><\/a><\/p>\n<p>11-8-2022 Kolumni, ei ty\u00f6t\u00e4 tarvitse pel\u00e4t\u00e4<\/p>\n<p>&nbsp;<\/p>\n<p><a href=\"http:\/\/nokiankylat.fi\/taivalkunta\/nu-13-10-2022\/\"><img loading=\"lazy\" decoding=\"async\" class=\"alignnone size-medium wp-image-4344\" src=\"https:\/\/www.nokiankylat.fi\/taivalkunta\/wp-content\/uploads\/sites\/11\/2023\/01\/NU-13-10-2022-img20230107_18341590-300x255.jpg\" alt=\"\" width=\"300\" height=\"255\" srcset=\"https:\/\/www.nokiankylat.fi\/taivalkunta\/wp-content\/uploads\/sites\/11\/2023\/01\/NU-13-10-2022-img20230107_18341590-300x255.jpg 300w, https:\/\/www.nokiankylat.fi\/taivalkunta\/wp-content\/uploads\/sites\/11\/2023\/01\/NU-13-10-2022-img20230107_18341590-1024x871.jpg 1024w, https:\/\/www.nokiankylat.fi\/taivalkunta\/wp-content\/uploads\/sites\/11\/2023\/01\/NU-13-10-2022-img20230107_18341590-768x653.jpg 768w, https:\/\/www.nokiankylat.fi\/taivalkunta\/wp-content\/uploads\/sites\/11\/2023\/01\/NU-13-10-2022-img20230107_18341590-1536x1306.jpg 1536w, https:\/\/www.nokiankylat.fi\/taivalkunta\/wp-content\/uploads\/sites\/11\/2023\/01\/NU-13-10-2022-img20230107_18341590-2048x1742.jpg 2048w\" sizes=\"auto, (max-width: 300px) 100vw, 300px\" \/><\/a><\/p>\n<p>NU 13-10-2022 Kolun 100-vuotisjuhlaa<\/p>\n<p>&nbsp;<\/p>\n<p><a href=\"http:\/\/nokiankylat.fi\/taivalkunta\/kuvat\/lehtileikkeita\/lehtileikkeita-2022\/nu-13-10-2022_2\/\"><img loading=\"lazy\" decoding=\"async\" class=\"alignnone wp-image-4380\" src=\"https:\/\/www.nokiankylat.fi\/taivalkunta\/wp-content\/uploads\/sites\/11\/2023\/01\/NU-13-10-2022_2-Kolumni-ja-paakirjoitus-2-e1673789498929-264x300.png\" alt=\"\" width=\"173\" height=\"196\" \/><\/a><a href=\"http:\/\/nokiankylat.fi\/taivalkunta\/kuvat\/lehtileikkeita\/lehtileikkeita-2022\/nu-13-10-2022_2\/\"><img loading=\"lazy\" decoding=\"async\" class=\"alignnone wp-image-4379\" src=\"https:\/\/www.nokiankylat.fi\/taivalkunta\/wp-content\/uploads\/sites\/11\/2023\/01\/NU-13-10-2022_2-Kolumni-ja-paakirjoitus-1-e1673789314310-296x300.png\" alt=\"\" width=\"177\" height=\"179\" \/><\/a><\/p>\n<p>NU 13-10-2022 Kolumni ja p\u00e4\u00e4kirjoitus<\/p>\n<p>&nbsp;<\/p>\n<p><a href=\"http:\/\/nokiankylat.fi\/taivalkunta\/kuvat\/lehtileikkeita\/lehtileikkeita-2022\/nu-23-2-2022\/\"><img loading=\"lazy\" decoding=\"async\" class=\"alignnone size-full wp-image-4356\" src=\"https:\/\/www.nokiankylat.fi\/taivalkunta\/wp-content\/uploads\/sites\/11\/2023\/01\/JOULUJUHLA-SOITTAJAT-21-12-2022.jpg\" alt=\"\" width=\"281\" height=\"211\" \/><\/a><\/p>\n<p>NU 22-12-2022 Koulun joulujuhla 21.12.2022<\/p>\n<p>&nbsp;<\/p>\n<p><a href=\"http:\/\/nokiankylat.fi\/taivalkunta\/nu-29-12-2022\/\"><img loading=\"lazy\" decoding=\"async\" class=\"alignnone size-medium wp-image-3508\" src=\"https:\/\/www.nokiankylat.fi\/taivalkunta\/wp-content\/uploads\/sites\/11\/2020\/04\/2020-04-06-1-e1586161185970-300x177.png\" alt=\"\" width=\"300\" height=\"177\" srcset=\"https:\/\/www.nokiankylat.fi\/taivalkunta\/wp-content\/uploads\/sites\/11\/2020\/04\/2020-04-06-1-e1586161185970-300x177.png 300w, https:\/\/www.nokiankylat.fi\/taivalkunta\/wp-content\/uploads\/sites\/11\/2020\/04\/2020-04-06-1-e1586161185970.png 475w\" sizes=\"auto, (max-width: 300px) 100vw, 300px\" \/><\/a><\/p>\n<p>NU 29-12-2022 Kolumni, mit\u00e4 on hiljaisuus<\/p>\n","protected":false},"excerpt":{"rendered":"<p>10-2-2022 Taivalkunnan latureiteist\u00e4 &nbsp; 14-4-2022 Uusi kyl\u00e4kirja &nbsp; 28-4-2022 Tomin konsertista &nbsp; 9-5-2022 Kolumni rahatonta p\u00e4\u00e4omaa &nbsp; 6-6-2022 Kantri Ry:n huomionosoitus kyl\u00e4l\u00e4iselle &nbsp; 9-6-2022 Huomionosoitus koulun henkil\u00f6kunnalle &nbsp; 11-8-2022 Kolumni, ei ty\u00f6t\u00e4 tarvitse pel\u00e4t\u00e4 &nbsp; NU 13-10-2022 Kolun 100-vuotisjuhlaa &nbsp; NU 13-10-2022 Kolumni ja p\u00e4\u00e4kirjoitus &nbsp; NU 22-12-2022 Koulun joulujuhla 21.12.2022 &nbsp; NU 29-12-2022 Kolumni, &hellip; <a href=\"https:\/\/www.nokiankylat.fi\/taivalkunta\/kuvat\/lehtileikkeita\/lehtileikkeita-2022\/\">Jatkuu<\/a><\/p>\n","protected":false},"author":4,"featured_media":0,"parent":684,"menu_order":0,"comment_status":"closed","ping_status":"closed","template":"","meta":{"_acf_changed":false,"footnotes":""},"class_list":["post-4278","page","type-page","status-publish","hentry"],"acf":[],"_links":{"self":[{"href":"https:\/\/www.nokiankylat.fi\/taivalkunta\/wp-json\/wp\/v2\/pages\/4278","targetHints":{"allow":["GET"]}}],"collection":[{"href":"https:\/\/www.nokiankylat.fi\/taivalkunta\/wp-json\/wp\/v2\/pages"}],"about":[{"href":"https:\/\/www.nokiankylat.fi\/taivalkunta\/wp-json\/wp\/v2\/types\/page"}],"author":[{"embeddable":true,"href":"https:\/\/www.nokiankylat.fi\/taivalkunta\/wp-json\/wp\/v2\/users\/4"}],"replies":[{"embeddable":true,"href":"https:\/\/www.nokiankylat.fi\/taivalkunta\/wp-json\/wp\/v2\/comments?post=4278"}],"version-history":[{"count":40,"href":"https:\/\/www.nokiankylat.fi\/taivalkunta\/wp-json\/wp\/v2\/pages\/4278\/revisions"}],"predecessor-version":[{"id":4387,"href":"https:\/\/www.nokiankylat.fi\/taivalkunta\/wp-json\/wp\/v2\/pages\/4278\/revisions\/4387"}],"up":[{"embeddable":true,"href":"https:\/\/www.nokiankylat.fi\/taivalkunta\/wp-json\/wp\/v2\/pages\/684"}],"wp:attachment":[{"href":"https:\/\/www.nokiankylat.fi\/taivalkunta\/wp-json\/wp\/v2\/media?parent=4278"}],"curies":[{"name":"wp","href":"https:\/\/api.w.org\/{rel}","templated":true}]}}