{"id":43,"date":"2016-01-01T18:13:14","date_gmt":"2016-01-01T16:13:14","guid":{"rendered":"http:\/\/nokiankylat.wysiwyg.fi\/taivalkunta\/?page_id=43"},"modified":"2026-01-23T08:42:36","modified_gmt":"2026-01-23T06:42:36","slug":"taivalkunnan-kylat-ry","status":"publish","type":"page","link":"https:\/\/www.nokiankylat.fi\/taivalkunta\/yhdistykset\/taivalkunnan-kylat-ry\/","title":{"rendered":"Taivalkunnan kyl\u00e4t ry"},"content":{"rendered":"<h2>Yhteystiedot<\/h2>\n<h3>S\u00e4hk\u00f6posti:taivalkunnankylat@gmail.com<\/h3>\n<h3>S\u00e4hk\u00f6posti pj. :<a title=\"mailto:annemarie.hautanen@gmail.com\" href=\"mailto:annemarie.hautanen@gmail.com\" data-linkindex=\"2\" data-olk-copy-source=\"MessageBody\">annemarie.hautanen@gmail.com<\/a><\/h3>\n<h3>Puhelin pj. :mahdolliset yhteydenotot s\u00e4hk\u00f6postitse<\/h3>\n<h3><\/h3>\n<h2>Hallitus 2026<\/h2>\n<h3>Puheenjohtaja: Anne-Marie Hautanen<\/h3>\n<h3>Varapuheenjohtaja: <span data-olk-copy-source=\"MessageBody\">Ninni M\u00e4kimarttunen<\/span><\/h3>\n<h3>Sihteeri: <span data-olk-copy-source=\"MessageBody\">Petra P\u00f6l\u00f6nen<\/span><\/h3>\n<h3>Rahastonhoitaja: Marjo Salmij\u00e4rvi<\/h3>\n<h3>Muu hallitus: Anja Mattila, Erkko M\u00e4enp\u00e4\u00e4, Kristiina Ruohonen ja Emilia Vuorinen<\/h3>\n<h3><\/h3>\n<h2>Tarkoitus<\/h2>\n<p>Yhdistyksen tarkoituksena on toimia Taivalkunnan asukkaiden ja yhteis\u00f6jen yhteisty\u00f6elimen\u00e4 pyrkimyksiss\u00e4 parantaa edell\u00e4 mainituilla alueilla vakituisesti tai vapaa-aikanaan asuvien ihmisten hyvinvointia.<\/p>\n<p>Yhdistyksen tarkoituksena on kannustaa toiminta-alueensa asukkaita yhteistoimintaan kotiseutunsa kehitt\u00e4miseksi sek\u00e4 kehitt\u00e4\u00e4 yhteisty\u00f6t\u00e4 toiminta-alueensa p\u00e4\u00e4tt\u00e4jien ja viranhaltijoiden kanssa kylien kehitt\u00e4misess\u00e4 ja kylien asukkaiden hyvinvoinnin parantamisessa. Tarkoituksena on verkostoitua muiden vastaavien tahojen ja maaseudun kehitt\u00e4misorganisaatioiden kanssa.<\/p>\n","protected":false},"excerpt":{"rendered":"<p>Yhteystiedot S\u00e4hk\u00f6posti:taivalkunnankylat@gmail.com S\u00e4hk\u00f6posti pj. :annemarie.hautanen@gmail.com Puhelin pj. :mahdolliset yhteydenotot s\u00e4hk\u00f6postitse Hallitus 2026 Puheenjohtaja: Anne-Marie Hautanen Varapuheenjohtaja: Ninni M\u00e4kimarttunen Sihteeri: Petra P\u00f6l\u00f6nen Rahastonhoitaja: Marjo Salmij\u00e4rvi Muu hallitus: Anja Mattila, Erkko M\u00e4enp\u00e4\u00e4, Kristiina Ruohonen ja Emilia Vuorinen Tarkoitus Yhdistyksen tarkoituksena on toimia Taivalkunnan asukkaiden ja yhteis\u00f6jen yhteisty\u00f6elimen\u00e4 pyrkimyksiss\u00e4 parantaa edell\u00e4 mainituilla alueilla vakituisesti tai vapaa-aikanaan asuvien ihmisten &hellip; <a href=\"https:\/\/www.nokiankylat.fi\/taivalkunta\/yhdistykset\/taivalkunnan-kylat-ry\/\">Jatkuu<\/a><\/p>\n","protected":false},"author":4,"featured_media":0,"parent":39,"menu_order":0,"comment_status":"closed","ping_status":"closed","template":"","meta":{"_acf_changed":false,"footnotes":""},"class_list":["post-43","page","type-page","status-publish","hentry"],"acf":[],"_links":{"self":[{"href":"https:\/\/www.nokiankylat.fi\/taivalkunta\/wp-json\/wp\/v2\/pages\/43","targetHints":{"allow":["GET"]}}],"collection":[{"href":"https:\/\/www.nokiankylat.fi\/taivalkunta\/wp-json\/wp\/v2\/pages"}],"about":[{"href":"https:\/\/www.nokiankylat.fi\/taivalkunta\/wp-json\/wp\/v2\/types\/page"}],"author":[{"embeddable":true,"href":"https:\/\/www.nokiankylat.fi\/taivalkunta\/wp-json\/wp\/v2\/users\/4"}],"replies":[{"embeddable":true,"href":"https:\/\/www.nokiankylat.fi\/taivalkunta\/wp-json\/wp\/v2\/comments?post=43"}],"version-history":[{"count":267,"href":"https:\/\/www.nokiankylat.fi\/taivalkunta\/wp-json\/wp\/v2\/pages\/43\/revisions"}],"predecessor-version":[{"id":5060,"href":"https:\/\/www.nokiankylat.fi\/taivalkunta\/wp-json\/wp\/v2\/pages\/43\/revisions\/5060"}],"up":[{"embeddable":true,"href":"https:\/\/www.nokiankylat.fi\/taivalkunta\/wp-json\/wp\/v2\/pages\/39"}],"wp:attachment":[{"href":"https:\/\/www.nokiankylat.fi\/taivalkunta\/wp-json\/wp\/v2\/media?parent=43"}],"curies":[{"name":"wp","href":"https:\/\/api.w.org\/{rel}","templated":true}]}}