{"id":4351,"date":"2022-12-24T12:57:14","date_gmt":"2022-12-24T10:57:14","guid":{"rendered":"https:\/\/www.nokiankylat.fi\/taivalkunta\/?page_id=4351"},"modified":"2023-01-15T13:14:47","modified_gmt":"2023-01-15T11:14:47","slug":"nu-23-2-2022","status":"publish","type":"page","link":"https:\/\/www.nokiankylat.fi\/taivalkunta\/kuvat\/lehtileikkeita\/lehtileikkeita-2022\/nu-23-2-2022\/","title":{"rendered":"NU 22-2-2022"},"content":{"rendered":"<p>&nbsp;<\/p>\n<p>Puheenvuoro|Lukijalta<\/p>\n<p><strong>Taivalkunnan koulun joulujuhla oli kaikkien kyl\u00e4l\u00e4isten juhla<\/strong><\/p>\n<p><a href=\"https:\/\/www.nokiankylat.fi\/taivalkunta\/wp-content\/uploads\/sites\/11\/2023\/01\/JOULUJUHLA-SOITTAJAT-21-12-2022.jpg\"><img loading=\"lazy\" decoding=\"async\" class=\"alignnone wp-image-4356\" src=\"https:\/\/www.nokiankylat.fi\/taivalkunta\/wp-content\/uploads\/sites\/11\/2023\/01\/JOULUJUHLA-SOITTAJAT-21-12-2022.jpg\" alt=\"\" width=\"543\" height=\"408\" \/><\/a><\/p>\n<p><strong>HaBaRu s\u00e4esti joululauluja Taivalkunnan koulun p\u00e4\u00e4tt\u00e4j\u00e4isjuhlassa.\u00a0<\/strong>KUVA:\u00a0OLLI SORVA<\/p>\n<p>Nokian Uutiset 22.12.2022 9:09<\/p>\n<p>Taivalkunnan koulun syyslukukauden p\u00e4\u00e4tt\u00e4j\u00e4isjuhlaa vietettiin 21. joulukuuta n\u00e4ytt\u00e4v\u00e4sti ja mieleenpainuvasti.<\/p>\n<p>Kaikki kyl\u00e4l\u00e4iset olivat tervetulleita juhlaan ja tarjolla oli oppilaiden leipomia joulutorttuja ja pipareita kahvin ja gl\u00f6gin kera. Oppilaat myiv\u00e4t my\u00f6s itse tekemi\u00e4\u00e4n joulukoristeita.<\/p>\n<p>Oppilaiden esitykset oli nivottu hienosti jouluisten yhteislaulujen kanssa. Nuo kymmenkunta joululaulua lauloimme kyl\u00e4ll\u00e4 toimivan aikamiesorkesteri HaBaRu:n s\u00e4estyksell\u00e4.<\/p>\n<p>Livemusiikkia tarjoilivat\u00a0<a href=\"https:\/\/www.nokianuutiset.fi\/haku\/?query=Jarmo%20S%C3%A4rkkinen\">Jarmo S\u00e4rkkinen<\/a>\u00a0bassossa,\u00a0<a href=\"https:\/\/www.nokianuutiset.fi\/haku\/?query=Keijo%20Saarinen\">Keijo Saarinen<\/a>\u00a0laulussa,\u00a0<a href=\"https:\/\/www.nokianuutiset.fi\/haku\/?query=Pauli%20Suojanen\">Pauli Suojanen<\/a>\u00a0haitarissa,\u00a0<a href=\"https:\/\/www.nokianuutiset.fi\/haku\/?query=Seppo%20Heikkil%C3%A4\">Seppo Heikkil\u00e4<\/a>\u00a0rummuissa ja\u00a0<a href=\"https:\/\/www.nokianuutiset.fi\/haku\/?query=Tapio%20Niinim%C3%A4ki\">Tapio Niinim\u00e4ki<\/a>\u00a0kitarassa. Ei oppilaiden toteuttaman juhlan anti voisi mielest\u00e4ni en\u00e4\u00e4 parempi olla.<\/p>\n<p><em>Kiitollisena kutsuttuna<\/em><\/p>\n<p><a href=\"https:\/\/www.nokianuutiset.fi\/haku\/?query=Olli%20Sorva\">Olli Sorva<\/a><\/p>\n","protected":false},"excerpt":{"rendered":"<p>&nbsp; Puheenvuoro|Lukijalta Taivalkunnan koulun joulujuhla oli kaikkien kyl\u00e4l\u00e4isten juhla HaBaRu s\u00e4esti joululauluja Taivalkunnan koulun p\u00e4\u00e4tt\u00e4j\u00e4isjuhlassa.\u00a0KUVA:\u00a0OLLI SORVA Nokian Uutiset 22.12.2022 9:09 Taivalkunnan koulun syyslukukauden p\u00e4\u00e4tt\u00e4j\u00e4isjuhlaa vietettiin 21. joulukuuta n\u00e4ytt\u00e4v\u00e4sti ja mieleenpainuvasti. Kaikki kyl\u00e4l\u00e4iset olivat tervetulleita juhlaan ja tarjolla oli oppilaiden leipomia joulutorttuja ja pipareita kahvin ja gl\u00f6gin kera. Oppilaat myiv\u00e4t my\u00f6s itse tekemi\u00e4\u00e4n joulukoristeita. Oppilaiden esitykset &hellip; <a href=\"https:\/\/www.nokiankylat.fi\/taivalkunta\/kuvat\/lehtileikkeita\/lehtileikkeita-2022\/nu-23-2-2022\/\">Jatkuu<\/a><\/p>\n","protected":false},"author":4,"featured_media":0,"parent":4278,"menu_order":0,"comment_status":"closed","ping_status":"closed","template":"","meta":{"_acf_changed":false,"footnotes":""},"class_list":["post-4351","page","type-page","status-publish","hentry"],"acf":[],"_links":{"self":[{"href":"https:\/\/www.nokiankylat.fi\/taivalkunta\/wp-json\/wp\/v2\/pages\/4351","targetHints":{"allow":["GET"]}}],"collection":[{"href":"https:\/\/www.nokiankylat.fi\/taivalkunta\/wp-json\/wp\/v2\/pages"}],"about":[{"href":"https:\/\/www.nokiankylat.fi\/taivalkunta\/wp-json\/wp\/v2\/types\/page"}],"author":[{"embeddable":true,"href":"https:\/\/www.nokiankylat.fi\/taivalkunta\/wp-json\/wp\/v2\/users\/4"}],"replies":[{"embeddable":true,"href":"https:\/\/www.nokiankylat.fi\/taivalkunta\/wp-json\/wp\/v2\/comments?post=4351"}],"version-history":[{"count":4,"href":"https:\/\/www.nokiankylat.fi\/taivalkunta\/wp-json\/wp\/v2\/pages\/4351\/revisions"}],"predecessor-version":[{"id":4362,"href":"https:\/\/www.nokiankylat.fi\/taivalkunta\/wp-json\/wp\/v2\/pages\/4351\/revisions\/4362"}],"up":[{"embeddable":true,"href":"https:\/\/www.nokiankylat.fi\/taivalkunta\/wp-json\/wp\/v2\/pages\/4278"}],"wp:attachment":[{"href":"https:\/\/www.nokiankylat.fi\/taivalkunta\/wp-json\/wp\/v2\/media?parent=4351"}],"curies":[{"name":"wp","href":"https:\/\/api.w.org\/{rel}","templated":true}]}}