{"id":4391,"date":"2023-02-16T18:38:28","date_gmt":"2023-02-16T16:38:28","guid":{"rendered":"https:\/\/www.nokiankylat.fi\/taivalkunta\/?page_id=4391"},"modified":"2023-02-16T18:57:03","modified_gmt":"2023-02-16T16:57:03","slug":"kylakirje-16-2-2023","status":"publish","type":"page","link":"https:\/\/www.nokiankylat.fi\/taivalkunta\/yhdistykset\/taivalkunnan-kylat-ry\/kylayhdistyksen-arkisto\/kylakirjeet\/kylakirjeet-2023\/kylakirje-16-2-2023\/","title":{"rendered":"Kyl\u00e4kirje 16-2-2023"},"content":{"rendered":"<p>Taivalkunnan kyl\u00e4t ry kutsuu kaikki kyl\u00e4l\u00e4iset ja kyl\u00e4henkiset talvitapahtumaa 19.2.2023 kello 14.00. Kutsu l\u00f6ytyy my\u00f6s PDF-tiedostona t\u00e4\u00e4lt\u00e4 <a href=\"https:\/\/www.nokiankylat.fi\/taivalkunta\/wp-content\/uploads\/sites\/11\/2023\/02\/TALVITAPAHTUMA-19-2-2023.pdf\">TALVITAPAHTUMA 19-2-2023<\/a><\/p>\n<p><a href=\"https:\/\/www.nokiankylat.fi\/taivalkunta\/wp-content\/uploads\/sites\/11\/2023\/02\/TALVITAPAHTUMA-19-2-2023.jpg\"><img loading=\"lazy\" decoding=\"async\" class=\"alignnone size-medium wp-image-4390\" src=\"https:\/\/www.nokiankylat.fi\/taivalkunta\/wp-content\/uploads\/sites\/11\/2023\/02\/TALVITAPAHTUMA-19-2-2023-215x300.jpg\" alt=\"\" width=\"215\" height=\"300\" srcset=\"https:\/\/www.nokiankylat.fi\/taivalkunta\/wp-content\/uploads\/sites\/11\/2023\/02\/TALVITAPAHTUMA-19-2-2023-215x300.jpg 215w, https:\/\/www.nokiankylat.fi\/taivalkunta\/wp-content\/uploads\/sites\/11\/2023\/02\/TALVITAPAHTUMA-19-2-2023.jpg 459w\" sizes=\"auto, (max-width: 215px) 100vw, 215px\" \/><\/a><\/p>\n","protected":false},"excerpt":{"rendered":"<p>Taivalkunnan kyl\u00e4t ry kutsuu kaikki kyl\u00e4l\u00e4iset ja kyl\u00e4henkiset talvitapahtumaa 19.2.2023 kello 14.00. Kutsu l\u00f6ytyy my\u00f6s PDF-tiedostona t\u00e4\u00e4lt\u00e4 TALVITAPAHTUMA 19-2-2023<\/p>\n","protected":false},"author":4,"featured_media":0,"parent":4395,"menu_order":0,"comment_status":"closed","ping_status":"closed","template":"","meta":{"_acf_changed":false,"footnotes":""},"class_list":["post-4391","page","type-page","status-publish","hentry"],"acf":[],"_links":{"self":[{"href":"https:\/\/www.nokiankylat.fi\/taivalkunta\/wp-json\/wp\/v2\/pages\/4391","targetHints":{"allow":["GET"]}}],"collection":[{"href":"https:\/\/www.nokiankylat.fi\/taivalkunta\/wp-json\/wp\/v2\/pages"}],"about":[{"href":"https:\/\/www.nokiankylat.fi\/taivalkunta\/wp-json\/wp\/v2\/types\/page"}],"author":[{"embeddable":true,"href":"https:\/\/www.nokiankylat.fi\/taivalkunta\/wp-json\/wp\/v2\/users\/4"}],"replies":[{"embeddable":true,"href":"https:\/\/www.nokiankylat.fi\/taivalkunta\/wp-json\/wp\/v2\/comments?post=4391"}],"version-history":[{"count":2,"href":"https:\/\/www.nokiankylat.fi\/taivalkunta\/wp-json\/wp\/v2\/pages\/4391\/revisions"}],"predecessor-version":[{"id":4401,"href":"https:\/\/www.nokiankylat.fi\/taivalkunta\/wp-json\/wp\/v2\/pages\/4391\/revisions\/4401"}],"up":[{"embeddable":true,"href":"https:\/\/www.nokiankylat.fi\/taivalkunta\/wp-json\/wp\/v2\/pages\/4395"}],"wp:attachment":[{"href":"https:\/\/www.nokiankylat.fi\/taivalkunta\/wp-json\/wp\/v2\/media?parent=4391"}],"curies":[{"name":"wp","href":"https:\/\/api.w.org\/{rel}","templated":true}]}}