{"id":4403,"date":"2023-02-25T10:51:25","date_gmt":"2023-02-25T08:51:25","guid":{"rendered":"https:\/\/www.nokiankylat.fi\/taivalkunta\/?page_id=4403"},"modified":"2023-02-25T10:58:03","modified_gmt":"2023-02-25T08:58:03","slug":"hallitus-2022","status":"publish","type":"page","link":"https:\/\/www.nokiankylat.fi\/taivalkunta\/yhdistykset\/taivalkunnan-kylat-ry\/kylayhdistyksen-arkisto\/hallitus-2022\/","title":{"rendered":"Hallitus 2022"},"content":{"rendered":"<h3>Puheenjohtaja: Erkko M\u00e4enp\u00e4\u00e4<\/h3>\n<h3>Varapuheenjohtaja: Tomi Teuho-Markkola<\/h3>\n<h3>Sihteeri: Minna M\u00e4kinen<\/h3>\n<h3>Rahastonhoitaja: Marjo Salmij\u00e4rvi (ei kuulu hallitukseen)<\/h3>\n<h3>Muu hallitus: , Elina Helenius, Teemu Lehtim\u00e4ki, Terhi Leskinen, Anja Mattila ja Kaisa Salonen<\/h3>\n","protected":false},"excerpt":{"rendered":"<p>Puheenjohtaja: Erkko M\u00e4enp\u00e4\u00e4 Varapuheenjohtaja: Tomi Teuho-Markkola Sihteeri: Minna M\u00e4kinen Rahastonhoitaja: Marjo Salmij\u00e4rvi (ei kuulu hallitukseen) Muu hallitus: , Elina Helenius, Teemu Lehtim\u00e4ki, Terhi Leskinen, Anja Mattila ja Kaisa Salonen<\/p>\n","protected":false},"author":4,"featured_media":0,"parent":186,"menu_order":0,"comment_status":"closed","ping_status":"closed","template":"","meta":{"_acf_changed":false,"footnotes":""},"class_list":["post-4403","page","type-page","status-publish","hentry"],"acf":[],"_links":{"self":[{"href":"https:\/\/www.nokiankylat.fi\/taivalkunta\/wp-json\/wp\/v2\/pages\/4403","targetHints":{"allow":["GET"]}}],"collection":[{"href":"https:\/\/www.nokiankylat.fi\/taivalkunta\/wp-json\/wp\/v2\/pages"}],"about":[{"href":"https:\/\/www.nokiankylat.fi\/taivalkunta\/wp-json\/wp\/v2\/types\/page"}],"author":[{"embeddable":true,"href":"https:\/\/www.nokiankylat.fi\/taivalkunta\/wp-json\/wp\/v2\/users\/4"}],"replies":[{"embeddable":true,"href":"https:\/\/www.nokiankylat.fi\/taivalkunta\/wp-json\/wp\/v2\/comments?post=4403"}],"version-history":[{"count":1,"href":"https:\/\/www.nokiankylat.fi\/taivalkunta\/wp-json\/wp\/v2\/pages\/4403\/revisions"}],"predecessor-version":[{"id":4404,"href":"https:\/\/www.nokiankylat.fi\/taivalkunta\/wp-json\/wp\/v2\/pages\/4403\/revisions\/4404"}],"up":[{"embeddable":true,"href":"https:\/\/www.nokiankylat.fi\/taivalkunta\/wp-json\/wp\/v2\/pages\/186"}],"wp:attachment":[{"href":"https:\/\/www.nokiankylat.fi\/taivalkunta\/wp-json\/wp\/v2\/media?parent=4403"}],"curies":[{"name":"wp","href":"https:\/\/api.w.org\/{rel}","templated":true}]}}