{"id":4405,"date":"2023-02-25T10:52:44","date_gmt":"2023-02-25T08:52:44","guid":{"rendered":"https:\/\/www.nokiankylat.fi\/taivalkunta\/?page_id=4405"},"modified":"2023-02-25T10:59:17","modified_gmt":"2023-02-25T08:59:17","slug":"hallitus-2021","status":"publish","type":"page","link":"https:\/\/www.nokiankylat.fi\/taivalkunta\/yhdistykset\/taivalkunnan-kylat-ry\/kylayhdistyksen-arkisto\/hallitus-2021\/","title":{"rendered":"Hallitus 2021"},"content":{"rendered":"<h3>Puheenjohtaja: Erkko M\u00e4enp\u00e4\u00e4<\/h3>\n<h3>Varapuheenjohtaja: Tomi Teuho-Markkola<\/h3>\n<h3>Sihteeri: Minna M\u00e4kinen<\/h3>\n<h3>Rahastonhoitaja: Anja Mattila<\/h3>\n<h3>Muu hallitus: , Elina Helenius, Teemu Lehtim\u00e4ki, Terhi Leskinen ja Kaisa Salonen<\/h3>\n","protected":false},"excerpt":{"rendered":"<p>Puheenjohtaja: Erkko M\u00e4enp\u00e4\u00e4 Varapuheenjohtaja: Tomi Teuho-Markkola Sihteeri: Minna M\u00e4kinen Rahastonhoitaja: Anja Mattila Muu hallitus: , Elina Helenius, Teemu Lehtim\u00e4ki, Terhi Leskinen ja Kaisa Salonen<\/p>\n","protected":false},"author":4,"featured_media":0,"parent":186,"menu_order":0,"comment_status":"closed","ping_status":"closed","template":"","meta":{"_acf_changed":false,"footnotes":""},"class_list":["post-4405","page","type-page","status-publish","hentry"],"acf":[],"_links":{"self":[{"href":"https:\/\/www.nokiankylat.fi\/taivalkunta\/wp-json\/wp\/v2\/pages\/4405","targetHints":{"allow":["GET"]}}],"collection":[{"href":"https:\/\/www.nokiankylat.fi\/taivalkunta\/wp-json\/wp\/v2\/pages"}],"about":[{"href":"https:\/\/www.nokiankylat.fi\/taivalkunta\/wp-json\/wp\/v2\/types\/page"}],"author":[{"embeddable":true,"href":"https:\/\/www.nokiankylat.fi\/taivalkunta\/wp-json\/wp\/v2\/users\/4"}],"replies":[{"embeddable":true,"href":"https:\/\/www.nokiankylat.fi\/taivalkunta\/wp-json\/wp\/v2\/comments?post=4405"}],"version-history":[{"count":2,"href":"https:\/\/www.nokiankylat.fi\/taivalkunta\/wp-json\/wp\/v2\/pages\/4405\/revisions"}],"predecessor-version":[{"id":4407,"href":"https:\/\/www.nokiankylat.fi\/taivalkunta\/wp-json\/wp\/v2\/pages\/4405\/revisions\/4407"}],"up":[{"embeddable":true,"href":"https:\/\/www.nokiankylat.fi\/taivalkunta\/wp-json\/wp\/v2\/pages\/186"}],"wp:attachment":[{"href":"https:\/\/www.nokiankylat.fi\/taivalkunta\/wp-json\/wp\/v2\/media?parent=4405"}],"curies":[{"name":"wp","href":"https:\/\/api.w.org\/{rel}","templated":true}]}}