{"id":4416,"date":"2023-03-14T18:46:06","date_gmt":"2023-03-14T16:46:06","guid":{"rendered":"https:\/\/www.nokiankylat.fi\/taivalkunta\/?page_id=4416"},"modified":"2023-03-17T18:11:30","modified_gmt":"2023-03-17T16:11:30","slug":"kokouskutsu-taivalkunnan-kylat-kevatkokous-2023","status":"publish","type":"page","link":"https:\/\/www.nokiankylat.fi\/taivalkunta\/yhdistykset\/taivalkunnan-kylat-ry\/kokoukset-ja-kylaillat\/kevatkokous-2023\/kokouskutsu-taivalkunnan-kylat-kevatkokous-2023\/","title":{"rendered":"Kokouskutsu Taivalkunnan kyl\u00e4t kev\u00e4tkokous 2023"},"content":{"rendered":"<p><strong><u>KOKOUSKUTSU<\/u><\/strong><\/p>\n<p><strong><em>Taivalkunnan kyl\u00e4t ry:n kev\u00e4tkokous pidet\u00e4\u00e4n<br \/>\nTaivalkunnan koululla<\/em><\/strong><\/p>\n<p><strong><em><u>Taivalkunnantie 575 to 23.3.2023 klo 18.00<\/u><\/em><\/strong><\/p>\n<p>&nbsp;<\/p>\n<p>Kokouksessa k\u00e4sitell\u00e4\u00e4n s\u00e4\u00e4nt\u00f6m\u00e4\u00e4r\u00e4iset asiat sek\u00e4 mahdollisesti muut<br \/>\nesille tulevat asiat.<br \/>\nTaivalkunnan alakoulun oppilaat myyv\u00e4t kokouksessa kahvia ja kastettavaa. Kokouksessa my\u00f6s lapsiparkki pient\u00e4 korvausta vastaan.<br \/>\nOlet perheinesi l\u00e4mpim\u00e4sti tervetullut kokoukseen.<\/p>\n<p><strong>Taivalkunnan Kyl\u00e4t ry \/ hallitus<\/strong><\/p>\n<p><strong>\u00a0<\/strong><\/p>\n<p><strong>Huom! Taivalkunnan kyl\u00e4t ry j\u00e4senmaksujen tilisiirrot jaetaan kyl\u00e4l\u00e4isten postilaatikoihin vasta huhti-toukokuussa, sill\u00e4 Taivalkunnan kyl\u00e4t ry tilinumero tulee muuttumaan kev\u00e4\u00e4n aikana.<\/strong><\/p>\n","protected":false},"excerpt":{"rendered":"<p>KOKOUSKUTSU Taivalkunnan kyl\u00e4t ry:n kev\u00e4tkokous pidet\u00e4\u00e4n Taivalkunnan koululla Taivalkunnantie 575 to 23.3.2023 klo 18.00 &nbsp; Kokouksessa k\u00e4sitell\u00e4\u00e4n s\u00e4\u00e4nt\u00f6m\u00e4\u00e4r\u00e4iset asiat sek\u00e4 mahdollisesti muut esille tulevat asiat. Taivalkunnan alakoulun oppilaat myyv\u00e4t kokouksessa kahvia ja kastettavaa. Kokouksessa my\u00f6s lapsiparkki pient\u00e4 korvausta vastaan. Olet perheinesi l\u00e4mpim\u00e4sti tervetullut kokoukseen. Taivalkunnan Kyl\u00e4t ry \/ hallitus \u00a0 Huom! Taivalkunnan kyl\u00e4t ry j\u00e4senmaksujen &hellip; <a href=\"https:\/\/www.nokiankylat.fi\/taivalkunta\/yhdistykset\/taivalkunnan-kylat-ry\/kokoukset-ja-kylaillat\/kevatkokous-2023\/kokouskutsu-taivalkunnan-kylat-kevatkokous-2023\/\">Jatkuu<\/a><\/p>\n","protected":false},"author":4,"featured_media":0,"parent":4420,"menu_order":0,"comment_status":"closed","ping_status":"closed","template":"","meta":{"_acf_changed":false,"footnotes":""},"class_list":["post-4416","page","type-page","status-publish","hentry"],"acf":[],"_links":{"self":[{"href":"https:\/\/www.nokiankylat.fi\/taivalkunta\/wp-json\/wp\/v2\/pages\/4416","targetHints":{"allow":["GET"]}}],"collection":[{"href":"https:\/\/www.nokiankylat.fi\/taivalkunta\/wp-json\/wp\/v2\/pages"}],"about":[{"href":"https:\/\/www.nokiankylat.fi\/taivalkunta\/wp-json\/wp\/v2\/types\/page"}],"author":[{"embeddable":true,"href":"https:\/\/www.nokiankylat.fi\/taivalkunta\/wp-json\/wp\/v2\/users\/4"}],"replies":[{"embeddable":true,"href":"https:\/\/www.nokiankylat.fi\/taivalkunta\/wp-json\/wp\/v2\/comments?post=4416"}],"version-history":[{"count":1,"href":"https:\/\/www.nokiankylat.fi\/taivalkunta\/wp-json\/wp\/v2\/pages\/4416\/revisions"}],"predecessor-version":[{"id":4417,"href":"https:\/\/www.nokiankylat.fi\/taivalkunta\/wp-json\/wp\/v2\/pages\/4416\/revisions\/4417"}],"up":[{"embeddable":true,"href":"https:\/\/www.nokiankylat.fi\/taivalkunta\/wp-json\/wp\/v2\/pages\/4420"}],"wp:attachment":[{"href":"https:\/\/www.nokiankylat.fi\/taivalkunta\/wp-json\/wp\/v2\/media?parent=4416"}],"curies":[{"name":"wp","href":"https:\/\/api.w.org\/{rel}","templated":true}]}}