{"id":4424,"date":"2023-03-17T17:58:13","date_gmt":"2023-03-17T15:58:13","guid":{"rendered":"https:\/\/www.nokiankylat.fi\/taivalkunta\/?page_id=4424"},"modified":"2025-01-05T18:00:50","modified_gmt":"2025-01-05T16:00:50","slug":"toimintakertomus-2022","status":"publish","type":"page","link":"https:\/\/www.nokiankylat.fi\/taivalkunta\/yhdistykset\/taivalkunnan-kylat-ry\/kylayhdistyksen-arkisto\/toimintakertomus-2022\/","title":{"rendered":"Toimintakertomus 2022"},"content":{"rendered":"<h2>Taivalkunnan kyla\u0308t ry vuosikertomus 2022<\/h2>\n<p>Yhdistyksen toiminta-alueena on koko Taivalkunta koostuen seuraavista kylista\u0308: Taipale, Kohmala, Kennola, Vastama\u0308ki, Memmola, Kassila, Haapaniemi, Kontaa, Lukkila ja Ka\u0308rjenmaa.<\/p>\n<p>Yhdistyksen tarkoituksena on toimia Taivalkunnan asukkaiden ja yhteiso\u0308jen yhteistyo\u0308elimena\u0308 pyrkimyksissa\u0308 parantaa edella\u0308 mainituilla alueilla vakituisesti tai vapaa-aikanaan asuvien ihmisten hyvinvointia.<\/p>\n<p>Yhdistys kannustaa toiminta-alueensa asukkaita yhteistoimintaan kotiseutunsa kehitta\u0308miseksi seka\u0308 kehitta\u0308a\u0308 yhteistyo\u0308ta\u0308 toiminta-alueensa pa\u0308a\u0308tta\u0308jien ja viranhaltijoiden kanssa kylien kehitta\u0308misessa\u0308 ja kylien asukkaiden hyvinvoinnin parantamisessa. Tarkoituksena on lisa\u0308ksi verkostoitua muiden vastaavien tahojen ja maaseudun kehitta\u0308misorganisaatioiden kanssa.<\/p>\n<p>Vuonna 2022 alkupuolella maailmanlaajuinen viruspandemia ja sen aiheuttamat rajoitukset ja ohjeet rajoittivat viel\u00e4 yhdistyksen toimintaa ja kyl\u00e4ll\u00e4 ja\u0308rjestett\u00e4vi\u00e4 tilaisuuksia. Koronan vuoksi osa hallituksen kokouksistakin pidettiin vuoden aikana Teamsin v\u00e4lityksell\u00e4.<\/p>\n<p>&nbsp;<\/p>\n<p><strong>Hallinto<\/strong><\/p>\n<p>Taivalkunnan kyla\u0308t ry:n hallitukseen vuonna 2022 kuuluivat puheenjohtaja Erkko M\u00e4enp\u00e4\u00e4, varapuheenjohtaja Tomi Teuho-Markkola, sihteeri Minna Ma\u0308kinen, rahastonhoitaja Marjo Salmij\u00e4rvi (hallituksen ulkopuolelta) seka\u0308 ja\u0308senet Elina Helenius, Teemu Lehtima\u0308ki, Terhi Leskinen Anja Mattila <span style=\"font-family: inherit;font-size: 0.875rem\">ja Kaisa Salonen.<\/span><\/p>\n<p>Toiminnantarkastajana tilikaudella 2022 toimi Veijo Hynninen ja ha\u0308nen varahenkilo\u0308na\u0308a\u0308n Leena Myllyntausta.<\/p>\n<p>Taivalkunnan kyla\u0308t ry:n keva\u0308tkokous pidettiin 7.4.2022 ja syyskokous 3.11.2022. Syyskokouksessa nousi esille Maaseudun helmet-hanke ja sen eteenp\u00e4in vieminen.<\/p>\n<p>&nbsp;<\/p>\n<p><strong>Hallituksen kokoukset<\/strong><\/p>\n<p>Taivalkunnan kyla\u0308t ry:n hallitus piti vuonna 2022 nelj\u00e4 omaa kokousta. Kokousten yhteishenki oli hyva\u0308. Aikaa ka\u0308ytettiin myo\u0308s kyla\u0308n kehitta\u0308misen suunnitteluun ja pohdittiin, miten kaupungin saisi enemma\u0308n kiinnostumaan kyla\u0308mme asioista.<\/p>\n<p>Taivalkunnan kyla\u0308t ry esitti mielipiteen kaupunkikehityslautakunnan 8.2.2022 kokouksen esityslistaan, jossa ka\u0308siteltiin rakentamisen poikkeuslupia vaillinaisella pa\u0308a\u0308to\u0308ksentekomateriaalilla. Taivalkunnan kyla\u0308t ry:n eria\u0308va\u0308 mielipide perustui epa\u0308oikeudenmukaiseen pisteytykseen liittyen Sweco Infra &amp; Rail Oy:n 2021 tekema\u0308a\u0308n Nokian ranta-alueiden edullisuusvyo\u0308hyketarkasteluun. Kyl\u00e4yhdistyksen mielest\u00e4 painotukset ja pisteytykset eiva\u0308t kohdelleet alueita tasavertaisesti. Kyl\u00e4yhdistys pyysi selvitysta\u0308 kaupunkikehityslautakunnalta, missa\u0308 on pa\u0308a\u0308tetty Swecon ranta-alueiden edullisuusvyo\u0308hyketarkastelun tilauksesta ja miten ta\u0308ma\u0308 on tullut pa\u0308a\u0308to\u0308ksenteon pohjaksi. Mietittiin sit\u00e4, onko kuntalaisia, kyla\u0308yhdistyksia\u0308 ja loma- asukkaita osallistettu pisteytyksen ja painotuksen rakentamisessa.<\/p>\n<p>&nbsp;<\/p>\n<p><strong>Taivalkuntaa tunnetuksi ja tarpeemme tiedostetuiksi<\/strong><\/p>\n<p>Edellisvuosien tapaan Taivalkuntaa tehtiin tunnetuksi tiedotustoimintamme kautta kyla\u0308n sivustolla ja julkisin kyla\u0308kirjein. Taivalkunnan kyl\u00e4n asioista tiedotettiin my\u00f6s kyl\u00e4n omalla Facebook-sivustolla sek\u00e4 Instagramissa.<\/p>\n<p>&nbsp;<\/p>\n<p><strong>Talvitapahtuma ja joululaulutilaisuus<\/strong><\/p>\n<p>Perinteinen Taivalkunnan kyl\u00e4n Talvitapahtuma golfkent\u00e4ll\u00e4 Jutkulan m\u00e4ess\u00e4 saatiin j\u00e4rjestetty\u00e4 yhden koronan vuoksi tauolla olleen vuoden j\u00e4lkeen 12.3.2022. Talvitapahtuma saatiin j\u00e4rjest\u00e4\u00e4 upeassa talvisessa keliss\u00e4 ja iloisia m\u00e4enlaskijoita ja makkaranpaistajia ker\u00e4\u00e4ntyi tapahtumaan sankoin joukoin. Joulukuussa 2022 j\u00e4rjestettiin yhdistyksen joululauluilta Taivalkunnan koululla. Joululauluillassa Taivalkunnan koulun oppilaat myiv\u00e4t tapahtumassa leivonnaisia, omatekemi\u00e4\u00e4n joulukoristeita ja muuta perinteik\u00e4st\u00e4 markkinatavaraa. Tomi Markkola laulatti kyl\u00e4l\u00e4isi\u00e4 ja muita tapahtumassa mukana olleita joululaulujen merkeiss\u00e4. Joululauluilta oli kyl\u00e4l\u00e4isille mieluisa tapahtuma. Tapahtumassa oli tarjolla riisipuuroa ja gl\u00f6gi\u00e4.<\/p>\n<p>&nbsp;<\/p>\n<p><strong>Taivalkunnan koulun 100-vuotisjuhla<\/strong><\/p>\n<p>Taivalkunnan koulu vietti 2022 vuonna 100 vuotisjuhlaa. Kyl\u00e4yhdistys hankki koululle lahjaksi omenapuun mik\u00e4 istutettiin koulun pihaan. Taivalkunnan koululla j\u00e4rjestettiin 100 vuotisjuhlaviikolla paljon erilaista juhlaohjelmaa miss\u00e4 oli mukana hieno m\u00e4\u00e4r\u00e4 kyl\u00e4l\u00e4isi\u00e4. Koululla muisteltiin mm. vanhoja kouluaikoja menneilt\u00e4 vuosilta ja koulun oppilaat pitiv\u00e4t koululla kyl\u00e4kahvilaa. Koululla j\u00e4rjestettiin my\u00f6s kaikille avoin juhlallinen tilaisuus.<\/p>\n<p>&nbsp;<\/p>\n<p><strong>Tiedotustoiminta<\/strong><\/p>\n<p>Vuonna 2022 tiedotus oli sa\u0308a\u0308nno\u0308llista\u0308. Olli Sorva toimitti kyla\u0308kirjeita\u0308 kyl\u00e4l\u00e4isille sa\u0308hko\u0308postitse ja osa niista\u0308 jaettiin my\u00f6s postilaatikoihinkin. Kyl\u00e4n asioista tiedotettiin my\u00f6s s\u00e4hk\u00f6postin v\u00e4lityksell\u00e4. Kyla\u0308n Facebook -sivut olivat 2022 vuonnakin tiedotuska\u0308yto\u0308ssa\u0308.<\/p>\n<p>&nbsp;<\/p>\n<p><strong>Muistamiset ja stipendit<\/strong><\/p>\n<p>Keva\u0308a\u0308lla\u0308 2022 Taivalkunnan kyla\u0308t ry:n stipendit meniva\u0308t kouluille jakoon seuraavasti: Taivalkunnan alakoulu 30 euron stipendit \u201dkiva kaveri\u201d -periaatteella saivat 1-3lk Markus Hautanen ja 4-6lk Sara Kaarna. 50 euron stipendi, mink\u00e4 jakoperuste oli \u201dparas keskiarvo koulusta la\u0308hteva\u0308lla\u0308 taivalkuntalaisella\u201d meni Ema\u0308kosken yla\u0308koulussa Emma Kalliolle 9A. Nokianvirran yl\u00e4koulun l\u00e4hteviss\u00e4 oppilaissa ei 2022 vuonna ollut ket\u00e4\u00e4n Taivalkunnassa asuvaa oppilasta.<\/p>\n<p>&nbsp;<\/p>\n<p><strong>Terveytta\u0308 liikunnalla ja itsesta\u0308a\u0308n huolenpitoa<\/strong><\/p>\n<p>Vuosittain Taivalkunnan koululla on j\u00e4rjestetty jotakin ohjattua ryhm\u00e4liikuntaa. Vuonna 2022 kyl\u00e4yhdistys kartoitti kyl\u00e4l\u00e4isten halukkuutta koululla j\u00e4rjestett\u00e4v\u00e4lle Pilatestunnille, mutta t\u00e4ll\u00e4 kertaa halukkaita tunnille osallistuvia ei l\u00f6ytynyt riitt\u00e4v\u00e4\u00e4 m\u00e4\u00e4r\u00e4\u00e4.<\/p>\n<p>&nbsp;<\/p>\n<p><strong>Tulevaisuuden na\u0308kyma\u0308t<\/strong><\/p>\n<p>Na\u0308kyma\u0308t la\u0308hitulevaisuudelle ovat valoisat. Koulun toiminnan jatkuminen ja kyla\u0308n tonttipolitiikka vaativat kyla\u0308hallitukselta aloitteellisuutta kaupungin kanssa tehta\u0308va\u0308ssa\u0308 yhteistyo\u0308ssa\u0308, mutta todenna\u0308ko\u0308isesti muuten saadaan ela\u0308a\u0308 tavanomaista kyla\u0308lle kuuluvaa ela\u0308ma\u0308a\u0308.<\/p>\n<p>&nbsp;<\/p>\n<p><strong>Lopputoteamus<\/strong><\/p>\n<p>Kyla\u0308lla\u0308mme on hyva\u0308t tulevaisuudenna\u0308kyma\u0308t ja asukkaiden ika\u0308rakenne on hyva\u0308. Kyla\u0308yhdistys tahtoo kiitta\u0308a\u0308 kaikkia kyla\u0308la\u0308isia\u0308 yhteistyo\u0308sta\u0308 vuonna 2022.<\/p>\n<p>&nbsp;<\/p>\n<p><strong>Taivalkunnan kyla\u0308t ry hallitus 23.2.2023<\/strong><\/p>\n","protected":false},"excerpt":{"rendered":"<p>Taivalkunnan kyla\u0308t ry vuosikertomus 2022 Yhdistyksen toiminta-alueena on koko Taivalkunta koostuen seuraavista kylista\u0308: Taipale, Kohmala, Kennola, Vastama\u0308ki, Memmola, Kassila, Haapaniemi, Kontaa, Lukkila ja Ka\u0308rjenmaa. Yhdistyksen tarkoituksena on toimia Taivalkunnan asukkaiden ja yhteiso\u0308jen yhteistyo\u0308elimena\u0308 pyrkimyksissa\u0308 parantaa edella\u0308 mainituilla alueilla vakituisesti tai vapaa-aikanaan asuvien ihmisten hyvinvointia. Yhdistys kannustaa toiminta-alueensa asukkaita yhteistoimintaan kotiseutunsa kehitta\u0308miseksi seka\u0308 kehitta\u0308a\u0308 yhteistyo\u0308ta\u0308 toiminta-alueensa &hellip; <a href=\"https:\/\/www.nokiankylat.fi\/taivalkunta\/yhdistykset\/taivalkunnan-kylat-ry\/kylayhdistyksen-arkisto\/toimintakertomus-2022\/\">Jatkuu<\/a><\/p>\n","protected":false},"author":4,"featured_media":0,"parent":186,"menu_order":0,"comment_status":"closed","ping_status":"closed","template":"","meta":{"_acf_changed":false,"footnotes":""},"class_list":["post-4424","page","type-page","status-publish","hentry"],"acf":[],"_links":{"self":[{"href":"https:\/\/www.nokiankylat.fi\/taivalkunta\/wp-json\/wp\/v2\/pages\/4424","targetHints":{"allow":["GET"]}}],"collection":[{"href":"https:\/\/www.nokiankylat.fi\/taivalkunta\/wp-json\/wp\/v2\/pages"}],"about":[{"href":"https:\/\/www.nokiankylat.fi\/taivalkunta\/wp-json\/wp\/v2\/types\/page"}],"author":[{"embeddable":true,"href":"https:\/\/www.nokiankylat.fi\/taivalkunta\/wp-json\/wp\/v2\/users\/4"}],"replies":[{"embeddable":true,"href":"https:\/\/www.nokiankylat.fi\/taivalkunta\/wp-json\/wp\/v2\/comments?post=4424"}],"version-history":[{"count":5,"href":"https:\/\/www.nokiankylat.fi\/taivalkunta\/wp-json\/wp\/v2\/pages\/4424\/revisions"}],"predecessor-version":[{"id":4441,"href":"https:\/\/www.nokiankylat.fi\/taivalkunta\/wp-json\/wp\/v2\/pages\/4424\/revisions\/4441"}],"up":[{"embeddable":true,"href":"https:\/\/www.nokiankylat.fi\/taivalkunta\/wp-json\/wp\/v2\/pages\/186"}],"wp:attachment":[{"href":"https:\/\/www.nokiankylat.fi\/taivalkunta\/wp-json\/wp\/v2\/media?parent=4424"}],"curies":[{"name":"wp","href":"https:\/\/api.w.org\/{rel}","templated":true}]}}