{"id":4442,"date":"2023-03-27T18:52:22","date_gmt":"2023-03-27T15:52:22","guid":{"rendered":"https:\/\/www.nokiankylat.fi\/taivalkunta\/?page_id=4442"},"modified":"2023-03-27T19:04:51","modified_gmt":"2023-03-27T16:04:51","slug":"kylakirje-27-3-2023","status":"publish","type":"page","link":"https:\/\/www.nokiankylat.fi\/taivalkunta\/yhdistykset\/taivalkunnan-kylat-ry\/kylayhdistyksen-arkisto\/kylakirjeet\/kylakirjeet-2023\/kylakirje-27-3-2023\/","title":{"rendered":"Kyl\u00e4kirje 27-3-2023"},"content":{"rendered":"<p><strong>Kyl\u00e4kirje 27-3-2023<\/strong><\/p>\n<p>&nbsp;<\/p>\n<p><strong>Maaseutuhelmet-hanke<\/strong><\/p>\n<p>Nokian kaupunki tukee kyl\u00e4yhdistyksi\u00e4 ja kylien yhteisty\u00f6t\u00e4 osana <a href=\"https:\/\/www.nokiankaupunki.fi\/tyo-ja-yrittajyys\/maaseutupalvelut\/nokian-maaseutuhelmet-hanke\/#9c3aff41\">Nokian maaseutuhelmet-hanketta<\/a>. Hanke kest\u00e4\u00e4 kuluvan vuoden loppuun ja se saa rahoitusta Kantri ry:n kautta, eli mukana on EU-rahaa.<\/p>\n<p>Hankkeen Webinaareihin ovat tervetulleita <strong>kaikki aiheesta kiinnostuneet<\/strong>! Maaseutuhelmet- hankkeella tavoitellaan yhteis\u00f6llisyytt\u00e4, kyl\u00e4yhteis\u00f6jen aktivointia. Hankkeen kautta kylille jaetaan tietoa omaehtoiseen kyl\u00e4kehitt\u00e4miseen, hankeosaamista, digitaitoja, tapahtumatuottamisen taitoja sek\u00e4 markkinointi- ja tuotteistamisosaamista.<\/p>\n<p>Varainhankintawebinaarin 15.3.2023 kouluttajana toimi Pia Tornikoski, joka toimii Vastuullinen Lahjoittaminen VaLa ry:n p\u00e4\u00e4sihteerin\u00e4 ja varainhankinnan konsulttina yrityksess\u00e4\u00e4n Torni Consulting Oy. H\u00e4n on tehnyt yhteisty\u00f6t\u00e4 useiden j\u00e4rjest\u00f6jen ja yhteis\u00f6jen kanssa niin Suomessa kuin kansainv\u00e4lisesti. H\u00e4n on my\u00f6s kirjoittanut teoksen \u201dMiljoonia (vai) mokkapaloja \u2013 Opaskirja yleishy\u00f6dyllisen yhteis\u00f6n varainhankintaan\u201d.<\/p>\n<p>Usein my\u00f6s ulkopuolisen rahoituksen saamisen edellytyksen\u00e4 on, ett\u00e4 yhdistys rahoittaa pienen osan toiminnasta itse omarahoitusosuudella.<\/p>\n<p>Varainhankinnan webinaaritallenne on julkaistu kylien yhteisell\u00e4, Nokian Kyl\u00e4t-sivuille. Webinaaritallenne l\u00f6ytyy kyl\u00e4sivuston etusivulta 60 vuorokauden ajan. T\u00e4ss\u00e4 on my\u00f6s suora linkki <a href=\"http:\/\/www.youtube.com\/watch?v=0d_uU635AyE\">www.youtube.com\/watch?v=0d_uU635AyE<\/a><\/p>\n<p>&nbsp;<\/p>\n<p><strong>Kutsu Osallisuusfoorumiin 29.3.<\/strong><\/p>\n<p>Nokian kaupungin strategisena tavoitteena on lis\u00e4t\u00e4 kuntalaisten hyvinvointia ja osallisuutta. Ty\u00f6skentely tavoitteen saavuttamiseksi on aloitettu Nokian kaupunkiorganisaation sis\u00e4ll\u00e4, ja se laajenee ensimm\u00e4isen kerran kuntalaisten keskuuteen maaliskuun lopussa j\u00e4rjestett\u00e4v\u00e4n Osallisuusfoorumin muodossa. Vuoteen 2030 t\u00e4ht\u00e4\u00e4v\u00e4n strategisen tavoitteen ensimm\u00e4isess\u00e4 vaiheessa teht\u00e4v\u00e4n\u00e4 on luoda yhteinen ymm\u00e4rrys siit\u00e4, mit\u00e4 osallisuus tarkoittaa.<\/p>\n<p>Nokian kaupunki haluaa kuulla kuntalaisten n\u00e4kemyksi\u00e4 ja kutsuu kaupunkilaiset pohtimaan osallisuutta kaikille avoimeen Osallisuusfoorumiin keskiviikkona 29.3. Kirjasto- ja kulttuuritalo Virran Hiomo-saliin. Tilaisuus alkaa kello 17.30 kahvitarjoilulla, ohjelmallinen osuus alkaa kello 18. Tilaisuuden alustajana, osallisuuteen johdattelijana ja innostajana toimii Terveyden ja hyvinvoinnin laitoksen johtava tutkija Anna-Maria Isola. <a href=\"https:\/\/www.nokiankaupunki.fi\/ajankohtaista\/nokian-kaupunki-haluaa-lisata-asukkaiden-osallisuutta\/\">Osallisuusty\u00f6t\u00e4 koskeva tiedote<\/a><\/p>\n<p>&nbsp;<\/p>\n<p><strong>Saat l\u00e4hip\u00e4ivin\u00e4 seuraavan kyl\u00e4kirjeen<\/strong>, jossa on tietoa mm. kaupungin kev\u00e4\u00e4ll\u00e4 j\u00e4rjest\u00e4mist\u00e4 tapahtumista ja koulutuksista ajatellen kylien kehitt\u00e4mist\u00e4 ja yhteisty\u00f6t\u00e4.<\/p>\n<p>Yhteisty\u00f6terveisin Olli Sorva<\/p>\n","protected":false},"excerpt":{"rendered":"<p>Kyl\u00e4kirje 27-3-2023 &nbsp; Maaseutuhelmet-hanke Nokian kaupunki tukee kyl\u00e4yhdistyksi\u00e4 ja kylien yhteisty\u00f6t\u00e4 osana Nokian maaseutuhelmet-hanketta. Hanke kest\u00e4\u00e4 kuluvan vuoden loppuun ja se saa rahoitusta Kantri ry:n kautta, eli mukana on EU-rahaa. Hankkeen Webinaareihin ovat tervetulleita kaikki aiheesta kiinnostuneet! Maaseutuhelmet- hankkeella tavoitellaan yhteis\u00f6llisyytt\u00e4, kyl\u00e4yhteis\u00f6jen aktivointia. Hankkeen kautta kylille jaetaan tietoa omaehtoiseen kyl\u00e4kehitt\u00e4miseen, hankeosaamista, digitaitoja, tapahtumatuottamisen taitoja sek\u00e4 &hellip; <a href=\"https:\/\/www.nokiankylat.fi\/taivalkunta\/yhdistykset\/taivalkunnan-kylat-ry\/kylayhdistyksen-arkisto\/kylakirjeet\/kylakirjeet-2023\/kylakirje-27-3-2023\/\">Jatkuu<\/a><\/p>\n","protected":false},"author":4,"featured_media":0,"parent":4395,"menu_order":0,"comment_status":"closed","ping_status":"closed","template":"","meta":{"_acf_changed":false,"footnotes":""},"class_list":["post-4442","page","type-page","status-publish","hentry"],"acf":[],"_links":{"self":[{"href":"https:\/\/www.nokiankylat.fi\/taivalkunta\/wp-json\/wp\/v2\/pages\/4442","targetHints":{"allow":["GET"]}}],"collection":[{"href":"https:\/\/www.nokiankylat.fi\/taivalkunta\/wp-json\/wp\/v2\/pages"}],"about":[{"href":"https:\/\/www.nokiankylat.fi\/taivalkunta\/wp-json\/wp\/v2\/types\/page"}],"author":[{"embeddable":true,"href":"https:\/\/www.nokiankylat.fi\/taivalkunta\/wp-json\/wp\/v2\/users\/4"}],"replies":[{"embeddable":true,"href":"https:\/\/www.nokiankylat.fi\/taivalkunta\/wp-json\/wp\/v2\/comments?post=4442"}],"version-history":[{"count":1,"href":"https:\/\/www.nokiankylat.fi\/taivalkunta\/wp-json\/wp\/v2\/pages\/4442\/revisions"}],"predecessor-version":[{"id":4443,"href":"https:\/\/www.nokiankylat.fi\/taivalkunta\/wp-json\/wp\/v2\/pages\/4442\/revisions\/4443"}],"up":[{"embeddable":true,"href":"https:\/\/www.nokiankylat.fi\/taivalkunta\/wp-json\/wp\/v2\/pages\/4395"}],"wp:attachment":[{"href":"https:\/\/www.nokiankylat.fi\/taivalkunta\/wp-json\/wp\/v2\/media?parent=4442"}],"curies":[{"name":"wp","href":"https:\/\/api.w.org\/{rel}","templated":true}]}}