{"id":4446,"date":"2023-04-06T10:27:25","date_gmt":"2023-04-06T07:27:25","guid":{"rendered":"https:\/\/www.nokiankylat.fi\/taivalkunta\/?page_id=4446"},"modified":"2023-04-06T10:28:11","modified_gmt":"2023-04-06T07:28:11","slug":"kylakirje-6-4-2023","status":"publish","type":"page","link":"https:\/\/www.nokiankylat.fi\/taivalkunta\/yhdistykset\/taivalkunnan-kylat-ry\/kylayhdistyksen-arkisto\/kylakirjeet\/kylakirjeet-2023\/kylakirje-6-4-2023\/","title":{"rendered":"Kyl\u00e4kirje 6-4-2023"},"content":{"rendered":"<p><strong>Kyl\u00e4kirje 6-4-2023<\/strong><\/p>\n<p>&nbsp;<\/p>\n<p><strong>Maaseutuhelmet-hanke<\/strong><\/p>\n<p>Nokian kaupunki tukee kyl\u00e4yhdistyksi\u00e4 ja kylien yhteisty\u00f6t\u00e4 osana <a href=\"https:\/\/www.nokiankaupunki.fi\/tyo-ja-yrittajyys\/maaseutupalvelut\/nokian-maaseutuhelmet-hanke\/#9c3aff41\">Nokian maaseutuhelmet-hanketta<\/a>. Hanke kest\u00e4\u00e4 kuluvan vuoden loppuun.<\/p>\n<p>&nbsp;<\/p>\n<p><strong>Kyl\u00e4toimijoiden Nokian maaseutuhelmet hankkeen nelj\u00e4s verkostotapaaminen<\/strong><\/p>\n<p>L\u00e4mpim\u00e4sti tervetuloa yhteisen p\u00f6yd\u00e4n \u00e4\u00e4reen jatkamaan verkostoitumiskeskusteluja ja kuuntelemaan maaseutuhelmethankeen kuulumisia, sek\u00e4 ideoimaan yhdess\u00e4 tulevan kev\u00e4\u00e4n ja kes\u00e4n tapahtumia.<\/p>\n<p>Tapahtuman vieraaksi saapuu Petri Rinne, joka toimii Leader Joutsenreitin toiminnanjohtajana. Petri saapuu kertomaan Kylien ja maaseutuyritysten kansainv\u00e4listymiskokemuksia Joutsenten reitilt\u00e4.<\/p>\n<p>Paikka: Tottij\u00e4rven seurakuntatalo, Koulumaantie 9, 37310\u00a0Tottij\u00e4rvi<\/p>\n<p>Aika: Keskiviikkona 12.4.2023 klo 18.00\u201320.00. Kahvitarjoilu klo 17.45 alkaen.<\/p>\n<p>Ilmoittautumiset 9.4. menness\u00e4\u00a0<a href=\"https:\/\/www.lyyti.in\/Tottijarvi_seurakuntatalo\" data-auth=\"NotApplicable\">https:\/\/www.lyyti.in\/Tottijarvi_seurakuntatalo<\/a><\/p>\n<p><strong>Kaikki kyl\u00e4asioista ja\/tai kylien kehitt\u00e4misest\u00e4 kiinnostuneet ovat tervetulleita tapaamisiin.<\/strong><\/p>\n<p>&nbsp;<\/p>\n<p>Nokialla t\u00e4m\u00e4n laatuinen hanke maaseutualueiden ja kylien kehitt\u00e4miseksi on ainutkertainen k\u00e4denojennus kaupungilta. Toivon, ett\u00e4 Taivalkunnastakin l\u00f6ytyisi osallistujia (itseni lis\u00e4ksi). Jos her\u00e4si kysymyksi\u00e4 tai haluat tulla kyydiss\u00e4ni Tottij\u00e4rvelle, niin minuun saa olla yhteydess\u00e4.<\/p>\n<p>Hankkeen tiimoilta on tulossa lis\u00e4\u00e4 tapahtumia, retki\u00e4 ja koulutustilaisuuksia, joista tietoa my\u00f6hemmin.<\/p>\n<p>Yhteisty\u00f6terveisin Olli Sorva<\/p>\n","protected":false},"excerpt":{"rendered":"<p>Kyl\u00e4kirje 6-4-2023 &nbsp; Maaseutuhelmet-hanke Nokian kaupunki tukee kyl\u00e4yhdistyksi\u00e4 ja kylien yhteisty\u00f6t\u00e4 osana Nokian maaseutuhelmet-hanketta. Hanke kest\u00e4\u00e4 kuluvan vuoden loppuun. &nbsp; Kyl\u00e4toimijoiden Nokian maaseutuhelmet hankkeen nelj\u00e4s verkostotapaaminen L\u00e4mpim\u00e4sti tervetuloa yhteisen p\u00f6yd\u00e4n \u00e4\u00e4reen jatkamaan verkostoitumiskeskusteluja ja kuuntelemaan maaseutuhelmethankeen kuulumisia, sek\u00e4 ideoimaan yhdess\u00e4 tulevan kev\u00e4\u00e4n ja kes\u00e4n tapahtumia. Tapahtuman vieraaksi saapuu Petri Rinne, joka toimii Leader Joutsenreitin toiminnanjohtajana. &hellip; <a href=\"https:\/\/www.nokiankylat.fi\/taivalkunta\/yhdistykset\/taivalkunnan-kylat-ry\/kylayhdistyksen-arkisto\/kylakirjeet\/kylakirjeet-2023\/kylakirje-6-4-2023\/\">Jatkuu<\/a><\/p>\n","protected":false},"author":4,"featured_media":0,"parent":4395,"menu_order":0,"comment_status":"closed","ping_status":"closed","template":"","meta":{"_acf_changed":false,"footnotes":""},"class_list":["post-4446","page","type-page","status-publish","hentry"],"acf":[],"_links":{"self":[{"href":"https:\/\/www.nokiankylat.fi\/taivalkunta\/wp-json\/wp\/v2\/pages\/4446","targetHints":{"allow":["GET"]}}],"collection":[{"href":"https:\/\/www.nokiankylat.fi\/taivalkunta\/wp-json\/wp\/v2\/pages"}],"about":[{"href":"https:\/\/www.nokiankylat.fi\/taivalkunta\/wp-json\/wp\/v2\/types\/page"}],"author":[{"embeddable":true,"href":"https:\/\/www.nokiankylat.fi\/taivalkunta\/wp-json\/wp\/v2\/users\/4"}],"replies":[{"embeddable":true,"href":"https:\/\/www.nokiankylat.fi\/taivalkunta\/wp-json\/wp\/v2\/comments?post=4446"}],"version-history":[{"count":2,"href":"https:\/\/www.nokiankylat.fi\/taivalkunta\/wp-json\/wp\/v2\/pages\/4446\/revisions"}],"predecessor-version":[{"id":4448,"href":"https:\/\/www.nokiankylat.fi\/taivalkunta\/wp-json\/wp\/v2\/pages\/4446\/revisions\/4448"}],"up":[{"embeddable":true,"href":"https:\/\/www.nokiankylat.fi\/taivalkunta\/wp-json\/wp\/v2\/pages\/4395"}],"wp:attachment":[{"href":"https:\/\/www.nokiankylat.fi\/taivalkunta\/wp-json\/wp\/v2\/media?parent=4446"}],"curies":[{"name":"wp","href":"https:\/\/api.w.org\/{rel}","templated":true}]}}