{"id":4453,"date":"2023-04-26T16:04:22","date_gmt":"2023-04-26T13:04:22","guid":{"rendered":"https:\/\/www.nokiankylat.fi\/taivalkunta\/?page_id=4453"},"modified":"2023-04-26T16:13:31","modified_gmt":"2023-04-26T13:13:31","slug":"kylakirje-26-4-2023","status":"publish","type":"page","link":"https:\/\/www.nokiankylat.fi\/taivalkunta\/yhdistykset\/taivalkunnan-kylat-ry\/kylayhdistyksen-arkisto\/kylakirjeet\/kylakirjeet-2023\/kylakirje-26-4-2023\/","title":{"rendered":"Kyl\u00e4kirje 26-4-2023"},"content":{"rendered":"<p>Kyl\u00e4yhdistys tiedottaa.<\/p>\n<p>Taivalkunnan h\u00f6ntsyt 2023<br \/>\nTiedote 23.4.2023<br \/>\nKysely Taivalkunnan urheiluh\u00f6ntsyjen lajisuosikeista toteutettiin maaliskuussa kyl\u00e4n whatsapp-ryhm\u00e4ss\u00e4. T\u00e4ss\u00e4 kyselyn tuloksia ja h\u00f6ntsyjen toteutusvaihtoehtoja.<br \/>\nPyrit\u00e4\u00e4n toteuttamaan viikottaiset h\u00f6ntsyt tiettyn\u00e4 p\u00e4iv\u00e4n\u00e4. T\u00e4ll\u00e4 hetkell\u00e4 ajaksi on valikoitunut keskiviikko klo 18-19. Tapahtumat voivat olla t\u00e4ll\u00e4 vakiajalla tai sitten valikoituna muuna aikana.<br \/>\nH\u00f6ntsyt on tarkoitettu ensisijaisesti aikuisille sek\u00e4 kouluik\u00e4isille lapsille.<br \/>\nTulokset ja toteutusvaihtoehdot<br \/>\n1) Puistojumppa (14 \u00e4\u00e4nt\u00e4). Puistojumppaa esim. koulun nurmella, kunhan maa kuivuu. T\u00e4lle tarvittaisiin ohjaaja. Onko sinulla hyvi\u00e4 ideoita vet\u00e4j\u00e4ksi tai voisitko l\u00e4hte\u00e4 itse? Olisiko joku ryhm\u00e4 ihmisi\u00e4 kiinnostunut ohjaajaksi? Ulkopuolinenkin ohjaaja mahdollinen, mutta aiheuttaa kustannuksia osallistujille.<br \/>\n2) Pes\u00e4pallo (17 \u00e4\u00e4nt\u00e4). Pelipaikkana koulun kentt\u00e4, kunhan se kuivuu riitt\u00e4v\u00e4sti. Omat varusteet, r\u00e4pyl\u00f6it\u00e4 ja mailoja l\u00f6ytyy jonkin verran my\u00f6s lainalle. Juha P\u00f6l\u00f6nen on lupautunut toimimaan puuhamiehen\u00e4 ainakin muutaman kerran, mutta joku toinenkin vet\u00e4j\u00e4 tarvittaisiin. Minimim\u00e4\u00e4r\u00e4 peleille n.10-12 henke\u00e4, pienemm\u00e4ll\u00e4 v\u00e4ell\u00e4 mahdollista kopitella, ly\u00f6ntijonoa tms. muuta sovellettua peli\u00e4.<br \/>\n3) Padel (9 \u00e4\u00e4nt\u00e4). Padel-kentt\u00e4 Nokia River Golfin klubitalon vieress\u00e4 avautuu jossain vaiheessa kev\u00e4\u00e4ll\u00e4, jolloin pelivuoroja voisi alkaa varata. 4-6 pelaajaa \/ kerta olisi sopiva m\u00e4\u00e4r\u00e4. Kent\u00e4n pelivuoron hinta on viel\u00e4 auki.<br \/>\n4) SUP-lautailu. Kes\u00e4laji l\u00e4mpim\u00e4ll\u00e4 vedell\u00e4. Omat v\u00e4lineet tarvitaan tai esim. Nokian kirjastosta voi lainata, jos sattuu olemaan vapaana. T\u00e4h\u00e4n lajiin voidaan palata hein\u00e4kuussa.<br \/>\n5) Biitsi\/Lentopallo (8 \u00e4\u00e4nt\u00e4). Vaatii minimiss\u00e4\u00e4n 6-8 osallistujaa. Taulaj\u00e4rvell\u00e4 kovapohjainen kentt\u00e4, entisell\u00e4 seurakuntatalolla my\u00f6s kentt\u00e4. Siell\u00e4 joku porukka k\u00e4ynytkin pelaamassa. Selvitell\u00e4\u00e4n, voisiko heid\u00e4n h\u00f6ntsyihin liitty\u00e4.<br \/>\n6) Maastopy\u00f6r\u00e4ily (5 \u00e4\u00e4nt\u00e4). Juha P\u00f6l\u00f6nen on lupautunut vet\u00e4m\u00e4\u00e4n muutaman yhteislenkin Taivalkunnan parhailla maastopoluilla. Reitti tehd\u00e4\u00e4n osallistujien toiveiden ja taitotason mukaan. Kiinnostuneet laittakaa viesti\u00e4 Juhalle 040-5905697.<br \/>\n7) Pihapelej\u00e4 yms. (xx \u00e4\u00e4nt\u00e4) mietit\u00e4\u00e4n pelaillaanko jossain kohtaa tms\u2026<br \/>\nTiedotus ja osallistujakyselyt: Taivalkunnan Kyl\u00e4l\u00e4iset wa-ryhm\u00e4ss\u00e4. Katsotaan my\u00f6hemmin tarvitaanko oma tiedotuskanava.<br \/>\nEnsimm\u00e4iset h\u00f6ntsyt pidet\u00e4\u00e4n Vapun j\u00e4lkeen ke 3.5.2023 klo 18-19 Taivalkunnan koululla. Lajina jalkapallo. Kaikki rohkeasti mukaan pelailemaan iloisessa porukassa.<br \/>\nT. H\u00f6ntsyvastaavat Petra (puh. 0505117905) ja Emilia<\/p>\n","protected":false},"excerpt":{"rendered":"<p>Kyl\u00e4yhdistys tiedottaa. Taivalkunnan h\u00f6ntsyt 2023 Tiedote 23.4.2023 Kysely Taivalkunnan urheiluh\u00f6ntsyjen lajisuosikeista toteutettiin maaliskuussa kyl\u00e4n whatsapp-ryhm\u00e4ss\u00e4. T\u00e4ss\u00e4 kyselyn tuloksia ja h\u00f6ntsyjen toteutusvaihtoehtoja. Pyrit\u00e4\u00e4n toteuttamaan viikottaiset h\u00f6ntsyt tiettyn\u00e4 p\u00e4iv\u00e4n\u00e4. T\u00e4ll\u00e4 hetkell\u00e4 ajaksi on valikoitunut keskiviikko klo 18-19. Tapahtumat voivat olla t\u00e4ll\u00e4 vakiajalla tai sitten valikoituna muuna aikana. H\u00f6ntsyt on tarkoitettu ensisijaisesti aikuisille sek\u00e4 kouluik\u00e4isille lapsille. Tulokset ja &hellip; <a href=\"https:\/\/www.nokiankylat.fi\/taivalkunta\/yhdistykset\/taivalkunnan-kylat-ry\/kylayhdistyksen-arkisto\/kylakirjeet\/kylakirjeet-2023\/kylakirje-26-4-2023\/\">Jatkuu<\/a><\/p>\n","protected":false},"author":4,"featured_media":0,"parent":4395,"menu_order":0,"comment_status":"closed","ping_status":"closed","template":"","meta":{"_acf_changed":false,"footnotes":""},"class_list":["post-4453","page","type-page","status-publish","hentry"],"acf":[],"_links":{"self":[{"href":"https:\/\/www.nokiankylat.fi\/taivalkunta\/wp-json\/wp\/v2\/pages\/4453","targetHints":{"allow":["GET"]}}],"collection":[{"href":"https:\/\/www.nokiankylat.fi\/taivalkunta\/wp-json\/wp\/v2\/pages"}],"about":[{"href":"https:\/\/www.nokiankylat.fi\/taivalkunta\/wp-json\/wp\/v2\/types\/page"}],"author":[{"embeddable":true,"href":"https:\/\/www.nokiankylat.fi\/taivalkunta\/wp-json\/wp\/v2\/users\/4"}],"replies":[{"embeddable":true,"href":"https:\/\/www.nokiankylat.fi\/taivalkunta\/wp-json\/wp\/v2\/comments?post=4453"}],"version-history":[{"count":3,"href":"https:\/\/www.nokiankylat.fi\/taivalkunta\/wp-json\/wp\/v2\/pages\/4453\/revisions"}],"predecessor-version":[{"id":4457,"href":"https:\/\/www.nokiankylat.fi\/taivalkunta\/wp-json\/wp\/v2\/pages\/4453\/revisions\/4457"}],"up":[{"embeddable":true,"href":"https:\/\/www.nokiankylat.fi\/taivalkunta\/wp-json\/wp\/v2\/pages\/4395"}],"wp:attachment":[{"href":"https:\/\/www.nokiankylat.fi\/taivalkunta\/wp-json\/wp\/v2\/media?parent=4453"}],"curies":[{"name":"wp","href":"https:\/\/api.w.org\/{rel}","templated":true}]}}