{"id":4458,"date":"2023-05-02T18:22:00","date_gmt":"2023-05-02T15:22:00","guid":{"rendered":"https:\/\/www.nokiankylat.fi\/taivalkunta\/?page_id=4458"},"modified":"2023-05-22T18:08:15","modified_gmt":"2023-05-22T15:08:15","slug":"kylakirje-2-5-2023","status":"publish","type":"page","link":"https:\/\/www.nokiankylat.fi\/taivalkunta\/yhdistykset\/taivalkunnan-kylat-ry\/kylayhdistyksen-arkisto\/kylakirjeet\/kylakirjeet-2023\/kylakirje-2-5-2023\/","title":{"rendered":"Kyl\u00e4kirje 2-5-2023"},"content":{"rendered":"<p><strong>Kyl\u00e4kirje 2-5-2023<\/strong><\/p>\n<p><strong>Tule mukaan \u2013 ker\u00e4t\u00e4\u00e4n yhdess\u00e4 miljoona roskapussia! <\/strong><\/p>\n<p>T\u00e4n\u00e4 kev\u00e4\u00e4n\u00e4 koko Suomi ker\u00e4\u00e4 miljoona pussillista roskia. My\u00f6s Nokian kaupunki on mukana n\u00e4iss\u00e4 kaksi kuukautta kest\u00e4viss\u00e4 siivoustalkoissa, ja haastaa mukaan kaikki nokialaiset: yhdistykset, seurat, harrastusporukat ja asukkaat \u2013 Miljoona roskapussia -kampanjaan voi osallistua jokainen. Tehd\u00e4\u00e4n yhdess\u00e4 siisti Nokia! Kampanja alkoi torstaina 13.4. ja kest\u00e4\u00e4 kaksi kuukautta.<\/p>\n<p>Kampanjaan sis\u00e4ltyy paikkakuntien v\u00e4linen roskienkeruukilpailu. Ker\u00e4tyt roskapussit merkit\u00e4\u00e4n reaaliaikaisesti p\u00e4ivittyv\u00e4\u00e4n laskuriin sen paikkakunnan kohdalle, mist\u00e4 roskapussit on ker\u00e4tty. Eli muistathan merkit\u00e4 Nokialla ker\u00e4tyt roskapussilliset laskuriin Nokian kaupungin kohdalle osoitteessa <a href=\"http:\/\/yle.fi\/miljoonaroskapussia\">yle.fi\/miljoonaroskapussia<\/a>.<\/p>\n<p>Lis\u00e4tietoa asiasta t\u00e4\u00e4lt\u00e4 <a href=\"http:\/\/www.nokiankaupunki.fi\/nokia-mukana-miljoona-roskapussia-kampanjassa\/#a2b0b0af\">www.nokiankaupunki.fi\/nokia-mukana-miljoona-roskapussia-kampanjassa\/#a2b0b0af<\/a><\/p>\n<p><strong>Tapahtumatuotannon seminaari<\/strong><\/p>\n<p>Koulutus\/keskustelutilaisuus j\u00e4rjestet\u00e4\u00e4n kaupungin ja kylien yhteisty\u00f6h\u00f6n liittyen. Kaikki kyl\u00e4l\u00e4iset toivotetaan tervetulleiksi kirjasto- ja kulttuuritalolle.<\/p>\n<p>Tapahtumatuotannon seminaari j\u00e4rjestet\u00e4\u00e4n osana Nokian maaseutuhelmet-hanketta. Mukaan ovat tervetulleita kaikki aiheesta kiinnostuneet! Maaseutuhelmet- hankkeella tavoitellaan yhteis\u00f6llisyytt\u00e4, kyl\u00e4yhteis\u00f6jen aktivointia ja toimintatapana on yhteissuunnittelu osallistavia ty\u00f6menetelmi\u00e4 k\u00e4ytt\u00e4en. Hankkeen kautta kylille jaetaan tietoa omaehtoiseen kyl\u00e4kehitt\u00e4miseen, hankeosaamista, digitaitoja, tapahtumatuottamisen taitoja sek\u00e4 markkinointi- ja tuotteistamisosaamista.<\/p>\n<p>Seminaarissa puhuvat Nokian kaupungin tapahtumakoordinaattori Salla Kettula, Nokian yritt\u00e4jilt\u00e4 tapahtumatuotannon kokemusasiantuntijat P\u00e4ivi Koskinen ja Tarja Silvola, sek\u00e4 Tuotanto MultiTalentit -yritt\u00e4j\u00e4t Aatu Itkonen ja Jari Hynynen.<\/p>\n<p>Tervetuloa mukaan tapahtumatuotannon monipuolista maailmaa k\u00e4sittelev\u00e4\u00e4n seminaariin to 11.5.2023 klo 17.30\u201320.00. Seminaarissa pohditaan tapahtumaa kohtaamispaikkana, viestint\u00e4- ja markkinointikanavana sek\u00e4 annetaan k\u00e4yt\u00e4nn\u00f6n vinkkej\u00e4 tulokselliseen tapahtumaj\u00e4rjest\u00e4miseen ja sidosryhm\u00e4yhteisty\u00f6h\u00f6n.<\/p>\n<p>Tapahtumatuotannon seminaari on torstaina 11.5.2023 klo 17.30\u201320 Nokian kirjasto- ja kulttuuritalo Virran Hiomo-salissa. Ilmoittaudu mukaan\u00a0<a href=\"https:\/\/www.lyyti.in\/Tapahtumatuottamisen_seminaari\">lomakkeen kautta.<\/a><\/p>\n<p>Yhteisty\u00f6terveisin Olli Sorva<\/p>\n","protected":false},"excerpt":{"rendered":"<p>Kyl\u00e4kirje 2-5-2023 Tule mukaan \u2013 ker\u00e4t\u00e4\u00e4n yhdess\u00e4 miljoona roskapussia! T\u00e4n\u00e4 kev\u00e4\u00e4n\u00e4 koko Suomi ker\u00e4\u00e4 miljoona pussillista roskia. My\u00f6s Nokian kaupunki on mukana n\u00e4iss\u00e4 kaksi kuukautta kest\u00e4viss\u00e4 siivoustalkoissa, ja haastaa mukaan kaikki nokialaiset: yhdistykset, seurat, harrastusporukat ja asukkaat \u2013 Miljoona roskapussia -kampanjaan voi osallistua jokainen. Tehd\u00e4\u00e4n yhdess\u00e4 siisti Nokia! Kampanja alkoi torstaina 13.4. ja kest\u00e4\u00e4 kaksi &hellip; <a href=\"https:\/\/www.nokiankylat.fi\/taivalkunta\/yhdistykset\/taivalkunnan-kylat-ry\/kylayhdistyksen-arkisto\/kylakirjeet\/kylakirjeet-2023\/kylakirje-2-5-2023\/\">Jatkuu<\/a><\/p>\n","protected":false},"author":4,"featured_media":0,"parent":4395,"menu_order":0,"comment_status":"closed","ping_status":"closed","template":"","meta":{"_acf_changed":false,"footnotes":""},"class_list":["post-4458","page","type-page","status-publish","hentry"],"acf":[],"_links":{"self":[{"href":"https:\/\/www.nokiankylat.fi\/taivalkunta\/wp-json\/wp\/v2\/pages\/4458","targetHints":{"allow":["GET"]}}],"collection":[{"href":"https:\/\/www.nokiankylat.fi\/taivalkunta\/wp-json\/wp\/v2\/pages"}],"about":[{"href":"https:\/\/www.nokiankylat.fi\/taivalkunta\/wp-json\/wp\/v2\/types\/page"}],"author":[{"embeddable":true,"href":"https:\/\/www.nokiankylat.fi\/taivalkunta\/wp-json\/wp\/v2\/users\/4"}],"replies":[{"embeddable":true,"href":"https:\/\/www.nokiankylat.fi\/taivalkunta\/wp-json\/wp\/v2\/comments?post=4458"}],"version-history":[{"count":1,"href":"https:\/\/www.nokiankylat.fi\/taivalkunta\/wp-json\/wp\/v2\/pages\/4458\/revisions"}],"predecessor-version":[{"id":4459,"href":"https:\/\/www.nokiankylat.fi\/taivalkunta\/wp-json\/wp\/v2\/pages\/4458\/revisions\/4459"}],"up":[{"embeddable":true,"href":"https:\/\/www.nokiankylat.fi\/taivalkunta\/wp-json\/wp\/v2\/pages\/4395"}],"wp:attachment":[{"href":"https:\/\/www.nokiankylat.fi\/taivalkunta\/wp-json\/wp\/v2\/media?parent=4458"}],"curies":[{"name":"wp","href":"https:\/\/api.w.org\/{rel}","templated":true}]}}