{"id":4469,"date":"2023-05-22T18:05:12","date_gmt":"2023-05-22T15:05:12","guid":{"rendered":"https:\/\/www.nokiankylat.fi\/taivalkunta\/?page_id=4469"},"modified":"2023-05-22T18:22:48","modified_gmt":"2023-05-22T15:22:48","slug":"kylakirje-22-5-2023","status":"publish","type":"page","link":"https:\/\/www.nokiankylat.fi\/taivalkunta\/yhdistykset\/taivalkunnan-kylat-ry\/kylayhdistyksen-arkisto\/kylakirjeet\/kylakirjeet-2023\/kylakirje-22-5-2023\/","title":{"rendered":"Kyl\u00e4kirje 22-5-2023"},"content":{"rendered":"<h2><strong style=\"font-family: inherit;font-size: 0.875rem;color: #222222\"><img decoding=\"async\" src=\"https:\/\/www.nokiankylat.fi\/taivalkunta\/wp-content\/uploads\/sites\/11\/2023\/05\/KEVATKARKELOKUTSU-2023.jpg\" \/><\/strong><\/h2>\n<p>&nbsp;<\/p>\n<h2><strong>Maaseutuhankkeen terveiset<\/strong><\/h2>\n<p>Kaupunki on p\u00e4\u00e4tynyt jatkamaan ajankohtaista viestint\u00e4\u00e4 ja tiedottamista Nokian kyl\u00e4t-sivustolla, sek\u00e4 Visit Nokian tulevalla kyl\u00e4sivuilla, t\u00e4st\u00e4 tiedotetaan lis\u00e4\u00e4 tulevan kes\u00e4n aikana.<\/p>\n<p>Seuraava digitaalinen markkinointi- ja viestint\u00e4koulutus j\u00e4rjestet\u00e4\u00e4n elo-syyskuun aikana hybridikoulutuksena. Osa koulutusp\u00e4ivist\u00e4 pidet\u00e4\u00e4n verkkototeutuksena, ja lis\u00e4ksi on tarkoituksena j\u00e4rjest\u00e4\u00e4 muutamia ty\u00f6pajap\u00e4ivi\u00e4. Seuraava verkostotapaaminen pidet\u00e4\u00e4n elokuussa 2023. Josta tarkempi aikataulu ja paikka varmentuu kes\u00e4kuun aikana 2023.<\/p>\n<p>10.6.2023 viet\u00e4mme Vanhat talot-tapahtumaa Nokialla, sek\u00e4 ymp\u00e4rist\u00f6 kunnissa. Tapahtumaan ilmoittautui yhteens\u00e4 26 esittelykohdetta. Lis\u00e4tietoja valituista kyl\u00e4reittikohteista l\u00f6ytyy Visit Nokia tulevista tapahtumajulkaisuista, sek\u00e4 Nokian Kyl\u00e4t-sivustolta. Bussireiteille osallistumien on t\u00e4ysin maksutonta, kustannukset kohdennetaan hankkeen varoista.<\/p>\n<p>Bussireiteille voi ilmoittautua mukaan alla olevista linkeist\u00e4;<\/p>\n<p><a href=\"https:\/\/www.lyyti.in\/Kylaretki_Tottijarvi_Sarkola\">https:\/\/www.lyyti.in\/Kylaretki_Tottijarvi_Sarkola<\/a><\/p>\n<p><a href=\"https:\/\/www.lyyti.in\/Kylaretki_Siuro_Pinsio\">https:\/\/www.lyyti.in\/Kylaretki_Siuro_Pinsio<\/a><\/p>\n<p>Yhteisty\u00f6terveisin Olli Sorva<\/p>\n","protected":false},"excerpt":{"rendered":"<p>&nbsp; Maaseutuhankkeen terveiset Kaupunki on p\u00e4\u00e4tynyt jatkamaan ajankohtaista viestint\u00e4\u00e4 ja tiedottamista Nokian kyl\u00e4t-sivustolla, sek\u00e4 Visit Nokian tulevalla kyl\u00e4sivuilla, t\u00e4st\u00e4 tiedotetaan lis\u00e4\u00e4 tulevan kes\u00e4n aikana. Seuraava digitaalinen markkinointi- ja viestint\u00e4koulutus j\u00e4rjestet\u00e4\u00e4n elo-syyskuun aikana hybridikoulutuksena. Osa koulutusp\u00e4ivist\u00e4 pidet\u00e4\u00e4n verkkototeutuksena, ja lis\u00e4ksi on tarkoituksena j\u00e4rjest\u00e4\u00e4 muutamia ty\u00f6pajap\u00e4ivi\u00e4. Seuraava verkostotapaaminen pidet\u00e4\u00e4n elokuussa 2023. Josta tarkempi aikataulu ja paikka varmentuu &hellip; <a href=\"https:\/\/www.nokiankylat.fi\/taivalkunta\/yhdistykset\/taivalkunnan-kylat-ry\/kylayhdistyksen-arkisto\/kylakirjeet\/kylakirjeet-2023\/kylakirje-22-5-2023\/\">Jatkuu<\/a><\/p>\n","protected":false},"author":4,"featured_media":0,"parent":4395,"menu_order":0,"comment_status":"closed","ping_status":"closed","template":"","meta":{"_acf_changed":false,"footnotes":""},"class_list":["post-4469","page","type-page","status-publish","hentry"],"acf":[],"_links":{"self":[{"href":"https:\/\/www.nokiankylat.fi\/taivalkunta\/wp-json\/wp\/v2\/pages\/4469","targetHints":{"allow":["GET"]}}],"collection":[{"href":"https:\/\/www.nokiankylat.fi\/taivalkunta\/wp-json\/wp\/v2\/pages"}],"about":[{"href":"https:\/\/www.nokiankylat.fi\/taivalkunta\/wp-json\/wp\/v2\/types\/page"}],"author":[{"embeddable":true,"href":"https:\/\/www.nokiankylat.fi\/taivalkunta\/wp-json\/wp\/v2\/users\/4"}],"replies":[{"embeddable":true,"href":"https:\/\/www.nokiankylat.fi\/taivalkunta\/wp-json\/wp\/v2\/comments?post=4469"}],"version-history":[{"count":4,"href":"https:\/\/www.nokiankylat.fi\/taivalkunta\/wp-json\/wp\/v2\/pages\/4469\/revisions"}],"predecessor-version":[{"id":4475,"href":"https:\/\/www.nokiankylat.fi\/taivalkunta\/wp-json\/wp\/v2\/pages\/4469\/revisions\/4475"}],"up":[{"embeddable":true,"href":"https:\/\/www.nokiankylat.fi\/taivalkunta\/wp-json\/wp\/v2\/pages\/4395"}],"wp:attachment":[{"href":"https:\/\/www.nokiankylat.fi\/taivalkunta\/wp-json\/wp\/v2\/media?parent=4469"}],"curies":[{"name":"wp","href":"https:\/\/api.w.org\/{rel}","templated":true}]}}