{"id":4478,"date":"2023-08-10T19:03:52","date_gmt":"2023-08-10T16:03:52","guid":{"rendered":"https:\/\/www.nokiankylat.fi\/taivalkunta\/?page_id=4478"},"modified":"2023-08-10T19:05:59","modified_gmt":"2023-08-10T16:05:59","slug":"kylakirje-10-8-2023","status":"publish","type":"page","link":"https:\/\/www.nokiankylat.fi\/taivalkunta\/yhdistykset\/taivalkunnan-kylat-ry\/kylayhdistyksen-arkisto\/kylakirjeet\/kylakirjeet-2023\/kylakirje-10-8-2023\/","title":{"rendered":"Kyl\u00e4kirje 10-8-2023"},"content":{"rendered":"<p><strong>Kyl\u00e4kirje 10-8-2023<\/strong><\/p>\n<p>&nbsp;<\/p>\n<p><strong>26.8 Tervetuloa Nokian maalaismarkkinoille<\/strong><\/p>\n<p>Nokian keskustassa, Poutunpuistossa j\u00e4rjestet\u00e4\u00e4n koko perheen maalaismarkkinat lauantaina 26.8. klo 10\u201314.<\/p>\n<p>Paikka: Poutunpuisto, Osoite: Tuuliharjunkatu, 37100 Nokia<\/p>\n<p>Aika:\u00a0lauantaina 26.8. klo 10\u201314.<\/p>\n<p>Markkinoiden tavoitteena on esitell\u00e4 Nokialla toimivat alkutuottajat, k\u00e4sity\u00f6l\u00e4iset, kuin erikoistuotteiden myyj\u00e4t. Markkinoilla halutaan tuoda esiin maistuvat l\u00e4hiruokaherkut ja -tuotteet, jotka kuuluvat perinteisille markkinoille, sek\u00e4 l\u00f6yt\u00e4\u00e4 paikallisia koti- ja pienel\u00e4imi\u00e4 rapsuteltavaksi.\u00a0Tapahtuman viralliset kotisivut l\u00f6ytyv\u00e4t osoitteesta Nokian maalaismarkkinat 26.8. &#8211; VisitNokia.<\/p>\n<p>Tapahtuman myyj\u00e4ksi voit ilmoittautua ennakkoon, alla olevan linkin kautta\u00a0<a href=\"http:\/\/www.lyyti.in\/Nokian_maalaismarkkinat\" data-saferedirecturl=\"https:\/\/www.google.com\/url?q=http:\/\/www.lyyti.in\/Nokian_maalaismarkkinat&amp;source=gmail&amp;ust=1691767742900000&amp;usg=AOvVaw2kQDkINoLSlcCrh7H6dnRL\">www.lyyti.in\/Nokian_maalaismarkkinat<\/a><\/p>\n<p>&#8211;&gt;Tapahtumaan kaivataan nyt erityisesti pienel\u00e4inharrastajia tai tilallisia, sek\u00e4 buffettarjoilua. Viesti\u00e4 toivotaan jaettavaksi eteenp\u00e4in.<\/p>\n<p>Nokian maalaismarkkinat j\u00e4rjestet\u00e4\u00e4n osana Nokian maaseutuhelmet-hanketta.<\/p>\n<p>&nbsp;<\/p>\n<p><strong>6.9.2023 Tervetuloa valokuituiltaan<\/strong><\/p>\n<p>Tule kuulemaan valokuidun eduista ja mahdollisuuksista Nokian maaseutualueillamme. Sek\u00e4 mill\u00e4 tavoin valokuituhankkeita voitaisiin edist\u00e4\u00e4 ja toteuttaa maaseudun kyliss\u00e4. Tilaisuuden puhujana toimii Heidi Tanhua, joka on toiminut mm. kylien ja kuntien valokuituhankeasiantuntijana.<\/p>\n<p>Paikka: Pancho Villa Nokia. Osoite: Pirkkalaistori, 37100 Nokia<\/p>\n<p>Aika: ke 6.9.2023 klo 18\u201320<\/p>\n<p>Ilmoittautumiset:\u00a0<a href=\"https:\/\/www.lyyti.in\/Nokian_maaseutuhelmethankkeen_valokuituilta_3064\" data-saferedirecturl=\"https:\/\/www.google.com\/url?q=https:\/\/www.lyyti.in\/Nokian_maaseutuhelmethankkeen_valokuituilta_3064&amp;source=gmail&amp;ust=1691767742900000&amp;usg=AOvVaw3IBcUAO9F79ZuV30rFFzBo\">https:\/\/www.lyyti.in\/Nokian_maaseutuhelmethankkeen_valokuituilta_3064<\/a><\/p>\n<p>Tilaisuus on avoin ja se on tarkoitettu kaikille asiasta ja valokuituun liittymisest\u00e4 kiinnostuneille. Ennakkoilmoittautuminen vaaditaan, ilmoittaudu mukaan\u00a0<a href=\"https:\/\/www.lyyti.in\/Nokian_maaseutuhelmethankkeen_valokuituilta_3064\">lomakkeen kautta.<\/a><\/p>\n<p>Tilaisuuden j\u00e4rjest\u00e4\u00e4 Nokian\u00a0<a href=\"https:\/\/www.nokiankaupunki.fi\/tyo-ja-yrittajyys\/maaseutupalvelut\/nokian-maaseutuhelmet-hanke\/#1be080c6\">Maaseutuhelmet-hanke<\/a>.<\/p>\n<p>&nbsp;<\/p>\n<p>Yhteisty\u00f6terveisin Olli Sorva<\/p>\n","protected":false},"excerpt":{"rendered":"<p>Kyl\u00e4kirje 10-8-2023 &nbsp; 26.8 Tervetuloa Nokian maalaismarkkinoille Nokian keskustassa, Poutunpuistossa j\u00e4rjestet\u00e4\u00e4n koko perheen maalaismarkkinat lauantaina 26.8. klo 10\u201314. Paikka: Poutunpuisto, Osoite: Tuuliharjunkatu, 37100 Nokia Aika:\u00a0lauantaina 26.8. klo 10\u201314. Markkinoiden tavoitteena on esitell\u00e4 Nokialla toimivat alkutuottajat, k\u00e4sity\u00f6l\u00e4iset, kuin erikoistuotteiden myyj\u00e4t. Markkinoilla halutaan tuoda esiin maistuvat l\u00e4hiruokaherkut ja -tuotteet, jotka kuuluvat perinteisille markkinoille, sek\u00e4 l\u00f6yt\u00e4\u00e4 paikallisia koti- &hellip; <a href=\"https:\/\/www.nokiankylat.fi\/taivalkunta\/yhdistykset\/taivalkunnan-kylat-ry\/kylayhdistyksen-arkisto\/kylakirjeet\/kylakirjeet-2023\/kylakirje-10-8-2023\/\">Jatkuu<\/a><\/p>\n","protected":false},"author":4,"featured_media":0,"parent":4395,"menu_order":0,"comment_status":"closed","ping_status":"closed","template":"","meta":{"_acf_changed":false,"footnotes":""},"class_list":["post-4478","page","type-page","status-publish","hentry"],"acf":[],"_links":{"self":[{"href":"https:\/\/www.nokiankylat.fi\/taivalkunta\/wp-json\/wp\/v2\/pages\/4478","targetHints":{"allow":["GET"]}}],"collection":[{"href":"https:\/\/www.nokiankylat.fi\/taivalkunta\/wp-json\/wp\/v2\/pages"}],"about":[{"href":"https:\/\/www.nokiankylat.fi\/taivalkunta\/wp-json\/wp\/v2\/types\/page"}],"author":[{"embeddable":true,"href":"https:\/\/www.nokiankylat.fi\/taivalkunta\/wp-json\/wp\/v2\/users\/4"}],"replies":[{"embeddable":true,"href":"https:\/\/www.nokiankylat.fi\/taivalkunta\/wp-json\/wp\/v2\/comments?post=4478"}],"version-history":[{"count":1,"href":"https:\/\/www.nokiankylat.fi\/taivalkunta\/wp-json\/wp\/v2\/pages\/4478\/revisions"}],"predecessor-version":[{"id":4479,"href":"https:\/\/www.nokiankylat.fi\/taivalkunta\/wp-json\/wp\/v2\/pages\/4478\/revisions\/4479"}],"up":[{"embeddable":true,"href":"https:\/\/www.nokiankylat.fi\/taivalkunta\/wp-json\/wp\/v2\/pages\/4395"}],"wp:attachment":[{"href":"https:\/\/www.nokiankylat.fi\/taivalkunta\/wp-json\/wp\/v2\/media?parent=4478"}],"curies":[{"name":"wp","href":"https:\/\/api.w.org\/{rel}","templated":true}]}}