{"id":4517,"date":"2023-10-16T17:59:14","date_gmt":"2023-10-16T14:59:14","guid":{"rendered":"https:\/\/www.nokiankylat.fi\/taivalkunta\/?page_id=4517"},"modified":"2023-10-16T18:11:14","modified_gmt":"2023-10-16T15:11:14","slug":"kokouskutsu-taivalkunnan-kylat-syyskokous-2023","status":"publish","type":"page","link":"https:\/\/www.nokiankylat.fi\/taivalkunta\/yhdistykset\/taivalkunnan-kylat-ry\/kokoukset-ja-kylaillat\/syyskokous-2023\/kokouskutsu-taivalkunnan-kylat-syyskokous-2023\/","title":{"rendered":"Kokouskutsu Taivalkunnan kyl\u00e4t syyskokous 2023"},"content":{"rendered":"<p><strong>KOKOUSKUTSU<\/strong><\/p>\n<p><strong>Taivalkunnan kyl\u00e4t ry:n syyskokous pidet\u00e4\u00e4n koululla<\/strong><br \/>\n<strong>ke 25.10.2023 klo 18.30.<\/strong> Taivalkunnan koulun <strong>oppilaiden<\/strong><br \/>\n<strong>j\u00e4rjest\u00e4m\u00e4 kahvitarjoilu klo 18.00 alkaen. Kahvissa pieni<\/strong><br \/>\n<strong>maks<\/strong>u, tuotto Taivalkunnan koulun oppilaille.<br \/>\n2.krs luokkahuone, Taivalkunnantie 575, 37120 Nokia<\/p>\n<p>Esityslista<br \/>\n1. Kahvitarjoilu ja kokouksen avaaminen<br \/>\n2. Kokouksen j\u00e4rjest\u00e4ytyminen<br \/>\n3. Laillisuuden ja p\u00e4\u00e4t\u00f6svaltaisuuden toteaminen<br \/>\n4. Ty\u00f6j\u00e4rjestyksest\u00e4 p\u00e4\u00e4tt\u00e4minen<br \/>\n5. Toimintasuunnitelman ja talousarvion vahvistaminen seuraavalle<br \/>\nvuodelle sek\u00e4 j\u00e4senmaksun suuruus<br \/>\n6. Puheenjohtajan valinta vuodelle 2024<br \/>\n7. Hallituksen j\u00e4senten valinta<br \/>\n8. Toiminnantarkastajan ja varatoiminnantarkastajan valinta<br \/>\n9. Muut esille tulevat asiat<br \/>\n10. Kokouksen p\u00e4\u00e4tt\u00e4minen<\/p>\n<p>Kyl\u00e4yhdistys pit\u00e4\u00e4 <strong>joululauluillan koululla ti 19.12. klo 18.00.<\/strong> Perinteiseen tapaan<br \/>\nlaulamme joululauluja Tomin johdolla. Tarjolla riisipuuroa ja gl\u00f6gi\u00e4. Juhlaan<br \/>\ntoivotamme kaikki nykyiset ja entiset kyl\u00e4l\u00e4iset sek\u00e4 muut joululauluista<br \/>\nkiinnostuneet tervetulleiksi. Joululauluja ennen klo <strong>17.30-18.00 Taivalkunnan<\/strong><br \/>\n<strong>koulun oppilaiden j\u00e4rjest\u00e4m\u00e4t myyj\u00e4iset koulun pihassa<\/strong>. Tervetuloa!<\/p>\n<p>Kyl\u00e4asioista tiedotetaan meill\u00e4 olevan s\u00e4hk\u00f6postilistan mukaisesti. Jos sinulla on<br \/>\ns\u00e4hk\u00f6posti k\u00e4yt\u00f6ss\u00e4si, etk\u00e4 saa sinne kyl\u00e4kirjeit\u00e4, niin postituslistalle voit<br \/>\nliitty\u00e4 toimittamalla yhteystietosi Olli Sorvalle olli.sorva@nokiansahkotalo.fi.<\/p>\n<p>Tervetuloa syyskokoukseen!<br \/>\nTaivalkunnan kyl\u00e4t ry hallitus<\/p>\n","protected":false},"excerpt":{"rendered":"<p>KOKOUSKUTSU Taivalkunnan kyl\u00e4t ry:n syyskokous pidet\u00e4\u00e4n koululla ke 25.10.2023 klo 18.30. Taivalkunnan koulun oppilaiden j\u00e4rjest\u00e4m\u00e4 kahvitarjoilu klo 18.00 alkaen. Kahvissa pieni maksu, tuotto Taivalkunnan koulun oppilaille. 2.krs luokkahuone, Taivalkunnantie 575, 37120 Nokia Esityslista 1. Kahvitarjoilu ja kokouksen avaaminen 2. Kokouksen j\u00e4rjest\u00e4ytyminen 3. Laillisuuden ja p\u00e4\u00e4t\u00f6svaltaisuuden toteaminen 4. Ty\u00f6j\u00e4rjestyksest\u00e4 p\u00e4\u00e4tt\u00e4minen 5. Toimintasuunnitelman ja talousarvion vahvistaminen seuraavalle &hellip; <a href=\"https:\/\/www.nokiankylat.fi\/taivalkunta\/yhdistykset\/taivalkunnan-kylat-ry\/kokoukset-ja-kylaillat\/syyskokous-2023\/kokouskutsu-taivalkunnan-kylat-syyskokous-2023\/\">Jatkuu<\/a><\/p>\n","protected":false},"author":4,"featured_media":0,"parent":4522,"menu_order":0,"comment_status":"closed","ping_status":"closed","template":"","meta":{"_acf_changed":false,"footnotes":""},"class_list":["post-4517","page","type-page","status-publish","hentry"],"acf":[],"_links":{"self":[{"href":"https:\/\/www.nokiankylat.fi\/taivalkunta\/wp-json\/wp\/v2\/pages\/4517","targetHints":{"allow":["GET"]}}],"collection":[{"href":"https:\/\/www.nokiankylat.fi\/taivalkunta\/wp-json\/wp\/v2\/pages"}],"about":[{"href":"https:\/\/www.nokiankylat.fi\/taivalkunta\/wp-json\/wp\/v2\/types\/page"}],"author":[{"embeddable":true,"href":"https:\/\/www.nokiankylat.fi\/taivalkunta\/wp-json\/wp\/v2\/users\/4"}],"replies":[{"embeddable":true,"href":"https:\/\/www.nokiankylat.fi\/taivalkunta\/wp-json\/wp\/v2\/comments?post=4517"}],"version-history":[{"count":2,"href":"https:\/\/www.nokiankylat.fi\/taivalkunta\/wp-json\/wp\/v2\/pages\/4517\/revisions"}],"predecessor-version":[{"id":4519,"href":"https:\/\/www.nokiankylat.fi\/taivalkunta\/wp-json\/wp\/v2\/pages\/4517\/revisions\/4519"}],"up":[{"embeddable":true,"href":"https:\/\/www.nokiankylat.fi\/taivalkunta\/wp-json\/wp\/v2\/pages\/4522"}],"wp:attachment":[{"href":"https:\/\/www.nokiankylat.fi\/taivalkunta\/wp-json\/wp\/v2\/media?parent=4517"}],"curies":[{"name":"wp","href":"https:\/\/api.w.org\/{rel}","templated":true}]}}