{"id":4578,"date":"2024-01-14T15:46:46","date_gmt":"2024-01-14T13:46:46","guid":{"rendered":"https:\/\/www.nokiankylat.fi\/taivalkunta\/?page_id=4578"},"modified":"2024-01-14T15:54:15","modified_gmt":"2024-01-14T13:54:15","slug":"kylakirje-15-1-2024","status":"publish","type":"page","link":"https:\/\/www.nokiankylat.fi\/taivalkunta\/yhdistykset\/taivalkunnan-kylat-ry\/kylayhdistyksen-arkisto\/kylakirjeet\/kylakirjeet-2024\/kylakirje-15-1-2024\/","title":{"rendered":"Kyl\u00e4kirje 15-1-2024"},"content":{"rendered":"<p><strong>Kyl\u00e4kirje 15-1-2024<\/strong><\/p>\n<p><strong>\u00a0<\/strong><\/p>\n<p><strong>Kyl\u00e4turvallisuuden kehitt\u00e4mistilaisuus<\/strong> Nokian maaseudun toimijoille on keskiviikkona 7.2.2024 Nokian Pancho Villassa alkaen kello 18.00. Tilaisuus aloitetaan kahvitarjoilulla, ja tilaisuuden kesto on noin 1,5 tuntia.<\/p>\n<p>Aiheenamme on kyl\u00e4turvallisuuden kehitt\u00e4minen. Tavoitteena on kartoittaa kylien yhteiset tilat, kyl\u00e4turvallisuuden n\u00e4k\u00f6kulmasta. Toiveena on synnytt\u00e4\u00e4 tiivis turvallisuusverkosto kyl\u00e4turvallisuuden edist\u00e4miseen yhteisty\u00f6ss\u00e4 viranomaisten, kuntien ja muiden j\u00e4rjest\u00f6jen kanssa.<\/p>\n<p><strong>Tilaisuuteen ovat tervetulleita kaikki maaseudun vakituiset- ja kes\u00e4asukkaat, kyl\u00e4- ja asukastoimijat sek\u00e4 muut yhdistystoimijat Nokian maaseutualueilla.\u00a0<\/strong><\/p>\n<p>Tilaisuuden puhujana toimii Nokian Kaupungin erityisasiantuntija Terttu Haataja. Tilaisuudessa avataan seuraavia teemoja keskustelumuotoisesti illan mittaan.<\/p>\n<ol>\n<li>kaupungin valmiusorganisaatio<\/li>\n<li>valmiusharjoitukset kunnan alueella<\/li>\n<li>viestint\u00e4 kriisi-ja h\u00e4iri\u00f6tilanteissa, mihin tietoon voi luottaa<\/li>\n<li>tarpeet yhteisty\u00f6lle puolin ja toisin<\/li>\n<\/ol>\n<p>Tarjolla on kahvi\/tee, sek\u00e4 suolainen tarjottava. Tilaisuuteen <strong>ilmoittautumiset alla olevan linkin kautta<\/strong>.<\/p>\n<p><a href=\"https:\/\/www.lyyti.in\/Paikallinen_yhteistyo_arjen_turvana_9013\">https:\/\/www.lyyti.in\/Paikallinen_yhteistyo_arjen_turvana_9013<\/a><\/p>\n<p><strong>\u00a0<\/strong><\/p>\n<p><strong>Tiedoksenne<\/strong>, ett\u00e4 mielest\u00e4ni on monia asioita, miss\u00e4 kriisin tai vakavan h\u00e4iri\u00f6n aikana voimme tukea toisiamme ja t\u00e4rke\u00e4\u00e4 on luontevat suhteet kylien, yhdyshenkil\u00f6iden ja kaupungin viranhaltijoiden kesken.\u00a0Laitan t\u00e4h\u00e4n kaupungin yhteyshenkil\u00f6iden tietoja toimenkuvineen.<\/p>\n<p>&nbsp;<\/p>\n<p><strong>Valmiushenkil\u00f6<\/strong><\/p>\n<p>-yll\u00e4pit\u00e4\u00e4 ja uudistaa valmiussuunnitelman yleist\u00e4 osaa vuosittain<\/p>\n<p>-yll\u00e4pit\u00e4\u00e4 ja kehitt\u00e4\u00e4 seudullisia uhkatilakortteja (uhkakuvia 10-15 kpl) yhdess\u00e4 palvelualueiden kanssa<\/p>\n<p>-osallistuu seudullisiin valmiussuunnittelun ty\u00f6ryhmiin<\/p>\n<p>-toimii valmiusjohtoryhm\u00e4n sihteerin\u00e4 ja kokousj\u00e4rjestelij\u00e4n\u00e4<\/p>\n<p>-toimii v\u00e4est\u00f6nsuojelun yhdyshenkil\u00f6n\u00e4<\/p>\n<p>-toimii hyvinvointialueen varautumisen yhdyshenkil\u00f6n\u00e4 Nokian kaupungin edustajana<\/p>\n<p>1.valmiushenkil\u00f6 Lauri V\u00e4h\u00e4talo 358407799233<\/p>\n<p>1.vara Antti Salo 358401320325<\/p>\n<p>2.vara Terttu Haataja 358407799007<\/p>\n<p><strong>\u00a0<\/strong><\/p>\n<p><strong>Jatkuvuudenhallintahenkil\u00f6<\/strong><\/p>\n<p>&#8211; yll\u00e4pit\u00e4\u00e4 ja uudistaa jatkuvuudenhallinnan yleist\u00e4 osaa vuosittain<\/p>\n<p>-yll\u00e4pit\u00e4\u00e4 ja kehitt\u00e4\u00e4 jatkuvuudenhallintakortteja (n.60 kpl) yhdess\u00e4 palvelualueiden kanssa<\/p>\n<p>-osallistuu jatkuvuudenhallintaan liittyviin seudullisiin verkostoihin<\/p>\n<p>1.jatkuvuudenhallintahenkil\u00f6 Terttu Haataja<\/p>\n<p>1.vara jatkuvuudenhallintahenkil\u00f6 Antti Salo<\/p>\n<p>2.vara jatkuvuudenhallintahenkil\u00f6 Lauri V\u00e4h\u00e4talo<\/p>\n<p>&nbsp;<\/p>\n<p>Yhteisty\u00f6terveisin Olli Sorva<\/p>\n","protected":false},"excerpt":{"rendered":"<p>Kyl\u00e4kirje 15-1-2024 \u00a0 Kyl\u00e4turvallisuuden kehitt\u00e4mistilaisuus Nokian maaseudun toimijoille on keskiviikkona 7.2.2024 Nokian Pancho Villassa alkaen kello 18.00. Tilaisuus aloitetaan kahvitarjoilulla, ja tilaisuuden kesto on noin 1,5 tuntia. Aiheenamme on kyl\u00e4turvallisuuden kehitt\u00e4minen. Tavoitteena on kartoittaa kylien yhteiset tilat, kyl\u00e4turvallisuuden n\u00e4k\u00f6kulmasta. Toiveena on synnytt\u00e4\u00e4 tiivis turvallisuusverkosto kyl\u00e4turvallisuuden edist\u00e4miseen yhteisty\u00f6ss\u00e4 viranomaisten, kuntien ja muiden j\u00e4rjest\u00f6jen kanssa. Tilaisuuteen ovat &hellip; <a href=\"https:\/\/www.nokiankylat.fi\/taivalkunta\/yhdistykset\/taivalkunnan-kylat-ry\/kylayhdistyksen-arkisto\/kylakirjeet\/kylakirjeet-2024\/kylakirje-15-1-2024\/\">Jatkuu<\/a><\/p>\n","protected":false},"author":4,"featured_media":0,"parent":4570,"menu_order":0,"comment_status":"closed","ping_status":"closed","template":"","meta":{"_acf_changed":false,"footnotes":""},"class_list":["post-4578","page","type-page","status-publish","hentry"],"acf":[],"_links":{"self":[{"href":"https:\/\/www.nokiankylat.fi\/taivalkunta\/wp-json\/wp\/v2\/pages\/4578","targetHints":{"allow":["GET"]}}],"collection":[{"href":"https:\/\/www.nokiankylat.fi\/taivalkunta\/wp-json\/wp\/v2\/pages"}],"about":[{"href":"https:\/\/www.nokiankylat.fi\/taivalkunta\/wp-json\/wp\/v2\/types\/page"}],"author":[{"embeddable":true,"href":"https:\/\/www.nokiankylat.fi\/taivalkunta\/wp-json\/wp\/v2\/users\/4"}],"replies":[{"embeddable":true,"href":"https:\/\/www.nokiankylat.fi\/taivalkunta\/wp-json\/wp\/v2\/comments?post=4578"}],"version-history":[{"count":2,"href":"https:\/\/www.nokiankylat.fi\/taivalkunta\/wp-json\/wp\/v2\/pages\/4578\/revisions"}],"predecessor-version":[{"id":4582,"href":"https:\/\/www.nokiankylat.fi\/taivalkunta\/wp-json\/wp\/v2\/pages\/4578\/revisions\/4582"}],"up":[{"embeddable":true,"href":"https:\/\/www.nokiankylat.fi\/taivalkunta\/wp-json\/wp\/v2\/pages\/4570"}],"wp:attachment":[{"href":"https:\/\/www.nokiankylat.fi\/taivalkunta\/wp-json\/wp\/v2\/media?parent=4578"}],"curies":[{"name":"wp","href":"https:\/\/api.w.org\/{rel}","templated":true}]}}