{"id":4610,"date":"2024-02-04T15:38:03","date_gmt":"2024-02-04T13:38:03","guid":{"rendered":"https:\/\/www.nokiankylat.fi\/taivalkunta\/?page_id=4610"},"modified":"2024-02-04T16:05:12","modified_gmt":"2024-02-04T14:05:12","slug":"kylakirje-5-2-2024","status":"publish","type":"page","link":"https:\/\/www.nokiankylat.fi\/taivalkunta\/yhdistykset\/taivalkunnan-kylat-ry\/kylayhdistyksen-arkisto\/kylakirjeet\/kylakirjeet-2024\/kylakirje-5-2-2024\/","title":{"rendered":"Kyl\u00e4kirje 5-2-2024"},"content":{"rendered":"<p>Taivalkunnan kyl\u00e4t ry kutsuu kaikki kyl\u00e4l\u00e4iset talvitapahtumaan su 18.2.2024 kello 14.00 Jutkulan m\u00e4keen. Kutsu l\u00f6ytyy my\u00f6s PDF-tiedostona t\u00e4\u00e4lt\u00e4 <a href=\"https:\/\/www.nokiankylat.fi\/taivalkunta\/wp-content\/uploads\/sites\/11\/2024\/02\/KUTSU-TALVITAPAHTUMAAN.pdf\">KUTSU TALVITAPAHTUMAAN\u00a0<\/a><\/p>\n<p><a href=\"https:\/\/www.nokiankylat.fi\/taivalkunta\/wp-content\/uploads\/sites\/11\/2024\/02\/KUTSU-TALVITAPAHTUMAAN.jpg\"><img loading=\"lazy\" decoding=\"async\" class=\"alignnone size-medium wp-image-4615\" src=\"https:\/\/www.nokiankylat.fi\/taivalkunta\/wp-content\/uploads\/sites\/11\/2024\/02\/KUTSU-TALVITAPAHTUMAAN-208x300.jpg\" alt=\"\" width=\"208\" height=\"300\" srcset=\"https:\/\/www.nokiankylat.fi\/taivalkunta\/wp-content\/uploads\/sites\/11\/2024\/02\/KUTSU-TALVITAPAHTUMAAN-208x300.jpg 208w, https:\/\/www.nokiankylat.fi\/taivalkunta\/wp-content\/uploads\/sites\/11\/2024\/02\/KUTSU-TALVITAPAHTUMAAN-709x1024.jpg 709w, https:\/\/www.nokiankylat.fi\/taivalkunta\/wp-content\/uploads\/sites\/11\/2024\/02\/KUTSU-TALVITAPAHTUMAAN-768x1109.jpg 768w, https:\/\/www.nokiankylat.fi\/taivalkunta\/wp-content\/uploads\/sites\/11\/2024\/02\/KUTSU-TALVITAPAHTUMAAN-1064x1536.jpg 1064w, https:\/\/www.nokiankylat.fi\/taivalkunta\/wp-content\/uploads\/sites\/11\/2024\/02\/KUTSU-TALVITAPAHTUMAAN.jpg 1125w\" sizes=\"auto, (max-width: 208px) 100vw, 208px\" \/><\/a><\/p>\n","protected":false},"excerpt":{"rendered":"<p>Taivalkunnan kyl\u00e4t ry kutsuu kaikki kyl\u00e4l\u00e4iset talvitapahtumaan su 18.2.2024 kello 14.00 Jutkulan m\u00e4keen. Kutsu l\u00f6ytyy my\u00f6s PDF-tiedostona t\u00e4\u00e4lt\u00e4 KUTSU TALVITAPAHTUMAAN\u00a0<\/p>\n","protected":false},"author":4,"featured_media":0,"parent":4570,"menu_order":0,"comment_status":"closed","ping_status":"closed","template":"","meta":{"_acf_changed":false,"footnotes":""},"class_list":["post-4610","page","type-page","status-publish","hentry"],"acf":[],"_links":{"self":[{"href":"https:\/\/www.nokiankylat.fi\/taivalkunta\/wp-json\/wp\/v2\/pages\/4610","targetHints":{"allow":["GET"]}}],"collection":[{"href":"https:\/\/www.nokiankylat.fi\/taivalkunta\/wp-json\/wp\/v2\/pages"}],"about":[{"href":"https:\/\/www.nokiankylat.fi\/taivalkunta\/wp-json\/wp\/v2\/types\/page"}],"author":[{"embeddable":true,"href":"https:\/\/www.nokiankylat.fi\/taivalkunta\/wp-json\/wp\/v2\/users\/4"}],"replies":[{"embeddable":true,"href":"https:\/\/www.nokiankylat.fi\/taivalkunta\/wp-json\/wp\/v2\/comments?post=4610"}],"version-history":[{"count":3,"href":"https:\/\/www.nokiankylat.fi\/taivalkunta\/wp-json\/wp\/v2\/pages\/4610\/revisions"}],"predecessor-version":[{"id":4616,"href":"https:\/\/www.nokiankylat.fi\/taivalkunta\/wp-json\/wp\/v2\/pages\/4610\/revisions\/4616"}],"up":[{"embeddable":true,"href":"https:\/\/www.nokiankylat.fi\/taivalkunta\/wp-json\/wp\/v2\/pages\/4570"}],"wp:attachment":[{"href":"https:\/\/www.nokiankylat.fi\/taivalkunta\/wp-json\/wp\/v2\/media?parent=4610"}],"curies":[{"name":"wp","href":"https:\/\/api.w.org\/{rel}","templated":true}]}}