{"id":4634,"date":"2024-03-14T08:55:01","date_gmt":"2024-03-14T06:55:01","guid":{"rendered":"https:\/\/www.nokiankylat.fi\/taivalkunta\/?page_id=4634"},"modified":"2024-03-14T08:59:36","modified_gmt":"2024-03-14T06:59:36","slug":"kylakirje-14-3-2024","status":"publish","type":"page","link":"https:\/\/www.nokiankylat.fi\/taivalkunta\/yhdistykset\/taivalkunnan-kylat-ry\/kylayhdistyksen-arkisto\/kylakirjeet\/kylakirjeet-2024\/kylakirje-14-3-2024\/","title":{"rendered":"Kyl\u00e4kirje 14-3-2024"},"content":{"rendered":"<p>Kyl\u00e4yhdistyksen kev\u00e4tkokous pidet\u00e4\u00e4n 21.3. kello 18.30 kyl\u00e4n koululla. Kutsu aukeaa PDF-tiedostona t\u00e4\u00e4lt\u00e4 <a href=\"https:\/\/www.nokiankylat.fi\/taivalkunta\/wp-content\/uploads\/sites\/11\/2024\/03\/KUTSU-KEVATKOKOUKSEEN-kylat-ry.pdf\">KUTSU KEVA\u0308TKOKOUKSEEN kyla\u0308t ry.<\/a><\/p>\n<p>Kokouksessa k\u00e4sitell\u00e4\u00e4n s\u00e4\u00e4nt\u00f6m\u00e4\u00e4r\u00e4iset asiat sek\u00e4 mahdollisesti muut esille tulevat asiat.<br \/>\nTaivalkunnan alakoulun oppilaat myyv\u00e4t ennen kokousta kahvia ja kastettavaa kello 18 alkaen.<br \/>\nOlet perheinesi l\u00e4mpim\u00e4sti tervetullut kokoukseen.<\/p>\n<p><strong>Taivalkunnan Kyl\u00e4t ry \/ hallitus<\/strong><\/p>\n<p>Taivalkunnan kyl\u00e4n kev\u00e4tkarkelot pidet\u00e4\u00e4n Taivalkunnan koululla to 23.5. klo 17.30 alkaen. Luvassa<span style=\"font-family: inherit;font-size: 0.875rem\">\u00a0on letun ja makkaran paistoa, arpajaisia sek\u00e4 mukavia erilaisia pihakisailuja.<\/span><\/p>\n","protected":false},"excerpt":{"rendered":"<p>Kyl\u00e4yhdistyksen kev\u00e4tkokous pidet\u00e4\u00e4n 21.3. kello 18.30 kyl\u00e4n koululla. Kutsu aukeaa PDF-tiedostona t\u00e4\u00e4lt\u00e4 KUTSU KEVA\u0308TKOKOUKSEEN kyla\u0308t ry. Kokouksessa k\u00e4sitell\u00e4\u00e4n s\u00e4\u00e4nt\u00f6m\u00e4\u00e4r\u00e4iset asiat sek\u00e4 mahdollisesti muut esille tulevat asiat. Taivalkunnan alakoulun oppilaat myyv\u00e4t ennen kokousta kahvia ja kastettavaa kello 18 alkaen. Olet perheinesi l\u00e4mpim\u00e4sti tervetullut kokoukseen. Taivalkunnan Kyl\u00e4t ry \/ hallitus Taivalkunnan kyl\u00e4n kev\u00e4tkarkelot pidet\u00e4\u00e4n Taivalkunnan koululla to &hellip; <a href=\"https:\/\/www.nokiankylat.fi\/taivalkunta\/yhdistykset\/taivalkunnan-kylat-ry\/kylayhdistyksen-arkisto\/kylakirjeet\/kylakirjeet-2024\/kylakirje-14-3-2024\/\">Jatkuu<\/a><\/p>\n","protected":false},"author":4,"featured_media":0,"parent":4570,"menu_order":0,"comment_status":"closed","ping_status":"closed","template":"","meta":{"_acf_changed":false,"footnotes":""},"class_list":["post-4634","page","type-page","status-publish","hentry"],"acf":[],"_links":{"self":[{"href":"https:\/\/www.nokiankylat.fi\/taivalkunta\/wp-json\/wp\/v2\/pages\/4634","targetHints":{"allow":["GET"]}}],"collection":[{"href":"https:\/\/www.nokiankylat.fi\/taivalkunta\/wp-json\/wp\/v2\/pages"}],"about":[{"href":"https:\/\/www.nokiankylat.fi\/taivalkunta\/wp-json\/wp\/v2\/types\/page"}],"author":[{"embeddable":true,"href":"https:\/\/www.nokiankylat.fi\/taivalkunta\/wp-json\/wp\/v2\/users\/4"}],"replies":[{"embeddable":true,"href":"https:\/\/www.nokiankylat.fi\/taivalkunta\/wp-json\/wp\/v2\/comments?post=4634"}],"version-history":[{"count":1,"href":"https:\/\/www.nokiankylat.fi\/taivalkunta\/wp-json\/wp\/v2\/pages\/4634\/revisions"}],"predecessor-version":[{"id":4636,"href":"https:\/\/www.nokiankylat.fi\/taivalkunta\/wp-json\/wp\/v2\/pages\/4634\/revisions\/4636"}],"up":[{"embeddable":true,"href":"https:\/\/www.nokiankylat.fi\/taivalkunta\/wp-json\/wp\/v2\/pages\/4570"}],"wp:attachment":[{"href":"https:\/\/www.nokiankylat.fi\/taivalkunta\/wp-json\/wp\/v2\/media?parent=4634"}],"curies":[{"name":"wp","href":"https:\/\/api.w.org\/{rel}","templated":true}]}}