{"id":4638,"date":"2024-03-14T09:02:27","date_gmt":"2024-03-14T07:02:27","guid":{"rendered":"https:\/\/www.nokiankylat.fi\/taivalkunta\/?page_id=4638"},"modified":"2024-03-14T09:03:40","modified_gmt":"2024-03-14T07:03:40","slug":"hallitus-2023","status":"publish","type":"page","link":"https:\/\/www.nokiankylat.fi\/taivalkunta\/yhdistykset\/taivalkunnan-kylat-ry\/kylayhdistyksen-arkisto\/hallitus-2023\/","title":{"rendered":"Hallitus 2023"},"content":{"rendered":"<h3>Puheenjohtaja: Erkko M\u00e4enp\u00e4\u00e4<\/h3>\n<h3>Varapuheenjohtaja: Tomi Teuho-Markkola<\/h3>\n<h3>Sihteeri: Minna M\u00e4kinen<\/h3>\n<h3>Rahastonhoitaja: Marjo Salmij\u00e4rvi<\/h3>\n<h3>Muu hallitus: , Elina Helenius, Teemu Lehtim\u00e4ki, Petra P\u00f6l\u00f6nen, Anja Mattila ja Emilia Vuorinen<\/h3>\n","protected":false},"excerpt":{"rendered":"<p>Puheenjohtaja: Erkko M\u00e4enp\u00e4\u00e4 Varapuheenjohtaja: Tomi Teuho-Markkola Sihteeri: Minna M\u00e4kinen Rahastonhoitaja: Marjo Salmij\u00e4rvi Muu hallitus: , Elina Helenius, Teemu Lehtim\u00e4ki, Petra P\u00f6l\u00f6nen, Anja Mattila ja Emilia Vuorinen<\/p>\n","protected":false},"author":4,"featured_media":0,"parent":186,"menu_order":0,"comment_status":"closed","ping_status":"closed","template":"","meta":{"_acf_changed":false,"footnotes":""},"class_list":["post-4638","page","type-page","status-publish","hentry"],"acf":[],"_links":{"self":[{"href":"https:\/\/www.nokiankylat.fi\/taivalkunta\/wp-json\/wp\/v2\/pages\/4638","targetHints":{"allow":["GET"]}}],"collection":[{"href":"https:\/\/www.nokiankylat.fi\/taivalkunta\/wp-json\/wp\/v2\/pages"}],"about":[{"href":"https:\/\/www.nokiankylat.fi\/taivalkunta\/wp-json\/wp\/v2\/types\/page"}],"author":[{"embeddable":true,"href":"https:\/\/www.nokiankylat.fi\/taivalkunta\/wp-json\/wp\/v2\/users\/4"}],"replies":[{"embeddable":true,"href":"https:\/\/www.nokiankylat.fi\/taivalkunta\/wp-json\/wp\/v2\/comments?post=4638"}],"version-history":[{"count":1,"href":"https:\/\/www.nokiankylat.fi\/taivalkunta\/wp-json\/wp\/v2\/pages\/4638\/revisions"}],"predecessor-version":[{"id":4639,"href":"https:\/\/www.nokiankylat.fi\/taivalkunta\/wp-json\/wp\/v2\/pages\/4638\/revisions\/4639"}],"up":[{"embeddable":true,"href":"https:\/\/www.nokiankylat.fi\/taivalkunta\/wp-json\/wp\/v2\/pages\/186"}],"wp:attachment":[{"href":"https:\/\/www.nokiankylat.fi\/taivalkunta\/wp-json\/wp\/v2\/media?parent=4638"}],"curies":[{"name":"wp","href":"https:\/\/api.w.org\/{rel}","templated":true}]}}